{"id":908,"date":"2013-03-05T17:31:25","date_gmt":"2013-03-05T16:31:25","guid":{"rendered":"http:\/\/www.lavalledimenticata.it\/die-farm\/la-piscina\/"},"modified":"2018-07-17T00:52:34","modified_gmt":"2018-07-16T22:52:34","slug":"das-schwimmbad","status":"publish","type":"page","link":"https:\/\/www.lavalledimenticata.it\/de\/das-bauernhaus\/das-schwimmbad\/","title":{"rendered":"Das Schwimmbad"},"content":{"rendered":"<p>Das Herz des Grundst\u00fccks ist von einem\u00a0gro\u00dfen ausgeleuchteten Garten umgeben.\u00a0Dank der vielen Balkont\u00fcren k\u00f6nnen Sie ganz einfach von allen Zimmern im Erdgeschoss gelangen.<\/p>\n<p>Mit Blick auf das Tal befindet sich ein Schwimmbad nicht weit\u00a0entfernt von dem Haus.<\/p>\n<p>Auf dieser gro\u00dfen Terrasse k\u00f6nne sich die G\u00e4ste entspannen und in dem beheizten Wasser, auch in der Vor-und Nachsaison, eintauchen.<\/p>\n<p>Die mit r\u00f6mischer Treppe klassische rechteckige Form des Schwimmbads l\u00e4sst sich 5x10mt messen und ist 140 cm tief.<\/p>\n<p>&nbsp;<\/p>\n<p>&nbsp;<\/p>\n","protected":false},"excerpt":{"rendered":"<p>Das Herz des Grundst\u00fccks ist von einem\u00a0gro\u00dfen ausgeleuchteten Garten umgeben.\u00a0Dank der vielen Balkont\u00fcren k\u00f6nnen Sie ganz einfach von allen Zimmern im Erdgeschoss gelangen. Mit Blick auf das Tal befindet sich ein Schwimmbad nicht weit\u00a0entfernt von dem Haus. Auf dieser gro\u00dfen Terrasse k\u00f6nne sich die G\u00e4ste entspannen und in dem beheizten Wasser, auch in der Vor-und [&hellip;]<\/p>\n","protected":false},"author":4,"featured_media":3148,"parent":674,"menu_order":22,"comment_status":"open","ping_status":"open","template":"page-gallery.php","meta":{"footnotes":""},"class_list":["post-908","page","type-page","status-publish","has-post-thumbnail","hentry"],"yoast_head":"<!-- This site is optimized with the Yoast SEO plugin v23.7 - https:\/\/yoast.com\/wordpress\/plugins\/seo\/ -->\n<title>Das Schwimmbad - Agriturismo nel Montefeltro, Marche<\/title>\n<meta name=\"description\" content=\"Das Schwimmbad - Agriturismo nel Montefeltro, provincia di Pesaro Urbino, nelle Marche\" \/>\n<meta name=\"robots\" content=\"index, follow, max-snippet:-1, max-image-preview:large, max-video-preview:-1\" \/>\n<link rel=\"canonical\" href=\"https:\/\/www.lavalledimenticata.it\/de\/das-bauernhaus\/das-schwimmbad\/\" \/>\n<meta property=\"og:locale\" content=\"de_DE\" \/>\n<meta property=\"og:type\" content=\"article\" \/>\n<meta property=\"og:title\" content=\"Das Schwimmbad - Agriturismo nel Montefeltro, Marche\" \/>\n<meta property=\"og:description\" content=\"Das Schwimmbad - Agriturismo nel Montefeltro, provincia di Pesaro Urbino, nelle Marche\" \/>\n<meta property=\"og:url\" content=\"https:\/\/www.lavalledimenticata.it\/de\/das-bauernhaus\/das-schwimmbad\/\" \/>\n<meta property=\"og:site_name\" content=\"Agriturismo La Valle Dimenticata\" \/>\n<meta property=\"article:modified_time\" content=\"2018-07-16T22:52:34+00:00\" \/>\n<meta property=\"og:image\" content=\"https:\/\/www.lavalledimenticata.it\/wp-content\/uploads\/2018\/07\/DSC_0205.jpg\" \/>\n\t<meta property=\"og:image:width\" content=\"1200\" \/>\n\t<meta property=\"og:image:height\" content=\"797\" \/>\n\t<meta property=\"og:image:type\" content=\"image\/jpeg\" \/>\n<script type=\"application\/ld+json\" class=\"yoast-schema-graph\">{\"@context\":\"https:\/\/schema.org\",\"@graph\":[{\"@type\":\"WebPage\",\"@id\":\"https:\/\/www.lavalledimenticata.it\/de\/das-bauernhaus\/das-schwimmbad\/\",\"url\":\"https:\/\/www.lavalledimenticata.it\/de\/das-bauernhaus\/das-schwimmbad\/\",\"name\":\"Das Schwimmbad - Agriturismo nel Montefeltro, Marche\",\"isPartOf\":{\"@id\":\"https:\/\/www.lavalledimenticata.it\/#website\"},\"primaryImageOfPage\":{\"@id\":\"https:\/\/www.lavalledimenticata.it\/de\/das-bauernhaus\/das-schwimmbad\/#primaryimage\"},\"image\":{\"@id\":\"https:\/\/www.lavalledimenticata.it\/de\/das-bauernhaus\/das-schwimmbad\/#primaryimage\"},\"thumbnailUrl\":\"https:\/\/www.lavalledimenticata.it\/wp-content\/uploads\/2018\/07\/DSC_0205.jpg\",\"datePublished\":\"2013-03-05T16:31:25+00:00\",\"dateModified\":\"2018-07-16T22:52:34+00:00\",\"description\":\"Das Schwimmbad - Agriturismo nel Montefeltro, provincia di Pesaro Urbino, nelle Marche\",\"breadcrumb\":{\"@id\":\"https:\/\/www.lavalledimenticata.it\/de\/das-bauernhaus\/das-schwimmbad\/#breadcrumb\"},\"inLanguage\":\"de\",\"potentialAction\":[{\"@type\":\"ReadAction\",\"target\":[\"https:\/\/www.lavalledimenticata.it\/de\/das-bauernhaus\/das-schwimmbad\/\"]}]},{\"@type\":\"ImageObject\",\"inLanguage\":\"de\",\"@id\":\"https:\/\/www.lavalledimenticata.it\/de\/das-bauernhaus\/das-schwimmbad\/#primaryimage\",\"url\":\"https:\/\/www.lavalledimenticata.it\/wp-content\/uploads\/2018\/07\/DSC_0205.jpg\",\"contentUrl\":\"https:\/\/www.lavalledimenticata.it\/wp-content\/uploads\/2018\/07\/DSC_0205.jpg\",\"width\":1200,\"height\":797},{\"@type\":\"BreadcrumbList\",\"@id\":\"https:\/\/www.lavalledimenticata.it\/de\/das-bauernhaus\/das-schwimmbad\/#breadcrumb\",\"itemListElement\":[{\"@type\":\"ListItem\",\"position\":1,\"name\":\"Home\",\"item\":\"https:\/\/www.lavalledimenticata.it\/\"},{\"@type\":\"ListItem\",\"position\":2,\"name\":\"Das Bauernhaus\",\"item\":\"https:\/\/www.lavalledimenticata.it\/de\/das-bauernhaus\/\"},{\"@type\":\"ListItem\",\"position\":3,\"name\":\"Das Schwimmbad\"}]},{\"@type\":\"WebSite\",\"@id\":\"https:\/\/www.lavalledimenticata.it\/#website\",\"url\":\"https:\/\/www.lavalledimenticata.it\/\",\"name\":\"Agriturismo La Valle Dimenticata\",\"description\":\"\",\"potentialAction\":[{\"@type\":\"SearchAction\",\"target\":{\"@type\":\"EntryPoint\",\"urlTemplate\":\"https:\/\/www.lavalledimenticata.it\/?s={search_term_string}\"},\"query-input\":{\"@type\":\"PropertyValueSpecification\",\"valueRequired\":true,\"valueName\":\"search_term_string\"}}],\"inLanguage\":\"de\"}]}<\/script>\n<!-- \/ Yoast SEO plugin. -->","yoast_head_json":{"title":"Das Schwimmbad - Agriturismo nel Montefeltro, Marche","description":"Das Schwimmbad - Agriturismo nel Montefeltro, provincia di Pesaro Urbino, nelle Marche","robots":{"index":"index","follow":"follow","max-snippet":"max-snippet:-1","max-image-preview":"max-image-preview:large","max-video-preview":"max-video-preview:-1"},"canonical":"https:\/\/www.lavalledimenticata.it\/de\/das-bauernhaus\/das-schwimmbad\/","og_locale":"de_DE","og_type":"article","og_title":"Das Schwimmbad - Agriturismo nel Montefeltro, Marche","og_description":"Das Schwimmbad - Agriturismo nel Montefeltro, provincia di Pesaro Urbino, nelle Marche","og_url":"https:\/\/www.lavalledimenticata.it\/de\/das-bauernhaus\/das-schwimmbad\/","og_site_name":"Agriturismo La Valle Dimenticata","article_modified_time":"2018-07-16T22:52:34+00:00","og_image":[{"width":1200,"height":797,"url":"https:\/\/www.lavalledimenticata.it\/wp-content\/uploads\/2018\/07\/DSC_0205.jpg","type":"image\/jpeg"}],"schema":{"@context":"https:\/\/schema.org","@graph":[{"@type":"WebPage","@id":"https:\/\/www.lavalledimenticata.it\/de\/das-bauernhaus\/das-schwimmbad\/","url":"https:\/\/www.lavalledimenticata.it\/de\/das-bauernhaus\/das-schwimmbad\/","name":"Das Schwimmbad - Agriturismo nel Montefeltro, Marche","isPartOf":{"@id":"https:\/\/www.lavalledimenticata.it\/#website"},"primaryImageOfPage":{"@id":"https:\/\/www.lavalledimenticata.it\/de\/das-bauernhaus\/das-schwimmbad\/#primaryimage"},"image":{"@id":"https:\/\/www.lavalledimenticata.it\/de\/das-bauernhaus\/das-schwimmbad\/#primaryimage"},"thumbnailUrl":"https:\/\/www.lavalledimenticata.it\/wp-content\/uploads\/2018\/07\/DSC_0205.jpg","datePublished":"2013-03-05T16:31:25+00:00","dateModified":"2018-07-16T22:52:34+00:00","description":"Das Schwimmbad - Agriturismo nel Montefeltro, provincia di Pesaro Urbino, nelle Marche","breadcrumb":{"@id":"https:\/\/www.lavalledimenticata.it\/de\/das-bauernhaus\/das-schwimmbad\/#breadcrumb"},"inLanguage":"de","potentialAction":[{"@type":"ReadAction","target":["https:\/\/www.lavalledimenticata.it\/de\/das-bauernhaus\/das-schwimmbad\/"]}]},{"@type":"ImageObject","inLanguage":"de","@id":"https:\/\/www.lavalledimenticata.it\/de\/das-bauernhaus\/das-schwimmbad\/#primaryimage","url":"https:\/\/www.lavalledimenticata.it\/wp-content\/uploads\/2018\/07\/DSC_0205.jpg","contentUrl":"https:\/\/www.lavalledimenticata.it\/wp-content\/uploads\/2018\/07\/DSC_0205.jpg","width":1200,"height":797},{"@type":"BreadcrumbList","@id":"https:\/\/www.lavalledimenticata.it\/de\/das-bauernhaus\/das-schwimmbad\/#breadcrumb","itemListElement":[{"@type":"ListItem","position":1,"name":"Home","item":"https:\/\/www.lavalledimenticata.it\/"},{"@type":"ListItem","position":2,"name":"Das Bauernhaus","item":"https:\/\/www.lavalledimenticata.it\/de\/das-bauernhaus\/"},{"@type":"ListItem","position":3,"name":"Das Schwimmbad"}]},{"@type":"WebSite","@id":"https:\/\/www.lavalledimenticata.it\/#website","url":"https:\/\/www.lavalledimenticata.it\/","name":"Agriturismo La Valle Dimenticata","description":"","potentialAction":[{"@type":"SearchAction","target":{"@type":"EntryPoint","urlTemplate":"https:\/\/www.lavalledimenticata.it\/?s={search_term_string}"},"query-input":{"@type":"PropertyValueSpecification","valueRequired":true,"valueName":"search_term_string"}}],"inLanguage":"de"}]}},"_links":{"self":[{"href":"https:\/\/www.lavalledimenticata.it\/de\/wp-json\/wp\/v2\/pages\/908"}],"collection":[{"href":"https:\/\/www.lavalledimenticata.it\/de\/wp-json\/wp\/v2\/pages"}],"about":[{"href":"https:\/\/www.lavalledimenticata.it\/de\/wp-json\/wp\/v2\/types\/page"}],"author":[{"embeddable":true,"href":"https:\/\/www.lavalledimenticata.it\/de\/wp-json\/wp\/v2\/users\/4"}],"replies":[{"embeddable":true,"href":"https:\/\/www.lavalledimenticata.it\/de\/wp-json\/wp\/v2\/comments?post=908"}],"version-history":[{"count":3,"href":"https:\/\/www.lavalledimenticata.it\/de\/wp-json\/wp\/v2\/pages\/908\/revisions"}],"predecessor-version":[{"id":1669,"href":"https:\/\/www.lavalledimenticata.it\/de\/wp-json\/wp\/v2\/pages\/908\/revisions\/1669"}],"up":[{"embeddable":true,"href":"https:\/\/www.lavalledimenticata.it\/de\/wp-json\/wp\/v2\/pages\/674"}],"wp:featuredmedia":[{"embeddable":true,"href":"https:\/\/www.lavalledimenticata.it\/de\/wp-json\/wp\/v2\/media\/3148"}],"wp:attachment":[{"href":"https:\/\/www.lavalledimenticata.it\/de\/wp-json\/wp\/v2\/media?parent=908"}],"curies":[{"name":"wp","href":"https:\/\/api.w.org\/{rel}","templated":true}]}}