{"id":922,"date":"2013-03-05T17:32:18","date_gmt":"2013-03-05T16:32:18","guid":{"rendered":"http:\/\/www.lavalledimenticata.it\/die-farm\/mountain-bike\/"},"modified":"2014-04-07T17:10:34","modified_gmt":"2014-04-07T15:10:34","slug":"mountainbikes","status":"publish","type":"page","link":"https:\/\/www.lavalledimenticata.it\/de\/das-bauernhaus\/mountainbikes\/","title":{"rendered":"Mountainbikes"},"content":{"rendered":"<p><img loading=\"lazy\" decoding=\"async\" class=\"alignleft size-full wp-image-51\" alt=\"Berg-Bike\" src=\"http:\/\/www.lavalledimenticata.it\/wp-content\/uploads\/2013\/03\/mountain_bike.jpg\" width=\"300\" height=\"199\" \/>Das Bauerhaus\u00a0bietet kostenlos f\u00fcr Kinder und Erwachsene Mountainbikes f\u00fcr lange und spa\u00dfige Ausfl\u00fcge. Mit diesen Fahrr\u00e4dern k\u00f6nnen Sie die wundervolle Landschaft, so geliebt\u00a0von dem\u00a0gro\u00dfen\u00a0<em>Duca Federico II da Montefeltro, <\/em>entdecken<em>. <\/em>Erlauben Sie sich die hellen H\u00fcgeln, die Eichen<em>,\u00a0<\/em>die Steinh\u00e4user und D\u00f6rfer, reich\u00a0an alten Erinnerungen, zu bewundern. Diese sch\u00f6ne Gegend spiegelt, die f\u00fcr <i>Marche <\/i>eine typische Landschaft ist, wider. Au\u00dferdem verk\u00f6rpert diese idyllische Landschaft die Inspiration der sublimen Kunst von <i>Raffael <\/i>und <i>Piero della Francesca.<\/i><\/p>\n<p>In der Tat sorgt die gesamte umliegende Landschaft f\u00fcr \u00dcberraschungen, denn diverse Tiere jedoch harmlose lassen sich h\u00e4ufig zeigen.<\/p>\n<p>&nbsp;<\/p>\n","protected":false},"excerpt":{"rendered":"<p>Das Bauerhaus\u00a0bietet kostenlos f\u00fcr Kinder und Erwachsene Mountainbikes f\u00fcr lange und spa\u00dfige Ausfl\u00fcge. Mit diesen Fahrr\u00e4dern k\u00f6nnen Sie die wundervolle Landschaft, so geliebt\u00a0von dem\u00a0gro\u00dfen\u00a0Duca Federico II da Montefeltro, entdecken. Erlauben Sie sich die hellen H\u00fcgeln, die Eichen,\u00a0die Steinh\u00e4user und D\u00f6rfer, reich\u00a0an alten Erinnerungen, zu bewundern. Diese sch\u00f6ne Gegend spiegelt, die f\u00fcr Marche eine typische Landschaft [&hellip;]<\/p>\n","protected":false},"author":4,"featured_media":0,"parent":674,"menu_order":30,"comment_status":"open","ping_status":"open","template":"page-full.php","meta":{"footnotes":""},"class_list":["post-922","page","type-page","status-publish","hentry"],"yoast_head":"<!-- This site is optimized with the Yoast SEO plugin v23.7 - https:\/\/yoast.com\/wordpress\/plugins\/seo\/ -->\n<title>Mountainbikes - Agriturismo nel Montefeltro, Marche<\/title>\n<meta name=\"description\" content=\"Mountainbikes - Agriturismo nel Montefeltro, provincia di Pesaro Urbino, nelle Marche\" \/>\n<meta name=\"robots\" content=\"index, follow, max-snippet:-1, max-image-preview:large, max-video-preview:-1\" \/>\n<link rel=\"canonical\" href=\"https:\/\/www.lavalledimenticata.it\/de\/das-bauernhaus\/mountainbikes\/\" \/>\n<meta property=\"og:locale\" content=\"de_DE\" \/>\n<meta property=\"og:type\" content=\"article\" \/>\n<meta property=\"og:title\" content=\"Mountainbikes - Agriturismo nel Montefeltro, Marche\" \/>\n<meta property=\"og:description\" content=\"Mountainbikes - Agriturismo nel Montefeltro, provincia di Pesaro Urbino, nelle Marche\" \/>\n<meta property=\"og:url\" content=\"https:\/\/www.lavalledimenticata.it\/de\/das-bauernhaus\/mountainbikes\/\" \/>\n<meta property=\"og:site_name\" content=\"Agriturismo La Valle Dimenticata\" \/>\n<meta property=\"article:modified_time\" content=\"2014-04-07T15:10:34+00:00\" \/>\n<meta property=\"og:image\" content=\"https:\/\/www.lavalledimenticata.it\/wp-content\/uploads\/2013\/03\/mountain_bike.jpg\" \/>\n\t<meta property=\"og:image:width\" content=\"300\" \/>\n\t<meta property=\"og:image:height\" content=\"199\" \/>\n\t<meta property=\"og:image:type\" content=\"image\/jpeg\" \/>\n<meta name=\"twitter:label1\" content=\"Gesch\u00e4tzte Lesezeit\" \/>\n\t<meta name=\"twitter:data1\" content=\"1\u00a0Minute\" \/>\n<script type=\"application\/ld+json\" class=\"yoast-schema-graph\">{\"@context\":\"https:\/\/schema.org\",\"@graph\":[{\"@type\":\"WebPage\",\"@id\":\"https:\/\/www.lavalledimenticata.it\/de\/das-bauernhaus\/mountainbikes\/\",\"url\":\"https:\/\/www.lavalledimenticata.it\/de\/das-bauernhaus\/mountainbikes\/\",\"name\":\"Mountainbikes - Agriturismo nel Montefeltro, Marche\",\"isPartOf\":{\"@id\":\"https:\/\/www.lavalledimenticata.it\/#website\"},\"primaryImageOfPage\":{\"@id\":\"https:\/\/www.lavalledimenticata.it\/de\/das-bauernhaus\/mountainbikes\/#primaryimage\"},\"image\":{\"@id\":\"https:\/\/www.lavalledimenticata.it\/de\/das-bauernhaus\/mountainbikes\/#primaryimage\"},\"thumbnailUrl\":\"http:\/\/www.lavalledimenticata.it\/wp-content\/uploads\/2013\/03\/mountain_bike.jpg\",\"datePublished\":\"2013-03-05T16:32:18+00:00\",\"dateModified\":\"2014-04-07T15:10:34+00:00\",\"description\":\"Mountainbikes - Agriturismo nel Montefeltro, provincia di Pesaro Urbino, nelle Marche\",\"breadcrumb\":{\"@id\":\"https:\/\/www.lavalledimenticata.it\/de\/das-bauernhaus\/mountainbikes\/#breadcrumb\"},\"inLanguage\":\"de\",\"potentialAction\":[{\"@type\":\"ReadAction\",\"target\":[\"https:\/\/www.lavalledimenticata.it\/de\/das-bauernhaus\/mountainbikes\/\"]}]},{\"@type\":\"ImageObject\",\"inLanguage\":\"de\",\"@id\":\"https:\/\/www.lavalledimenticata.it\/de\/das-bauernhaus\/mountainbikes\/#primaryimage\",\"url\":\"http:\/\/www.lavalledimenticata.it\/wp-content\/uploads\/2013\/03\/mountain_bike.jpg\",\"contentUrl\":\"http:\/\/www.lavalledimenticata.it\/wp-content\/uploads\/2013\/03\/mountain_bike.jpg\"},{\"@type\":\"BreadcrumbList\",\"@id\":\"https:\/\/www.lavalledimenticata.it\/de\/das-bauernhaus\/mountainbikes\/#breadcrumb\",\"itemListElement\":[{\"@type\":\"ListItem\",\"position\":1,\"name\":\"Home\",\"item\":\"https:\/\/www.lavalledimenticata.it\/\"},{\"@type\":\"ListItem\",\"position\":2,\"name\":\"Das Bauernhaus\",\"item\":\"https:\/\/www.lavalledimenticata.it\/de\/das-bauernhaus\/\"},{\"@type\":\"ListItem\",\"position\":3,\"name\":\"Mountainbikes\"}]},{\"@type\":\"WebSite\",\"@id\":\"https:\/\/www.lavalledimenticata.it\/#website\",\"url\":\"https:\/\/www.lavalledimenticata.it\/\",\"name\":\"Agriturismo La Valle Dimenticata\",\"description\":\"\",\"potentialAction\":[{\"@type\":\"SearchAction\",\"target\":{\"@type\":\"EntryPoint\",\"urlTemplate\":\"https:\/\/www.lavalledimenticata.it\/?s={search_term_string}\"},\"query-input\":{\"@type\":\"PropertyValueSpecification\",\"valueRequired\":true,\"valueName\":\"search_term_string\"}}],\"inLanguage\":\"de\"}]}<\/script>\n<!-- \/ Yoast SEO plugin. -->","yoast_head_json":{"title":"Mountainbikes - Agriturismo nel Montefeltro, Marche","description":"Mountainbikes - Agriturismo nel Montefeltro, provincia di Pesaro Urbino, nelle Marche","robots":{"index":"index","follow":"follow","max-snippet":"max-snippet:-1","max-image-preview":"max-image-preview:large","max-video-preview":"max-video-preview:-1"},"canonical":"https:\/\/www.lavalledimenticata.it\/de\/das-bauernhaus\/mountainbikes\/","og_locale":"de_DE","og_type":"article","og_title":"Mountainbikes - Agriturismo nel Montefeltro, Marche","og_description":"Mountainbikes - Agriturismo nel Montefeltro, provincia di Pesaro Urbino, nelle Marche","og_url":"https:\/\/www.lavalledimenticata.it\/de\/das-bauernhaus\/mountainbikes\/","og_site_name":"Agriturismo La Valle Dimenticata","article_modified_time":"2014-04-07T15:10:34+00:00","og_image":[{"width":300,"height":199,"url":"https:\/\/www.lavalledimenticata.it\/wp-content\/uploads\/2013\/03\/mountain_bike.jpg","type":"image\/jpeg"}],"twitter_misc":{"Gesch\u00e4tzte Lesezeit":"1\u00a0Minute"},"schema":{"@context":"https:\/\/schema.org","@graph":[{"@type":"WebPage","@id":"https:\/\/www.lavalledimenticata.it\/de\/das-bauernhaus\/mountainbikes\/","url":"https:\/\/www.lavalledimenticata.it\/de\/das-bauernhaus\/mountainbikes\/","name":"Mountainbikes - Agriturismo nel Montefeltro, Marche","isPartOf":{"@id":"https:\/\/www.lavalledimenticata.it\/#website"},"primaryImageOfPage":{"@id":"https:\/\/www.lavalledimenticata.it\/de\/das-bauernhaus\/mountainbikes\/#primaryimage"},"image":{"@id":"https:\/\/www.lavalledimenticata.it\/de\/das-bauernhaus\/mountainbikes\/#primaryimage"},"thumbnailUrl":"http:\/\/www.lavalledimenticata.it\/wp-content\/uploads\/2013\/03\/mountain_bike.jpg","datePublished":"2013-03-05T16:32:18+00:00","dateModified":"2014-04-07T15:10:34+00:00","description":"Mountainbikes - Agriturismo nel Montefeltro, provincia di Pesaro Urbino, nelle Marche","breadcrumb":{"@id":"https:\/\/www.lavalledimenticata.it\/de\/das-bauernhaus\/mountainbikes\/#breadcrumb"},"inLanguage":"de","potentialAction":[{"@type":"ReadAction","target":["https:\/\/www.lavalledimenticata.it\/de\/das-bauernhaus\/mountainbikes\/"]}]},{"@type":"ImageObject","inLanguage":"de","@id":"https:\/\/www.lavalledimenticata.it\/de\/das-bauernhaus\/mountainbikes\/#primaryimage","url":"http:\/\/www.lavalledimenticata.it\/wp-content\/uploads\/2013\/03\/mountain_bike.jpg","contentUrl":"http:\/\/www.lavalledimenticata.it\/wp-content\/uploads\/2013\/03\/mountain_bike.jpg"},{"@type":"BreadcrumbList","@id":"https:\/\/www.lavalledimenticata.it\/de\/das-bauernhaus\/mountainbikes\/#breadcrumb","itemListElement":[{"@type":"ListItem","position":1,"name":"Home","item":"https:\/\/www.lavalledimenticata.it\/"},{"@type":"ListItem","position":2,"name":"Das Bauernhaus","item":"https:\/\/www.lavalledimenticata.it\/de\/das-bauernhaus\/"},{"@type":"ListItem","position":3,"name":"Mountainbikes"}]},{"@type":"WebSite","@id":"https:\/\/www.lavalledimenticata.it\/#website","url":"https:\/\/www.lavalledimenticata.it\/","name":"Agriturismo La Valle Dimenticata","description":"","potentialAction":[{"@type":"SearchAction","target":{"@type":"EntryPoint","urlTemplate":"https:\/\/www.lavalledimenticata.it\/?s={search_term_string}"},"query-input":{"@type":"PropertyValueSpecification","valueRequired":true,"valueName":"search_term_string"}}],"inLanguage":"de"}]}},"_links":{"self":[{"href":"https:\/\/www.lavalledimenticata.it\/de\/wp-json\/wp\/v2\/pages\/922"}],"collection":[{"href":"https:\/\/www.lavalledimenticata.it\/de\/wp-json\/wp\/v2\/pages"}],"about":[{"href":"https:\/\/www.lavalledimenticata.it\/de\/wp-json\/wp\/v2\/types\/page"}],"author":[{"embeddable":true,"href":"https:\/\/www.lavalledimenticata.it\/de\/wp-json\/wp\/v2\/users\/4"}],"replies":[{"embeddable":true,"href":"https:\/\/www.lavalledimenticata.it\/de\/wp-json\/wp\/v2\/comments?post=922"}],"version-history":[{"count":5,"href":"https:\/\/www.lavalledimenticata.it\/de\/wp-json\/wp\/v2\/pages\/922\/revisions"}],"predecessor-version":[{"id":1671,"href":"https:\/\/www.lavalledimenticata.it\/de\/wp-json\/wp\/v2\/pages\/922\/revisions\/1671"}],"up":[{"embeddable":true,"href":"https:\/\/www.lavalledimenticata.it\/de\/wp-json\/wp\/v2\/pages\/674"}],"wp:attachment":[{"href":"https:\/\/www.lavalledimenticata.it\/de\/wp-json\/wp\/v2\/media?parent=922"}],"curies":[{"name":"wp","href":"https:\/\/api.w.org\/{rel}","templated":true}]}}