{"id":930,"date":"2013-03-05T17:32:45","date_gmt":"2013-03-05T16:32:45","guid":{"rendered":"http:\/\/www.lavalledimenticata.it\/die-farm\/percorso-naturalistico\/"},"modified":"2015-12-10T23:57:24","modified_gmt":"2015-12-10T22:57:24","slug":"spaziergange","status":"publish","type":"page","link":"https:\/\/www.lavalledimenticata.it\/de\/das-bauernhaus\/spaziergange\/","title":{"rendered":"Spazierg\u00e4nge"},"content":{"rendered":"<p>Der Spazierweg erstreckt sich \u00fcber den Umfang des\u00a0Bauernhauses f\u00fcr knapp 1 km und bietet Ihnen eine Lektion in der Botanik mit etwa\u00a0700 Obstb\u00e4umen, Zierpflanzen und Str\u00e4ucher, typisch f\u00fcr die Region <em>March<\/em>e.<\/p>\n<p>Die angenehme, ruhige und nach Lavendel duftende nat\u00fcrliche Umgebung \u00a0sorgt f\u00fcr pure Entspannung. Sie werden das Bed\u00fcrfnis daf\u00fcr haben Spazierg\u00e4nge durch den Park mit Weidenk\u00f6rben zu machen, um die sch\u00f6nsten Blumen und Beeren zu sammeln und als Souvenir des gut verbrachten und erfreulichen Urlaubs mit nach Hause zu nehmen.<\/p>\n<p><img loading=\"lazy\" decoding=\"async\" class=\"alignleft size-full wp-image-2097\" src=\"http:\/\/www.lavalledimenticata.it\/wp-content\/uploads\/2015\/11\/DSC_0182.jpg\" alt=\"DSC_0182\" width=\"4288\" height=\"2848\" srcset=\"https:\/\/www.lavalledimenticata.it\/wp-content\/uploads\/2015\/11\/DSC_0182.jpg 4288w, https:\/\/www.lavalledimenticata.it\/wp-content\/uploads\/2015\/11\/DSC_0182-300x199.jpg 300w, https:\/\/www.lavalledimenticata.it\/wp-content\/uploads\/2015\/11\/DSC_0182-1024x680.jpg 1024w, https:\/\/www.lavalledimenticata.it\/wp-content\/uploads\/2015\/11\/DSC_0182-207x136.jpg 207w, https:\/\/www.lavalledimenticata.it\/wp-content\/uploads\/2015\/11\/DSC_0182-140x94.jpg 140w\" sizes=\"(max-width: 4288px) 100vw, 4288px\" \/><\/p>\n<p>&nbsp;<\/p>\n","protected":false},"excerpt":{"rendered":"<p>Der Weg schl\u00e4ngelt sich um den Umfang der Immobilie f\u00fcr knapp 1 km und bietet eine Lektion in Botanik mit zwischen etwa 700 Obstb\u00e4ume, Zierpflanzen und Str\u00e4ucher typisch f\u00fcr die Marken.<\/p>\n<p>Es wird die nat\u00fcrliche Umgebung, angenehm und ruhig, wird der Duft von Lavendel sein&#8230;. Tatsache ist, dass an einem gewissen Punkt Sie f\u00fchlen sich entspannt, Sie gehen um in den Park, mit Weidenkorb bewaffnet, viele Blumen und Beeren zu sammeln, um die Zusammensetzungen zu machen oder mit nach Hause nehmen ein Souvenir von diesem freudigen Urlaub verbringen wollen.<\/p>\n","protected":false},"author":4,"featured_media":0,"parent":674,"menu_order":34,"comment_status":"open","ping_status":"open","template":"page-full.php","meta":{"footnotes":""},"class_list":["post-930","page","type-page","status-publish","hentry"],"yoast_head":"<!-- This site is optimized with the Yoast SEO plugin v23.7 - https:\/\/yoast.com\/wordpress\/plugins\/seo\/ -->\n<title>Spazierg\u00e4nge - Agriturismo nel Montefeltro, Marche<\/title>\n<meta name=\"description\" content=\"Spazierg\u00e4nge - Agriturismo nel Montefeltro, provincia di Pesaro Urbino, nelle Marche\" \/>\n<meta name=\"robots\" content=\"index, follow, max-snippet:-1, max-image-preview:large, max-video-preview:-1\" \/>\n<link rel=\"canonical\" href=\"https:\/\/www.lavalledimenticata.it\/de\/das-bauernhaus\/spaziergange\/\" \/>\n<meta property=\"og:locale\" content=\"de_DE\" \/>\n<meta property=\"og:type\" content=\"article\" \/>\n<meta property=\"og:title\" content=\"Spazierg\u00e4nge - Agriturismo nel Montefeltro, Marche\" \/>\n<meta property=\"og:description\" content=\"Spazierg\u00e4nge - Agriturismo nel Montefeltro, provincia di Pesaro Urbino, nelle Marche\" \/>\n<meta property=\"og:url\" content=\"https:\/\/www.lavalledimenticata.it\/de\/das-bauernhaus\/spaziergange\/\" \/>\n<meta property=\"og:site_name\" content=\"Agriturismo La Valle Dimenticata\" \/>\n<meta property=\"article:modified_time\" content=\"2015-12-10T22:57:24+00:00\" \/>\n<meta property=\"og:image\" content=\"https:\/\/www.lavalledimenticata.it\/wp-content\/uploads\/2015\/11\/DSC_0182-1024x680.jpg\" \/>\n\t<meta property=\"og:image:width\" content=\"1024\" \/>\n\t<meta property=\"og:image:height\" content=\"680\" \/>\n\t<meta property=\"og:image:type\" content=\"image\/jpeg\" \/>\n<script type=\"application\/ld+json\" class=\"yoast-schema-graph\">{\"@context\":\"https:\/\/schema.org\",\"@graph\":[{\"@type\":\"WebPage\",\"@id\":\"https:\/\/www.lavalledimenticata.it\/de\/das-bauernhaus\/spaziergange\/\",\"url\":\"https:\/\/www.lavalledimenticata.it\/de\/das-bauernhaus\/spaziergange\/\",\"name\":\"Spazierg\u00e4nge - Agriturismo nel Montefeltro, Marche\",\"isPartOf\":{\"@id\":\"https:\/\/www.lavalledimenticata.it\/#website\"},\"primaryImageOfPage\":{\"@id\":\"https:\/\/www.lavalledimenticata.it\/de\/das-bauernhaus\/spaziergange\/#primaryimage\"},\"image\":{\"@id\":\"https:\/\/www.lavalledimenticata.it\/de\/das-bauernhaus\/spaziergange\/#primaryimage\"},\"thumbnailUrl\":\"http:\/\/www.lavalledimenticata.it\/wp-content\/uploads\/2015\/11\/DSC_0182.jpg\",\"datePublished\":\"2013-03-05T16:32:45+00:00\",\"dateModified\":\"2015-12-10T22:57:24+00:00\",\"description\":\"Spazierg\u00e4nge - Agriturismo nel Montefeltro, provincia di Pesaro Urbino, nelle Marche\",\"breadcrumb\":{\"@id\":\"https:\/\/www.lavalledimenticata.it\/de\/das-bauernhaus\/spaziergange\/#breadcrumb\"},\"inLanguage\":\"de\",\"potentialAction\":[{\"@type\":\"ReadAction\",\"target\":[\"https:\/\/www.lavalledimenticata.it\/de\/das-bauernhaus\/spaziergange\/\"]}]},{\"@type\":\"ImageObject\",\"inLanguage\":\"de\",\"@id\":\"https:\/\/www.lavalledimenticata.it\/de\/das-bauernhaus\/spaziergange\/#primaryimage\",\"url\":\"http:\/\/www.lavalledimenticata.it\/wp-content\/uploads\/2015\/11\/DSC_0182.jpg\",\"contentUrl\":\"http:\/\/www.lavalledimenticata.it\/wp-content\/uploads\/2015\/11\/DSC_0182.jpg\"},{\"@type\":\"BreadcrumbList\",\"@id\":\"https:\/\/www.lavalledimenticata.it\/de\/das-bauernhaus\/spaziergange\/#breadcrumb\",\"itemListElement\":[{\"@type\":\"ListItem\",\"position\":1,\"name\":\"Home\",\"item\":\"https:\/\/www.lavalledimenticata.it\/\"},{\"@type\":\"ListItem\",\"position\":2,\"name\":\"Das Bauernhaus\",\"item\":\"https:\/\/www.lavalledimenticata.it\/de\/das-bauernhaus\/\"},{\"@type\":\"ListItem\",\"position\":3,\"name\":\"Spazierg\u00e4nge\"}]},{\"@type\":\"WebSite\",\"@id\":\"https:\/\/www.lavalledimenticata.it\/#website\",\"url\":\"https:\/\/www.lavalledimenticata.it\/\",\"name\":\"Agriturismo La Valle Dimenticata\",\"description\":\"\",\"potentialAction\":[{\"@type\":\"SearchAction\",\"target\":{\"@type\":\"EntryPoint\",\"urlTemplate\":\"https:\/\/www.lavalledimenticata.it\/?s={search_term_string}\"},\"query-input\":{\"@type\":\"PropertyValueSpecification\",\"valueRequired\":true,\"valueName\":\"search_term_string\"}}],\"inLanguage\":\"de\"}]}<\/script>\n<!-- \/ Yoast SEO plugin. -->","yoast_head_json":{"title":"Spazierg\u00e4nge - Agriturismo nel Montefeltro, Marche","description":"Spazierg\u00e4nge - Agriturismo nel Montefeltro, provincia di Pesaro Urbino, nelle Marche","robots":{"index":"index","follow":"follow","max-snippet":"max-snippet:-1","max-image-preview":"max-image-preview:large","max-video-preview":"max-video-preview:-1"},"canonical":"https:\/\/www.lavalledimenticata.it\/de\/das-bauernhaus\/spaziergange\/","og_locale":"de_DE","og_type":"article","og_title":"Spazierg\u00e4nge - Agriturismo nel Montefeltro, Marche","og_description":"Spazierg\u00e4nge - Agriturismo nel Montefeltro, provincia di Pesaro Urbino, nelle Marche","og_url":"https:\/\/www.lavalledimenticata.it\/de\/das-bauernhaus\/spaziergange\/","og_site_name":"Agriturismo La Valle Dimenticata","article_modified_time":"2015-12-10T22:57:24+00:00","og_image":[{"width":1024,"height":680,"url":"https:\/\/www.lavalledimenticata.it\/wp-content\/uploads\/2015\/11\/DSC_0182-1024x680.jpg","type":"image\/jpeg"}],"schema":{"@context":"https:\/\/schema.org","@graph":[{"@type":"WebPage","@id":"https:\/\/www.lavalledimenticata.it\/de\/das-bauernhaus\/spaziergange\/","url":"https:\/\/www.lavalledimenticata.it\/de\/das-bauernhaus\/spaziergange\/","name":"Spazierg\u00e4nge - Agriturismo nel Montefeltro, Marche","isPartOf":{"@id":"https:\/\/www.lavalledimenticata.it\/#website"},"primaryImageOfPage":{"@id":"https:\/\/www.lavalledimenticata.it\/de\/das-bauernhaus\/spaziergange\/#primaryimage"},"image":{"@id":"https:\/\/www.lavalledimenticata.it\/de\/das-bauernhaus\/spaziergange\/#primaryimage"},"thumbnailUrl":"http:\/\/www.lavalledimenticata.it\/wp-content\/uploads\/2015\/11\/DSC_0182.jpg","datePublished":"2013-03-05T16:32:45+00:00","dateModified":"2015-12-10T22:57:24+00:00","description":"Spazierg\u00e4nge - Agriturismo nel Montefeltro, provincia di Pesaro Urbino, nelle Marche","breadcrumb":{"@id":"https:\/\/www.lavalledimenticata.it\/de\/das-bauernhaus\/spaziergange\/#breadcrumb"},"inLanguage":"de","potentialAction":[{"@type":"ReadAction","target":["https:\/\/www.lavalledimenticata.it\/de\/das-bauernhaus\/spaziergange\/"]}]},{"@type":"ImageObject","inLanguage":"de","@id":"https:\/\/www.lavalledimenticata.it\/de\/das-bauernhaus\/spaziergange\/#primaryimage","url":"http:\/\/www.lavalledimenticata.it\/wp-content\/uploads\/2015\/11\/DSC_0182.jpg","contentUrl":"http:\/\/www.lavalledimenticata.it\/wp-content\/uploads\/2015\/11\/DSC_0182.jpg"},{"@type":"BreadcrumbList","@id":"https:\/\/www.lavalledimenticata.it\/de\/das-bauernhaus\/spaziergange\/#breadcrumb","itemListElement":[{"@type":"ListItem","position":1,"name":"Home","item":"https:\/\/www.lavalledimenticata.it\/"},{"@type":"ListItem","position":2,"name":"Das Bauernhaus","item":"https:\/\/www.lavalledimenticata.it\/de\/das-bauernhaus\/"},{"@type":"ListItem","position":3,"name":"Spazierg\u00e4nge"}]},{"@type":"WebSite","@id":"https:\/\/www.lavalledimenticata.it\/#website","url":"https:\/\/www.lavalledimenticata.it\/","name":"Agriturismo La Valle Dimenticata","description":"","potentialAction":[{"@type":"SearchAction","target":{"@type":"EntryPoint","urlTemplate":"https:\/\/www.lavalledimenticata.it\/?s={search_term_string}"},"query-input":{"@type":"PropertyValueSpecification","valueRequired":true,"valueName":"search_term_string"}}],"inLanguage":"de"}]}},"_links":{"self":[{"href":"https:\/\/www.lavalledimenticata.it\/de\/wp-json\/wp\/v2\/pages\/930"}],"collection":[{"href":"https:\/\/www.lavalledimenticata.it\/de\/wp-json\/wp\/v2\/pages"}],"about":[{"href":"https:\/\/www.lavalledimenticata.it\/de\/wp-json\/wp\/v2\/types\/page"}],"author":[{"embeddable":true,"href":"https:\/\/www.lavalledimenticata.it\/de\/wp-json\/wp\/v2\/users\/4"}],"replies":[{"embeddable":true,"href":"https:\/\/www.lavalledimenticata.it\/de\/wp-json\/wp\/v2\/comments?post=930"}],"version-history":[{"count":12,"href":"https:\/\/www.lavalledimenticata.it\/de\/wp-json\/wp\/v2\/pages\/930\/revisions"}],"predecessor-version":[{"id":2675,"href":"https:\/\/www.lavalledimenticata.it\/de\/wp-json\/wp\/v2\/pages\/930\/revisions\/2675"}],"up":[{"embeddable":true,"href":"https:\/\/www.lavalledimenticata.it\/de\/wp-json\/wp\/v2\/pages\/674"}],"wp:attachment":[{"href":"https:\/\/www.lavalledimenticata.it\/de\/wp-json\/wp\/v2\/media?parent=930"}],"curies":[{"name":"wp","href":"https:\/\/api.w.org\/{rel}","templated":true}]}}