{"id":937,"date":"2013-03-05T17:40:31","date_gmt":"2013-03-05T16:40:31","guid":{"rendered":"http:\/\/www.lavalledimenticata.it\/die-farm\/lazienda-agricola\/"},"modified":"2014-04-11T23:47:17","modified_gmt":"2014-04-11T21:47:17","slug":"das-bauernhof","status":"publish","type":"page","link":"https:\/\/www.lavalledimenticata.it\/de\/das-bauernhaus\/das-bauernhof\/","title":{"rendered":"Das Bauernhof \u201cLA NONNA SUL MELO\u201d"},"content":{"rendered":"<p style=\"text-align: left;\"><img loading=\"lazy\" decoding=\"async\" class=\"alignright size-full wp-image-277\" alt=\"Bauernhof \" src=\"http:\/\/www.lavalledimenticata.it\/wp-content\/uploads\/2013\/03\/logo-AZIENDA-AGRICOLA.jpg\" width=\"280\" height=\"327\" srcset=\"https:\/\/www.lavalledimenticata.it\/wp-content\/uploads\/2013\/03\/logo-AZIENDA-AGRICOLA.jpg 280w, https:\/\/www.lavalledimenticata.it\/wp-content\/uploads\/2013\/03\/logo-AZIENDA-AGRICOLA-256x300.jpg 256w\" sizes=\"(max-width: 280px) 100vw, 280px\" \/>Wir haben immer die Landschaft, die Natur, die Blumen und die Pflanzen geliebt&#8230; und dies ist nicht unsere Arbeit, sondern unser Leben.<\/p>\n<p style=\"text-align: left;\">Im Jahr 2009 nahmen wir an einem <strong>Projekt mit der\u00a0 Region<\/strong> <strong>Marche <\/strong>teil<strong>, <\/strong>um viele Sorten von alten lokalen Obstb\u00e4ume, einst\u00a0typisch f\u00fcr die Gegend und nun fast ganz ausgestorben, zu bewahren und aufwachsen zu lassen: diese Aufgabe ist mit Sicherheit\u00a0unsere gr\u00f6\u00dfte Herausforderung, denn wir sind die Einzigen, in dieser Gegend, die diese T\u00e4tigkeit aus\u00fcben.<\/p>\n<p style=\"text-align: left;\">Der brandneue Obstgarten befindet sich hinter dem Geb\u00e4ude inmitten von Oliven-, \u00c4pfel-, Birnen-, Walnuss- und Kirschenb\u00e4umen, inmitten\u00a0der\u00a0langen Stacheln von Lavendel, die mit einem\u00a0 angenehmen Duft in der Sonne schwanken.<\/p>\n","protected":false},"excerpt":{"rendered":"<p>Wir haben immer die Landschaft, die Natur, die Blumen und die Pflanzen geliebt\u2026 und dies ist nicht unsere Arbeit, sondern unser Leben. Im Jahr 2009 nahmen wir an einem Projekt mit der Region Marche  teil, um viele Sorten von alten lokalen Obstb\u00e4ume, einst typisch f\u00fcr die Gegend und nun fast ganz ausgestorben, zu bewahren und aufwachsen zu lassen: diese Aufgabe ist mit Sicherheit unsere gr\u00f6\u00dfte Herausforderung, denn  wir sind die Einzigen, in dieser Gegend, die diese T\u00e4tigkeit aus\u00fcben.<br \/>\nDer brandneue Obstgarten befindet sich hinter dem Geb\u00e4ude inmitten von Oliven-, \u00c4pfel-, Birnen-, Walnuss- und Kirschenb\u00e4umen, inmitten der langen Stacheln von Lavendel, die mit einem angenehmen Duft in der Sonne schwanken. <\/p>\n","protected":false},"author":4,"featured_media":532,"parent":674,"menu_order":42,"comment_status":"open","ping_status":"closed","template":"page-gallery.php","meta":{"footnotes":""},"class_list":["post-937","page","type-page","status-publish","has-post-thumbnail","hentry"],"yoast_head":"<!-- This site is optimized with the Yoast SEO plugin v23.7 - https:\/\/yoast.com\/wordpress\/plugins\/seo\/ -->\n<title>Das Bauernhof \u201cLA NONNA SUL MELO\u201d - Agriturismo nel Montefeltro, Marche<\/title>\n<meta name=\"description\" content=\"Das Bauernhof \u201cLA NONNA SUL MELO\u201d - Agriturismo nel Montefeltro, provincia di Pesaro Urbino, nelle Marche\" \/>\n<meta name=\"robots\" content=\"index, follow, max-snippet:-1, max-image-preview:large, max-video-preview:-1\" \/>\n<link rel=\"canonical\" href=\"https:\/\/www.lavalledimenticata.it\/de\/das-bauernhaus\/das-bauernhof\/\" \/>\n<meta property=\"og:locale\" content=\"de_DE\" \/>\n<meta property=\"og:type\" content=\"article\" \/>\n<meta property=\"og:title\" content=\"Das Bauernhof \u201cLA NONNA SUL MELO\u201d - Agriturismo nel Montefeltro, Marche\" \/>\n<meta property=\"og:description\" content=\"Das Bauernhof \u201cLA NONNA SUL MELO\u201d - Agriturismo nel Montefeltro, provincia di Pesaro Urbino, nelle Marche\" \/>\n<meta property=\"og:url\" content=\"https:\/\/www.lavalledimenticata.it\/de\/das-bauernhaus\/das-bauernhof\/\" \/>\n<meta property=\"og:site_name\" content=\"Agriturismo La Valle Dimenticata\" \/>\n<meta property=\"article:modified_time\" content=\"2014-04-11T21:47:17+00:00\" \/>\n<meta property=\"og:image\" content=\"https:\/\/www.lavalledimenticata.it\/wp-content\/uploads\/2013\/03\/azagricolahome.jpg\" \/>\n\t<meta property=\"og:image:width\" content=\"954\" \/>\n\t<meta property=\"og:image:height\" content=\"375\" \/>\n\t<meta property=\"og:image:type\" content=\"image\/jpeg\" \/>\n<meta name=\"twitter:label1\" content=\"Gesch\u00e4tzte Lesezeit\" \/>\n\t<meta name=\"twitter:data1\" content=\"1\u00a0Minute\" \/>\n<script type=\"application\/ld+json\" class=\"yoast-schema-graph\">{\"@context\":\"https:\/\/schema.org\",\"@graph\":[{\"@type\":\"WebPage\",\"@id\":\"https:\/\/www.lavalledimenticata.it\/de\/das-bauernhaus\/das-bauernhof\/\",\"url\":\"https:\/\/www.lavalledimenticata.it\/de\/das-bauernhaus\/das-bauernhof\/\",\"name\":\"Das Bauernhof \u201cLA NONNA SUL MELO\u201d - Agriturismo nel Montefeltro, Marche\",\"isPartOf\":{\"@id\":\"https:\/\/www.lavalledimenticata.it\/#website\"},\"primaryImageOfPage\":{\"@id\":\"https:\/\/www.lavalledimenticata.it\/de\/das-bauernhaus\/das-bauernhof\/#primaryimage\"},\"image\":{\"@id\":\"https:\/\/www.lavalledimenticata.it\/de\/das-bauernhaus\/das-bauernhof\/#primaryimage\"},\"thumbnailUrl\":\"https:\/\/www.lavalledimenticata.it\/wp-content\/uploads\/2013\/03\/azagricolahome.jpg\",\"datePublished\":\"2013-03-05T16:40:31+00:00\",\"dateModified\":\"2014-04-11T21:47:17+00:00\",\"description\":\"Das Bauernhof \u201cLA NONNA SUL MELO\u201d - Agriturismo nel Montefeltro, provincia di Pesaro Urbino, nelle Marche\",\"breadcrumb\":{\"@id\":\"https:\/\/www.lavalledimenticata.it\/de\/das-bauernhaus\/das-bauernhof\/#breadcrumb\"},\"inLanguage\":\"de\",\"potentialAction\":[{\"@type\":\"ReadAction\",\"target\":[\"https:\/\/www.lavalledimenticata.it\/de\/das-bauernhaus\/das-bauernhof\/\"]}]},{\"@type\":\"ImageObject\",\"inLanguage\":\"de\",\"@id\":\"https:\/\/www.lavalledimenticata.it\/de\/das-bauernhaus\/das-bauernhof\/#primaryimage\",\"url\":\"https:\/\/www.lavalledimenticata.it\/wp-content\/uploads\/2013\/03\/azagricolahome.jpg\",\"contentUrl\":\"https:\/\/www.lavalledimenticata.it\/wp-content\/uploads\/2013\/03\/azagricolahome.jpg\",\"width\":954,\"height\":375},{\"@type\":\"BreadcrumbList\",\"@id\":\"https:\/\/www.lavalledimenticata.it\/de\/das-bauernhaus\/das-bauernhof\/#breadcrumb\",\"itemListElement\":[{\"@type\":\"ListItem\",\"position\":1,\"name\":\"Home\",\"item\":\"https:\/\/www.lavalledimenticata.it\/\"},{\"@type\":\"ListItem\",\"position\":2,\"name\":\"Das Bauernhaus\",\"item\":\"https:\/\/www.lavalledimenticata.it\/de\/das-bauernhaus\/\"},{\"@type\":\"ListItem\",\"position\":3,\"name\":\"Das Bauernhof \u201cLA NONNA SUL MELO\u201d\"}]},{\"@type\":\"WebSite\",\"@id\":\"https:\/\/www.lavalledimenticata.it\/#website\",\"url\":\"https:\/\/www.lavalledimenticata.it\/\",\"name\":\"Agriturismo La Valle Dimenticata\",\"description\":\"\",\"potentialAction\":[{\"@type\":\"SearchAction\",\"target\":{\"@type\":\"EntryPoint\",\"urlTemplate\":\"https:\/\/www.lavalledimenticata.it\/?s={search_term_string}\"},\"query-input\":{\"@type\":\"PropertyValueSpecification\",\"valueRequired\":true,\"valueName\":\"search_term_string\"}}],\"inLanguage\":\"de\"}]}<\/script>\n<!-- \/ Yoast SEO plugin. -->","yoast_head_json":{"title":"Das Bauernhof \u201cLA NONNA SUL MELO\u201d - Agriturismo nel Montefeltro, Marche","description":"Das Bauernhof \u201cLA NONNA SUL MELO\u201d - Agriturismo nel Montefeltro, provincia di Pesaro Urbino, nelle Marche","robots":{"index":"index","follow":"follow","max-snippet":"max-snippet:-1","max-image-preview":"max-image-preview:large","max-video-preview":"max-video-preview:-1"},"canonical":"https:\/\/www.lavalledimenticata.it\/de\/das-bauernhaus\/das-bauernhof\/","og_locale":"de_DE","og_type":"article","og_title":"Das Bauernhof \u201cLA NONNA SUL MELO\u201d - Agriturismo nel Montefeltro, Marche","og_description":"Das Bauernhof \u201cLA NONNA SUL MELO\u201d - Agriturismo nel Montefeltro, provincia di Pesaro Urbino, nelle Marche","og_url":"https:\/\/www.lavalledimenticata.it\/de\/das-bauernhaus\/das-bauernhof\/","og_site_name":"Agriturismo La Valle Dimenticata","article_modified_time":"2014-04-11T21:47:17+00:00","og_image":[{"width":954,"height":375,"url":"https:\/\/www.lavalledimenticata.it\/wp-content\/uploads\/2013\/03\/azagricolahome.jpg","type":"image\/jpeg"}],"twitter_misc":{"Gesch\u00e4tzte Lesezeit":"1\u00a0Minute"},"schema":{"@context":"https:\/\/schema.org","@graph":[{"@type":"WebPage","@id":"https:\/\/www.lavalledimenticata.it\/de\/das-bauernhaus\/das-bauernhof\/","url":"https:\/\/www.lavalledimenticata.it\/de\/das-bauernhaus\/das-bauernhof\/","name":"Das Bauernhof \u201cLA NONNA SUL MELO\u201d - Agriturismo nel Montefeltro, Marche","isPartOf":{"@id":"https:\/\/www.lavalledimenticata.it\/#website"},"primaryImageOfPage":{"@id":"https:\/\/www.lavalledimenticata.it\/de\/das-bauernhaus\/das-bauernhof\/#primaryimage"},"image":{"@id":"https:\/\/www.lavalledimenticata.it\/de\/das-bauernhaus\/das-bauernhof\/#primaryimage"},"thumbnailUrl":"https:\/\/www.lavalledimenticata.it\/wp-content\/uploads\/2013\/03\/azagricolahome.jpg","datePublished":"2013-03-05T16:40:31+00:00","dateModified":"2014-04-11T21:47:17+00:00","description":"Das Bauernhof \u201cLA NONNA SUL MELO\u201d - Agriturismo nel Montefeltro, provincia di Pesaro Urbino, nelle Marche","breadcrumb":{"@id":"https:\/\/www.lavalledimenticata.it\/de\/das-bauernhaus\/das-bauernhof\/#breadcrumb"},"inLanguage":"de","potentialAction":[{"@type":"ReadAction","target":["https:\/\/www.lavalledimenticata.it\/de\/das-bauernhaus\/das-bauernhof\/"]}]},{"@type":"ImageObject","inLanguage":"de","@id":"https:\/\/www.lavalledimenticata.it\/de\/das-bauernhaus\/das-bauernhof\/#primaryimage","url":"https:\/\/www.lavalledimenticata.it\/wp-content\/uploads\/2013\/03\/azagricolahome.jpg","contentUrl":"https:\/\/www.lavalledimenticata.it\/wp-content\/uploads\/2013\/03\/azagricolahome.jpg","width":954,"height":375},{"@type":"BreadcrumbList","@id":"https:\/\/www.lavalledimenticata.it\/de\/das-bauernhaus\/das-bauernhof\/#breadcrumb","itemListElement":[{"@type":"ListItem","position":1,"name":"Home","item":"https:\/\/www.lavalledimenticata.it\/"},{"@type":"ListItem","position":2,"name":"Das Bauernhaus","item":"https:\/\/www.lavalledimenticata.it\/de\/das-bauernhaus\/"},{"@type":"ListItem","position":3,"name":"Das Bauernhof \u201cLA NONNA SUL MELO\u201d"}]},{"@type":"WebSite","@id":"https:\/\/www.lavalledimenticata.it\/#website","url":"https:\/\/www.lavalledimenticata.it\/","name":"Agriturismo La Valle Dimenticata","description":"","potentialAction":[{"@type":"SearchAction","target":{"@type":"EntryPoint","urlTemplate":"https:\/\/www.lavalledimenticata.it\/?s={search_term_string}"},"query-input":{"@type":"PropertyValueSpecification","valueRequired":true,"valueName":"search_term_string"}}],"inLanguage":"de"}]}},"_links":{"self":[{"href":"https:\/\/www.lavalledimenticata.it\/de\/wp-json\/wp\/v2\/pages\/937"}],"collection":[{"href":"https:\/\/www.lavalledimenticata.it\/de\/wp-json\/wp\/v2\/pages"}],"about":[{"href":"https:\/\/www.lavalledimenticata.it\/de\/wp-json\/wp\/v2\/types\/page"}],"author":[{"embeddable":true,"href":"https:\/\/www.lavalledimenticata.it\/de\/wp-json\/wp\/v2\/users\/4"}],"replies":[{"embeddable":true,"href":"https:\/\/www.lavalledimenticata.it\/de\/wp-json\/wp\/v2\/comments?post=937"}],"version-history":[{"count":8,"href":"https:\/\/www.lavalledimenticata.it\/de\/wp-json\/wp\/v2\/pages\/937\/revisions"}],"predecessor-version":[{"id":1780,"href":"https:\/\/www.lavalledimenticata.it\/de\/wp-json\/wp\/v2\/pages\/937\/revisions\/1780"}],"up":[{"embeddable":true,"href":"https:\/\/www.lavalledimenticata.it\/de\/wp-json\/wp\/v2\/pages\/674"}],"wp:featuredmedia":[{"embeddable":true,"href":"https:\/\/www.lavalledimenticata.it\/de\/wp-json\/wp\/v2\/media\/532"}],"wp:attachment":[{"href":"https:\/\/www.lavalledimenticata.it\/de\/wp-json\/wp\/v2\/media?parent=937"}],"curies":[{"name":"wp","href":"https:\/\/api.w.org\/{rel}","templated":true}]}}