{"id":950,"date":"2013-03-05T17:33:58","date_gmt":"2013-03-05T16:33:58","guid":{"rendered":"http:\/\/www.lavalledimenticata.it\/gli-appartamenti-2\/"},"modified":"2015-01-23T22:05:49","modified_gmt":"2015-01-23T21:05:49","slug":"die-apartments","status":"publish","type":"page","link":"https:\/\/www.lavalledimenticata.it\/de\/die-apartments\/","title":{"rendered":"Die Apartments"},"content":{"rendered":"<p><em><strong>L&#8217;Agriturismo La Valle Dimenticata<\/strong> <\/em>bietet eine nette Gastfreundschaft, indem sie zwei Apartments im Erdgeschoss nutzen <em>k\u00f6nnen<\/em>.\u00a0Der Innenbereich ist haupts\u00e4chlich von\u00a0Pastellfarben gepr\u00e4gt und modern und komfortabel ausgestattet: K\u00fcche, private Dienstleistungen,\u00a0TV, selbst regelbare Heizung\u00a0und separater Eingang.<br \/>\nBesonders sch\u00f6n\u00a0ist die Terrasse, die den Wohnbereich mit dem Garten verbindet und ideal f\u00fcr Mahlzeiten im Freien und mit vollen\u00a0Blick auf die Landschaft bereitstellt.<\/p>\n<p>Schmiedeeisen und Holz sind die ausgew\u00e4hlten Materialien f\u00fcr unsere\u00a0Zimmer : sie scheinen, aber sind tats\u00e4chlich Betten unserer Gro\u00dfm\u00fctter, streng und einfach zugleich.<br \/>\nKommoden und\u00a0Truhen werden den\u00a0G\u00e4sten zu\u00a0Verf\u00fcgung gestellt.<br \/>\nEine l\u00e4ndliche Umgebung sorgt f\u00fcr pure Entspannung in der gesamten Urlaubszeit.<\/p>\n<p>La Valle Dimenticata ist ein Bauernhaus aus Energie Sicht autonom: erneuerbare Energiequellen wie Sonnenkollektoren sind eingesetzt, um hei\u00dfes Wasser f\u00fcr die Unterkunft zu erzeugen und den Pool zu heizen. Es gibt auch Photovoltaik- Module f\u00fcr die Stromerzeugung \u00a0und ein Regenwasser-Recovery-System zur\u00a0Bew\u00e4sserung\u00a0von Plantagen, um Verschwendung zu vermeiden und\u00a0den \u00f6kologischen\u00a0Aspekt\u00a0zu sch\u00fctzen.<\/p>\n<p>&nbsp;<\/p>\n<p><span style=\"text-decoration: underline;\">G\u00e4ste mit Behinderung:<\/span><\/p>\n<p>Wir k\u00f6nnen mit Stolz sagen, dass das Bauernhaus\u00a0so\u00a0angeordnet ist, dass die Struktur angenehm und zug\u00e4nglich f\u00fcr Behinderte angeboten wird.<\/p>\n<p>&nbsp;<\/p>\n<div class='one_half'>\n\t\t\t\t\t<h2><a title=\"Apartment Miele\" href=\"http:\/\/www.lavalledimenticata.it\/de\/die-wohnungen\/apartment-miele\/\">Apartment <b>MIELE<\/b><\/a><\/h2>\n<p>4 Personen (55 qm.)<\/p>\n<p>1 Voll ausgestattete K\u00fcche \/ Esszimmer<\/p>\n<p>1 gro\u00dfes Schlafzimmer<\/p>\n<p>1 Schlafzimmer mit Doppelbett<\/p>\n<p>1 Bad mit Dusche<\/p>\n<p>1 gro\u00dfer unabh\u00e4ngiger Garten<\/p>\n<p>Direkter Zugang zur Veranda (35 qm.)\n\t\t\t\t<\/div> <div class='one_half last'>\n\t\t\t\t\t<h2><a title=\"Apartment Corbezzolo\" href=\"http:\/\/www.lavalledimenticata.it\/de\/die-wohnungen\/apartment-corbezzolo\/\">Apartment <b>CORBEZZOLO <\/b><\/a><\/h2>\n<p>4 + 1 Personen (60 qm.)<\/p>\n<p>1 Voll ausgestattete K\u00fcche \/ Esszimmer<\/p>\n<p>1 gro\u00dfes Schlafzimmer<\/p>\n<p>1 Schlafzimmer mit Doppelbett<\/p>\n<p>1 <span class=\"hps\">Schlafsofa<\/span><\/p>\n<p>1 Bad mit Dusche<\/p>\n<p>1 gro\u00dfer, unabh\u00e4ngiger Garten<\/p>\n<p>Blick auf den Pool\n\t\t\t\t<\/div><div class='clear'><\/div><\/p>\n<p>&nbsp;<\/p>\n","protected":false},"excerpt":{"rendered":"<p>L&#8217;Agriturismo La Valle Dimenticata bietet eine nette Gastfreundschaft, indem sie zwei Apartments im Erdgeschoss nutzen k\u00f6nnen.\u00a0Der Innenbereich ist haupts\u00e4chlich von\u00a0Pastellfarben gepr\u00e4gt und modern und komfortabel ausgestattet: K\u00fcche, private Dienstleistungen,\u00a0TV, selbst regelbare Heizung\u00a0und separater Eingang. Besonders sch\u00f6n\u00a0ist die Terrasse, die den Wohnbereich mit dem Garten verbindet und ideal f\u00fcr Mahlzeiten im Freien und mit vollen\u00a0Blick auf [&hellip;]<\/p>\n","protected":false},"author":4,"featured_media":0,"parent":0,"menu_order":35,"comment_status":"open","ping_status":"open","template":"page-full.php","meta":{"footnotes":""},"class_list":["post-950","page","type-page","status-publish","hentry"],"yoast_head":"<!-- This site is optimized with the Yoast SEO plugin v23.7 - https:\/\/yoast.com\/wordpress\/plugins\/seo\/ -->\n<title>Die Apartments - Agriturismo nel Montefeltro, Marche<\/title>\n<meta name=\"description\" content=\"Die Apartments - Agriturismo nel Montefeltro, provincia di Pesaro Urbino, nelle Marche\" \/>\n<meta name=\"robots\" content=\"index, follow, max-snippet:-1, max-image-preview:large, max-video-preview:-1\" \/>\n<link rel=\"canonical\" href=\"https:\/\/www.lavalledimenticata.it\/de\/die-apartments\/\" \/>\n<meta property=\"og:locale\" content=\"de_DE\" \/>\n<meta property=\"og:type\" content=\"article\" \/>\n<meta property=\"og:title\" content=\"Die Apartments - Agriturismo nel Montefeltro, Marche\" \/>\n<meta property=\"og:description\" content=\"Die Apartments - Agriturismo nel Montefeltro, provincia di Pesaro Urbino, nelle Marche\" \/>\n<meta property=\"og:url\" content=\"https:\/\/www.lavalledimenticata.it\/de\/die-apartments\/\" \/>\n<meta property=\"og:site_name\" content=\"Agriturismo La Valle Dimenticata\" \/>\n<meta property=\"article:modified_time\" content=\"2015-01-23T21:05:49+00:00\" \/>\n<meta name=\"twitter:label1\" content=\"Gesch\u00e4tzte Lesezeit\" \/>\n\t<meta name=\"twitter:data1\" content=\"1\u00a0Minute\" \/>\n<script type=\"application\/ld+json\" class=\"yoast-schema-graph\">{\"@context\":\"https:\/\/schema.org\",\"@graph\":[{\"@type\":\"WebPage\",\"@id\":\"https:\/\/www.lavalledimenticata.it\/de\/die-apartments\/\",\"url\":\"https:\/\/www.lavalledimenticata.it\/de\/die-apartments\/\",\"name\":\"Die Apartments - Agriturismo nel Montefeltro, Marche\",\"isPartOf\":{\"@id\":\"https:\/\/www.lavalledimenticata.it\/#website\"},\"datePublished\":\"2013-03-05T16:33:58+00:00\",\"dateModified\":\"2015-01-23T21:05:49+00:00\",\"description\":\"Die Apartments - Agriturismo nel Montefeltro, provincia di Pesaro Urbino, nelle Marche\",\"breadcrumb\":{\"@id\":\"https:\/\/www.lavalledimenticata.it\/de\/die-apartments\/#breadcrumb\"},\"inLanguage\":\"de\",\"potentialAction\":[{\"@type\":\"ReadAction\",\"target\":[\"https:\/\/www.lavalledimenticata.it\/de\/die-apartments\/\"]}]},{\"@type\":\"BreadcrumbList\",\"@id\":\"https:\/\/www.lavalledimenticata.it\/de\/die-apartments\/#breadcrumb\",\"itemListElement\":[{\"@type\":\"ListItem\",\"position\":1,\"name\":\"Home\",\"item\":\"https:\/\/www.lavalledimenticata.it\/\"},{\"@type\":\"ListItem\",\"position\":2,\"name\":\"Die Apartments\"}]},{\"@type\":\"WebSite\",\"@id\":\"https:\/\/www.lavalledimenticata.it\/#website\",\"url\":\"https:\/\/www.lavalledimenticata.it\/\",\"name\":\"Agriturismo La Valle Dimenticata\",\"description\":\"\",\"potentialAction\":[{\"@type\":\"SearchAction\",\"target\":{\"@type\":\"EntryPoint\",\"urlTemplate\":\"https:\/\/www.lavalledimenticata.it\/?s={search_term_string}\"},\"query-input\":{\"@type\":\"PropertyValueSpecification\",\"valueRequired\":true,\"valueName\":\"search_term_string\"}}],\"inLanguage\":\"de\"}]}<\/script>\n<!-- \/ Yoast SEO plugin. -->","yoast_head_json":{"title":"Die Apartments - Agriturismo nel Montefeltro, Marche","description":"Die Apartments - Agriturismo nel Montefeltro, provincia di Pesaro Urbino, nelle Marche","robots":{"index":"index","follow":"follow","max-snippet":"max-snippet:-1","max-image-preview":"max-image-preview:large","max-video-preview":"max-video-preview:-1"},"canonical":"https:\/\/www.lavalledimenticata.it\/de\/die-apartments\/","og_locale":"de_DE","og_type":"article","og_title":"Die Apartments - Agriturismo nel Montefeltro, Marche","og_description":"Die Apartments - Agriturismo nel Montefeltro, provincia di Pesaro Urbino, nelle Marche","og_url":"https:\/\/www.lavalledimenticata.it\/de\/die-apartments\/","og_site_name":"Agriturismo La Valle Dimenticata","article_modified_time":"2015-01-23T21:05:49+00:00","twitter_misc":{"Gesch\u00e4tzte Lesezeit":"1\u00a0Minute"},"schema":{"@context":"https:\/\/schema.org","@graph":[{"@type":"WebPage","@id":"https:\/\/www.lavalledimenticata.it\/de\/die-apartments\/","url":"https:\/\/www.lavalledimenticata.it\/de\/die-apartments\/","name":"Die Apartments - Agriturismo nel Montefeltro, Marche","isPartOf":{"@id":"https:\/\/www.lavalledimenticata.it\/#website"},"datePublished":"2013-03-05T16:33:58+00:00","dateModified":"2015-01-23T21:05:49+00:00","description":"Die Apartments - Agriturismo nel Montefeltro, provincia di Pesaro Urbino, nelle Marche","breadcrumb":{"@id":"https:\/\/www.lavalledimenticata.it\/de\/die-apartments\/#breadcrumb"},"inLanguage":"de","potentialAction":[{"@type":"ReadAction","target":["https:\/\/www.lavalledimenticata.it\/de\/die-apartments\/"]}]},{"@type":"BreadcrumbList","@id":"https:\/\/www.lavalledimenticata.it\/de\/die-apartments\/#breadcrumb","itemListElement":[{"@type":"ListItem","position":1,"name":"Home","item":"https:\/\/www.lavalledimenticata.it\/"},{"@type":"ListItem","position":2,"name":"Die Apartments"}]},{"@type":"WebSite","@id":"https:\/\/www.lavalledimenticata.it\/#website","url":"https:\/\/www.lavalledimenticata.it\/","name":"Agriturismo La Valle Dimenticata","description":"","potentialAction":[{"@type":"SearchAction","target":{"@type":"EntryPoint","urlTemplate":"https:\/\/www.lavalledimenticata.it\/?s={search_term_string}"},"query-input":{"@type":"PropertyValueSpecification","valueRequired":true,"valueName":"search_term_string"}}],"inLanguage":"de"}]}},"_links":{"self":[{"href":"https:\/\/www.lavalledimenticata.it\/de\/wp-json\/wp\/v2\/pages\/950"}],"collection":[{"href":"https:\/\/www.lavalledimenticata.it\/de\/wp-json\/wp\/v2\/pages"}],"about":[{"href":"https:\/\/www.lavalledimenticata.it\/de\/wp-json\/wp\/v2\/types\/page"}],"author":[{"embeddable":true,"href":"https:\/\/www.lavalledimenticata.it\/de\/wp-json\/wp\/v2\/users\/4"}],"replies":[{"embeddable":true,"href":"https:\/\/www.lavalledimenticata.it\/de\/wp-json\/wp\/v2\/comments?post=950"}],"version-history":[{"count":12,"href":"https:\/\/www.lavalledimenticata.it\/de\/wp-json\/wp\/v2\/pages\/950\/revisions"}],"predecessor-version":[{"id":2007,"href":"https:\/\/www.lavalledimenticata.it\/de\/wp-json\/wp\/v2\/pages\/950\/revisions\/2007"}],"wp:attachment":[{"href":"https:\/\/www.lavalledimenticata.it\/de\/wp-json\/wp\/v2\/media?parent=950"}],"curies":[{"name":"wp","href":"https:\/\/api.w.org\/{rel}","templated":true}]}}