{"id":992,"date":"2013-03-05T17:36:44","date_gmt":"2013-03-05T16:36:44","guid":{"rendered":"http:\/\/www.lavalledimenticata.it\/prezzi-e-prenotazioni-2\/"},"modified":"2024-01-06T17:31:42","modified_gmt":"2024-01-06T16:31:42","slug":"preise-und-reservierungen","status":"publish","type":"page","link":"https:\/\/www.lavalledimenticata.it\/de\/preise-und-reservierungen\/","title":{"rendered":"Preise und Reservierungen"},"content":{"rendered":"<div id=\"attachment_1981\" style=\"width: 334px\" class=\"wp-caption aligncenter\"><img loading=\"lazy\" decoding=\"async\" aria-describedby=\"caption-attachment-1981\" class=\"wp-image-4133 size-full\" src=\"http:\/\/www.lavalledimenticata.it\/wp-content\/uploads\/2013\/03\/5-picchi...png\" alt=\"5 picchi..\" width=\"324\" height=\"82\" srcset=\"https:\/\/www.lavalledimenticata.it\/wp-content\/uploads\/2013\/03\/5-picchi...png 324w, https:\/\/www.lavalledimenticata.it\/wp-content\/uploads\/2013\/03\/5-picchi..-300x75.png 300w\" sizes=\"(max-width: 324px) 100vw, 324px\" \/><p id=\"caption-attachment-1981\" class=\"wp-caption-text\">Klassifizierung 5 Spitzen &#8222;Bauernhaus Qualit\u00e4ts Marche&#8220;<\/p><\/div>\n<p style=\"text-align: left;\"><b>Apartment Preise im Jahr 2024<\/b><\/p>\n<table style=\"height: 510px;\" border=\"1\" width=\"904\" cellspacing=\"0\" cellpadding=\"5\">\n<tbody>\n<tr>\n<td valign=\"top\" width=\"190\"><\/td>\n<td valign=\"top\" width=\"142\">\n<p align=\"center\">Nebensaison min. 4 n\u00e4chte<\/p>\n<p align=\"center\">von 01\/01 bis 31\/03<br \/>\nvon 01\/11 bis 31\/12<\/p>\n<\/td>\n<td valign=\"top\" width=\"161\">\n<p align=\"center\">Zwischensaison min. 4 n\u00e4chte<\/p>\n<p align=\"center\">von 01\/04 bis 31\/05<br \/>\nvon 17\/09 bis 31\/10<\/p>\n<\/td>\n<td valign=\"top\" width=\"170\">\n<p align=\"center\">Hochsaison <strong>min. 7 n\u00e4chte<\/strong><\/p>\n<p align=\"center\">von 01\/06 bis 16\/09<\/p>\n<p align=\"center\">Wochenenden und Feiertage<\/p>\n<\/td>\n<\/tr>\n<tr>\n<td valign=\"top\" nowrap=\"nowrap\" width=\"190\">Apartment <strong>MIELE<\/strong> 4 personen<br \/>\nApartment <strong>CORBEZZOLO<\/strong> 4+1 personen*<\/p>\n<p>Besondere Preise f\u00fcr 2 Personen<\/td>\n<td valign=\"top\" width=\"142\">\n<p align=\"center\">\u20ac 130\/Tag<\/p>\n<hr \/>\n<hr \/>\n<hr \/>\n<p align=\"center\">\u20ac 110\/Tag<\/p>\n<\/td>\n<td valign=\"top\" width=\"161\">\n<p align=\"center\">\u20ac 150\/Tag<\/p>\n<hr \/>\n<hr \/>\n<hr \/>\n<p align=\"center\">\u20ac 125\/Tag<\/p>\n<\/td>\n<td valign=\"top\" width=\"170\">\n<p align=\"center\">\u20ac 160\/Tag<\/p>\n<hr \/>\n<hr \/>\n<hr \/>\n<p align=\"center\">\n<p align=\"center\">\n<\/td>\n<\/tr>\n<tr>\n<td valign=\"top\" width=\"190\">4\u00a0Zimmer-Wohnung f\u00fcr 4 &#8211; 4+1 Personen<\/td>\n<td valign=\"top\" width=\"142\">\n<p align=\"center\">\u20ac 805-910\/Woche<\/p>\n<\/td>\n<td valign=\"top\" width=\"161\">\n<p align=\"center\">\u20ac 875-1.050\/Woche<\/p>\n<\/td>\n<td valign=\"top\" width=\"170\">\n<p align=\"center\">\u20ac 1.120\/Woche<\/p>\n<p align=\"center\">\u20ac 2.200\/n.2 Wochen<\/p>\n<\/td>\n<\/tr>\n<\/tbody>\n<\/table>\n<p>Am Tag der Ankunft stehen die Zimmer\u00a0 ab <strong>15.00<\/strong> Uhr zu Verf\u00fcgung.<\/p>\n<p>Am Tag der Abreise muss die Unterkunft bis <strong>10.00<\/strong> Uhr ger\u00e4umt werden (<strong>von Samstag bis Samstag<\/strong>).<\/p>\n<p>&#8211; Strom, Gas und Wasser f\u00fcr die Fu\u00dfbodenheizung der Wohnungen sind im Preis inbegriffen.\u00a0Jedes\u00a0Apartment hat einen von den G\u00e4sten verwalteten eigenen\u00a0Thermostat.<\/p>\n<p>&#8211; Holz f\u00fcr die Kamin\u00f6fen und Grill ist kostenlos.<\/p>\n<p>&#8211; Endreinigung ist im Preis inbegriffen.<\/p>\n<p><a id=\"set-post-thumbnail\" title=\"Imposta l'immagine in evidenza\" href=\"http:\/\/www.lavalledimenticata.it\/wp-admin\/media-upload.php?post_id=25&amp;type=image&amp;TB_iframe=1\"><img loading=\"lazy\" decoding=\"async\" src=\"http:\/\/www.lavalledimenticata.it\/wp-content\/uploads\/2014\/04\/FreeWiFiBiancoBlu.jpg\" alt=\"FreeWiFiBiancoBlu\" width=\"72\" height=\"50\" \/><\/a><\/p>\n<p>&#8211; Die Preise k\u00f6nnen einem eventuellen Abschlag bei der Buchung beider Apartments unterliegen.<!--?xml:namespace prefix = \"o\" ns = \"urn:schemas-microsoft-com:office:office\" \/--><\/p>\n<p>ZUSCHL\u00c4GE:<\/p>\n<p>&#8211; Extra Reinigung w\u00e4hrend des Aufenthaltes betr\u00e4gt 50 \u20ac.<\/p>\n<p>&#8211; Zus\u00e4tzlicher W\u00e4schewechsel w\u00e4hrend Ihren Aufenthalt betr\u00e4gt: 5 \u20ac\u00a0pro Person.<\/p>\n<p>&#8211; Haustiere\u00a0von durchschnittlicher und kleiner\u00a0 Gr\u00f6\u00dfe\u00a025 \u20ac\u00a0pro Woche.<\/p>\n<p>&#8211; Extra Schlafsofa f\u00fcr eine Person: 10 \u20ac pro Tag.*<\/p>\n<p>&#8211; Zusatzbett f\u00fcr Kinder: 5 \u20ac pro Tag.<\/p>\n<p>BUCHUNG UND ANZAHLUNG: Reservierungen werden nach Erhalt der Anzahlung in H\u00f6he von 30%\u00a0des gesamten\u00a0 Aufenthaltes per Bank\u00fcberweisung oder Kreditkarte best\u00e4tigt (Paypal).<\/p>\n<p>STORNIERUNG UND K\u00dcNDIGUNG: Im Falle einer Stornierung wird die Anzahlung nicht zur\u00fcckerstattet. Im Falle einer versp\u00e4teten, fehlenden Ankunft oder keine kommunizierende Stornierung des Aufenthalts vor\u00a0mindestens 30 Tage vor Anreise wir die Kaution \/ Anzahlung nicht zur\u00fcckerstattet und eine Zahlung der gesamten Dauer des Aufenthalts wird angefordert.<\/p>\n<p>&#8211; Bitte wenden Sie sich telefonisch oder per E-Mail an die angegebenen Adressen &#8211;<\/p>\n<blockquote><p><a title=\"Book on-line\" href=\"http:\/\/www.lavalledimenticata.it\/de\/book-on-line\/\"><strong>KLICKEN SIE HIER F\u00dcR\u00a0ON-LINE BUCHUNGEN!<\/strong><\/a><a id=\"set-post-thumbnail\" title=\"Imposta l'immagine in evidenza\" href=\"http:\/\/www.lavalledimenticata.it\/wp-admin\/media-upload.php?post_id=992&amp;type=image&amp;TB_iframe=1\"><img loading=\"lazy\" decoding=\"async\" class=\"alignright\" src=\"http:\/\/www.lavalledimenticata.it\/wp-content\/uploads\/2014\/04\/img_guestbook-300x186.png\" alt=\"img_guestbook\" width=\"160\" height=\"98\" \/><\/a><\/p><\/blockquote>\n","protected":false},"excerpt":{"rendered":"<p>Apartment Preise im Jahr 2024 Nebensaison min. 4 n\u00e4chte von 01\/01 bis 31\/03 von 01\/11 bis 31\/12 Zwischensaison min. 4 n\u00e4chte von 01\/04 bis 31\/05 von 17\/09 bis 31\/10 Hochsaison min. 7 n\u00e4chte von 01\/06 bis 16\/09 Wochenenden und Feiertage Apartment MIELE 4 personen Apartment CORBEZZOLO 4+1 personen* Besondere Preise f\u00fcr 2 Personen \u20ac 130\/Tag [&hellip;]<\/p>\n","protected":false},"author":4,"featured_media":1736,"parent":0,"menu_order":51,"comment_status":"open","ping_status":"open","template":"page-full.php","meta":{"footnotes":""},"class_list":["post-992","page","type-page","status-publish","has-post-thumbnail","hentry"],"yoast_head":"<!-- This site is optimized with the Yoast SEO plugin v23.7 - https:\/\/yoast.com\/wordpress\/plugins\/seo\/ -->\n<title>Preise und Reservierungen - Agriturismo nel Montefeltro, Marche<\/title>\n<meta name=\"description\" content=\"Preise und Reservierungen - Agriturismo nel Montefeltro, provincia di Pesaro Urbino, nelle Marche\" \/>\n<meta name=\"robots\" content=\"index, follow, max-snippet:-1, max-image-preview:large, max-video-preview:-1\" \/>\n<link rel=\"canonical\" href=\"https:\/\/www.lavalledimenticata.it\/de\/preise-und-reservierungen\/\" \/>\n<meta property=\"og:locale\" content=\"de_DE\" \/>\n<meta property=\"og:type\" content=\"article\" \/>\n<meta property=\"og:title\" content=\"Preise und Reservierungen - Agriturismo nel Montefeltro, Marche\" \/>\n<meta property=\"og:description\" content=\"Preise und Reservierungen - Agriturismo nel Montefeltro, provincia di Pesaro Urbino, nelle Marche\" \/>\n<meta property=\"og:url\" content=\"https:\/\/www.lavalledimenticata.it\/de\/preise-und-reservierungen\/\" \/>\n<meta property=\"og:site_name\" content=\"Agriturismo La Valle Dimenticata\" \/>\n<meta property=\"article:modified_time\" content=\"2024-01-06T16:31:42+00:00\" \/>\n<meta property=\"og:image\" content=\"https:\/\/www.lavalledimenticata.it\/wp-content\/uploads\/2014\/04\/img_guestbook.png\" \/>\n\t<meta property=\"og:image:width\" content=\"435\" \/>\n\t<meta property=\"og:image:height\" content=\"271\" \/>\n\t<meta property=\"og:image:type\" content=\"image\/png\" \/>\n<meta name=\"twitter:label1\" content=\"Gesch\u00e4tzte Lesezeit\" \/>\n\t<meta name=\"twitter:data1\" content=\"2\u00a0Minuten\" \/>\n<script type=\"application\/ld+json\" class=\"yoast-schema-graph\">{\"@context\":\"https:\/\/schema.org\",\"@graph\":[{\"@type\":\"WebPage\",\"@id\":\"https:\/\/www.lavalledimenticata.it\/de\/preise-und-reservierungen\/\",\"url\":\"https:\/\/www.lavalledimenticata.it\/de\/preise-und-reservierungen\/\",\"name\":\"Preise und Reservierungen - Agriturismo nel Montefeltro, Marche\",\"isPartOf\":{\"@id\":\"https:\/\/www.lavalledimenticata.it\/#website\"},\"primaryImageOfPage\":{\"@id\":\"https:\/\/www.lavalledimenticata.it\/de\/preise-und-reservierungen\/#primaryimage\"},\"image\":{\"@id\":\"https:\/\/www.lavalledimenticata.it\/de\/preise-und-reservierungen\/#primaryimage\"},\"thumbnailUrl\":\"https:\/\/www.lavalledimenticata.it\/wp-content\/uploads\/2014\/04\/img_guestbook.png\",\"datePublished\":\"2013-03-05T16:36:44+00:00\",\"dateModified\":\"2024-01-06T16:31:42+00:00\",\"description\":\"Preise und Reservierungen - Agriturismo nel Montefeltro, provincia di Pesaro Urbino, nelle Marche\",\"breadcrumb\":{\"@id\":\"https:\/\/www.lavalledimenticata.it\/de\/preise-und-reservierungen\/#breadcrumb\"},\"inLanguage\":\"de\",\"potentialAction\":[{\"@type\":\"ReadAction\",\"target\":[\"https:\/\/www.lavalledimenticata.it\/de\/preise-und-reservierungen\/\"]}]},{\"@type\":\"ImageObject\",\"inLanguage\":\"de\",\"@id\":\"https:\/\/www.lavalledimenticata.it\/de\/preise-und-reservierungen\/#primaryimage\",\"url\":\"https:\/\/www.lavalledimenticata.it\/wp-content\/uploads\/2014\/04\/img_guestbook.png\",\"contentUrl\":\"https:\/\/www.lavalledimenticata.it\/wp-content\/uploads\/2014\/04\/img_guestbook.png\",\"width\":435,\"height\":271},{\"@type\":\"BreadcrumbList\",\"@id\":\"https:\/\/www.lavalledimenticata.it\/de\/preise-und-reservierungen\/#breadcrumb\",\"itemListElement\":[{\"@type\":\"ListItem\",\"position\":1,\"name\":\"Home\",\"item\":\"https:\/\/www.lavalledimenticata.it\/\"},{\"@type\":\"ListItem\",\"position\":2,\"name\":\"Preise und Reservierungen\"}]},{\"@type\":\"WebSite\",\"@id\":\"https:\/\/www.lavalledimenticata.it\/#website\",\"url\":\"https:\/\/www.lavalledimenticata.it\/\",\"name\":\"Agriturismo La Valle Dimenticata\",\"description\":\"\",\"potentialAction\":[{\"@type\":\"SearchAction\",\"target\":{\"@type\":\"EntryPoint\",\"urlTemplate\":\"https:\/\/www.lavalledimenticata.it\/?s={search_term_string}\"},\"query-input\":{\"@type\":\"PropertyValueSpecification\",\"valueRequired\":true,\"valueName\":\"search_term_string\"}}],\"inLanguage\":\"de\"}]}<\/script>\n<!-- \/ Yoast SEO plugin. -->","yoast_head_json":{"title":"Preise und Reservierungen - Agriturismo nel Montefeltro, Marche","description":"Preise und Reservierungen - Agriturismo nel Montefeltro, provincia di Pesaro Urbino, nelle Marche","robots":{"index":"index","follow":"follow","max-snippet":"max-snippet:-1","max-image-preview":"max-image-preview:large","max-video-preview":"max-video-preview:-1"},"canonical":"https:\/\/www.lavalledimenticata.it\/de\/preise-und-reservierungen\/","og_locale":"de_DE","og_type":"article","og_title":"Preise und Reservierungen - Agriturismo nel Montefeltro, Marche","og_description":"Preise und Reservierungen - Agriturismo nel Montefeltro, provincia di Pesaro Urbino, nelle Marche","og_url":"https:\/\/www.lavalledimenticata.it\/de\/preise-und-reservierungen\/","og_site_name":"Agriturismo La Valle Dimenticata","article_modified_time":"2024-01-06T16:31:42+00:00","og_image":[{"width":435,"height":271,"url":"https:\/\/www.lavalledimenticata.it\/wp-content\/uploads\/2014\/04\/img_guestbook.png","type":"image\/png"}],"twitter_misc":{"Gesch\u00e4tzte Lesezeit":"2\u00a0Minuten"},"schema":{"@context":"https:\/\/schema.org","@graph":[{"@type":"WebPage","@id":"https:\/\/www.lavalledimenticata.it\/de\/preise-und-reservierungen\/","url":"https:\/\/www.lavalledimenticata.it\/de\/preise-und-reservierungen\/","name":"Preise und Reservierungen - Agriturismo nel Montefeltro, Marche","isPartOf":{"@id":"https:\/\/www.lavalledimenticata.it\/#website"},"primaryImageOfPage":{"@id":"https:\/\/www.lavalledimenticata.it\/de\/preise-und-reservierungen\/#primaryimage"},"image":{"@id":"https:\/\/www.lavalledimenticata.it\/de\/preise-und-reservierungen\/#primaryimage"},"thumbnailUrl":"https:\/\/www.lavalledimenticata.it\/wp-content\/uploads\/2014\/04\/img_guestbook.png","datePublished":"2013-03-05T16:36:44+00:00","dateModified":"2024-01-06T16:31:42+00:00","description":"Preise und Reservierungen - Agriturismo nel Montefeltro, provincia di Pesaro Urbino, nelle Marche","breadcrumb":{"@id":"https:\/\/www.lavalledimenticata.it\/de\/preise-und-reservierungen\/#breadcrumb"},"inLanguage":"de","potentialAction":[{"@type":"ReadAction","target":["https:\/\/www.lavalledimenticata.it\/de\/preise-und-reservierungen\/"]}]},{"@type":"ImageObject","inLanguage":"de","@id":"https:\/\/www.lavalledimenticata.it\/de\/preise-und-reservierungen\/#primaryimage","url":"https:\/\/www.lavalledimenticata.it\/wp-content\/uploads\/2014\/04\/img_guestbook.png","contentUrl":"https:\/\/www.lavalledimenticata.it\/wp-content\/uploads\/2014\/04\/img_guestbook.png","width":435,"height":271},{"@type":"BreadcrumbList","@id":"https:\/\/www.lavalledimenticata.it\/de\/preise-und-reservierungen\/#breadcrumb","itemListElement":[{"@type":"ListItem","position":1,"name":"Home","item":"https:\/\/www.lavalledimenticata.it\/"},{"@type":"ListItem","position":2,"name":"Preise und Reservierungen"}]},{"@type":"WebSite","@id":"https:\/\/www.lavalledimenticata.it\/#website","url":"https:\/\/www.lavalledimenticata.it\/","name":"Agriturismo La Valle Dimenticata","description":"","potentialAction":[{"@type":"SearchAction","target":{"@type":"EntryPoint","urlTemplate":"https:\/\/www.lavalledimenticata.it\/?s={search_term_string}"},"query-input":{"@type":"PropertyValueSpecification","valueRequired":true,"valueName":"search_term_string"}}],"inLanguage":"de"}]}},"_links":{"self":[{"href":"https:\/\/www.lavalledimenticata.it\/de\/wp-json\/wp\/v2\/pages\/992"}],"collection":[{"href":"https:\/\/www.lavalledimenticata.it\/de\/wp-json\/wp\/v2\/pages"}],"about":[{"href":"https:\/\/www.lavalledimenticata.it\/de\/wp-json\/wp\/v2\/types\/page"}],"author":[{"embeddable":true,"href":"https:\/\/www.lavalledimenticata.it\/de\/wp-json\/wp\/v2\/users\/4"}],"replies":[{"embeddable":true,"href":"https:\/\/www.lavalledimenticata.it\/de\/wp-json\/wp\/v2\/comments?post=992"}],"version-history":[{"count":48,"href":"https:\/\/www.lavalledimenticata.it\/de\/wp-json\/wp\/v2\/pages\/992\/revisions"}],"predecessor-version":[{"id":4490,"href":"https:\/\/www.lavalledimenticata.it\/de\/wp-json\/wp\/v2\/pages\/992\/revisions\/4490"}],"wp:featuredmedia":[{"embeddable":true,"href":"https:\/\/www.lavalledimenticata.it\/de\/wp-json\/wp\/v2\/media\/1736"}],"wp:attachment":[{"href":"https:\/\/www.lavalledimenticata.it\/de\/wp-json\/wp\/v2\/media?parent=992"}],"curies":[{"name":"wp","href":"https:\/\/api.w.org\/{rel}","templated":true}]}}