{"id":1014,"date":"2013-03-05T17:42:53","date_gmt":"2013-03-05T16:42:53","guid":{"rendered":"http:\/\/www.lavalledimenticata.it\/les-environs\/feste-ed-eventi\/"},"modified":"2020-07-30T16:03:50","modified_gmt":"2020-07-30T14:03:50","slug":"festivals","status":"publish","type":"page","link":"https:\/\/www.lavalledimenticata.it\/fr\/les-environs\/festivals\/","title":{"rendered":"Festivals et \u00e9v\u00e9nements"},"content":{"rendered":"<p><b>COUTUMES ET TRADITIONS<\/b><\/p>\n<p><span style=\"text-decoration: underline;\"><a href=\"http:\/\/www.urbania-casteldurante.it\/it\/il-folklore.html\" target=\"_blank\">http:\/\/www.urbania-casteldurante.it\/it\/il-folklore.html<\/a><\/span><\/p>\n<p style=\"color: #333333; text-transform: none; text-indent: 0px; letter-spacing: normal; font-family: Georgia, 'Times New Roman', 'Bitstream Charter', Times, serif; font-size: 16px; font-style: normal; font-weight: 400; word-spacing: 0px; white-space: normal; orphans: 2; widows: 2; font-variant-ligatures: normal; font-variant-caps: normal; -webkit-text-stroke-width: 0px; text-decoration-style: initial; text-decoration-color: initial;\"><strong>WEB\u00a0<\/strong><\/p>\n<p><a href=\"https:\/\/www.vieniaurbino.it\/\">www.vieniaurbino.it<\/a><\/p>\n<p><a href=\"https:\/\/visiturbania.com\/\">www.visiturbania.it<\/a><\/p>\n<p><b>FESTIVALS ET \u00c9V\u00c9NEMENTS<\/b><\/p>\n<p><span style=\"text-decoration: underline;\"><span style=\"text-decoration: underline;\"><a href=\"http:\/\/www.urbania-casteldurante.it\/it\/vivere-la-citt%C3%A0.html\">http:\/\/www.urbania-casteldurante.it\/it\/vivere-la-citt%C3%A0.html<\/a><\/span><\/span><\/p>\n<p><a href=\"http:\/\/www.boscodeifolletti.it\/\" target=\"_blank\"><span style=\"text-decoration: underline;\">http:\/\/www.boscodeifolletti.it\/<\/span><\/a><\/p>\n<p><span style=\"text-decoration: underline;\"><a href=\"http:\/\/www.proloco-fermignano.it\/\">http:\/\/www.proloco-fermignano.it\/<\/a><\/span><\/p>\n<p><span style=\"text-decoration: underline;\"><a href=\"http:\/\/www.urbino-rievocazionistoriche.it\/index1.htm\">http:\/\/www.urbino-rievocazionistoriche.it\/index1.htm<\/a><\/span><\/p>\n","protected":false},"excerpt":{"rendered":"<p>COUTUMES ET TRADITIONS http:\/\/www.urbania-casteldurante.it\/it\/il-folklore.html WEB\u00a0 www.vieniaurbino.it www.visiturbania.it FESTIVALS ET \u00c9V\u00c9NEMENTS http:\/\/www.urbania-casteldurante.it\/it\/vivere-la-citt%C3%A0.html http:\/\/www.boscodeifolletti.it\/ http:\/\/www.proloco-fermignano.it\/ http:\/\/www.urbino-rievocazionistoriche.it\/index1.htm<\/p>\n","protected":false},"author":4,"featured_media":4123,"parent":1005,"menu_order":72,"comment_status":"open","ping_status":"open","template":"page-full.php","meta":{"footnotes":""},"class_list":["post-1014","page","type-page","status-publish","has-post-thumbnail","hentry"],"yoast_head":"<!-- This site is optimized with the Yoast SEO plugin v23.7 - https:\/\/yoast.com\/wordpress\/plugins\/seo\/ -->\n<title>Festivals et \u00e9v\u00e9nements - Agriturismo nel Montefeltro, Marche<\/title>\n<meta name=\"description\" content=\"Festivals et \u00e9v\u00e9nements - Agriturismo nel Montefeltro, provincia di Pesaro Urbino, nelle Marche\" \/>\n<meta name=\"robots\" content=\"index, follow, max-snippet:-1, max-image-preview:large, max-video-preview:-1\" \/>\n<link rel=\"canonical\" href=\"https:\/\/www.lavalledimenticata.it\/fr\/les-environs\/festivals\/\" \/>\n<meta property=\"og:locale\" content=\"fr_FR\" \/>\n<meta property=\"og:type\" content=\"article\" \/>\n<meta property=\"og:title\" content=\"Festivals et \u00e9v\u00e9nements - Agriturismo nel Montefeltro, Marche\" \/>\n<meta property=\"og:description\" content=\"Festivals et \u00e9v\u00e9nements - Agriturismo nel Montefeltro, provincia di Pesaro Urbino, nelle Marche\" \/>\n<meta property=\"og:url\" content=\"https:\/\/www.lavalledimenticata.it\/fr\/les-environs\/festivals\/\" \/>\n<meta property=\"og:site_name\" content=\"Agriturismo La Valle Dimenticata\" \/>\n<meta property=\"article:modified_time\" content=\"2020-07-30T14:03:50+00:00\" \/>\n<meta property=\"og:image\" content=\"https:\/\/www.lavalledimenticata.it\/wp-content\/uploads\/2013\/03\/StemmaUrbania.png\" \/>\n\t<meta property=\"og:image:width\" content=\"90\" \/>\n\t<meta property=\"og:image:height\" content=\"81\" \/>\n\t<meta property=\"og:image:type\" content=\"image\/png\" \/>\n<script type=\"application\/ld+json\" class=\"yoast-schema-graph\">{\"@context\":\"https:\/\/schema.org\",\"@graph\":[{\"@type\":\"WebPage\",\"@id\":\"https:\/\/www.lavalledimenticata.it\/fr\/les-environs\/festivals\/\",\"url\":\"https:\/\/www.lavalledimenticata.it\/fr\/les-environs\/festivals\/\",\"name\":\"Festivals et \u00e9v\u00e9nements - Agriturismo nel Montefeltro, Marche\",\"isPartOf\":{\"@id\":\"https:\/\/www.lavalledimenticata.it\/#website\"},\"primaryImageOfPage\":{\"@id\":\"https:\/\/www.lavalledimenticata.it\/fr\/les-environs\/festivals\/#primaryimage\"},\"image\":{\"@id\":\"https:\/\/www.lavalledimenticata.it\/fr\/les-environs\/festivals\/#primaryimage\"},\"thumbnailUrl\":\"https:\/\/www.lavalledimenticata.it\/wp-content\/uploads\/2013\/03\/StemmaUrbania.png\",\"datePublished\":\"2013-03-05T16:42:53+00:00\",\"dateModified\":\"2020-07-30T14:03:50+00:00\",\"description\":\"Festivals et \u00e9v\u00e9nements - Agriturismo nel Montefeltro, provincia di Pesaro Urbino, nelle Marche\",\"breadcrumb\":{\"@id\":\"https:\/\/www.lavalledimenticata.it\/fr\/les-environs\/festivals\/#breadcrumb\"},\"inLanguage\":\"fr-FR\",\"potentialAction\":[{\"@type\":\"ReadAction\",\"target\":[\"https:\/\/www.lavalledimenticata.it\/fr\/les-environs\/festivals\/\"]}]},{\"@type\":\"ImageObject\",\"inLanguage\":\"fr-FR\",\"@id\":\"https:\/\/www.lavalledimenticata.it\/fr\/les-environs\/festivals\/#primaryimage\",\"url\":\"https:\/\/www.lavalledimenticata.it\/wp-content\/uploads\/2013\/03\/StemmaUrbania.png\",\"contentUrl\":\"https:\/\/www.lavalledimenticata.it\/wp-content\/uploads\/2013\/03\/StemmaUrbania.png\",\"width\":90,\"height\":81},{\"@type\":\"BreadcrumbList\",\"@id\":\"https:\/\/www.lavalledimenticata.it\/fr\/les-environs\/festivals\/#breadcrumb\",\"itemListElement\":[{\"@type\":\"ListItem\",\"position\":1,\"name\":\"Home\",\"item\":\"https:\/\/www.lavalledimenticata.it\/\"},{\"@type\":\"ListItem\",\"position\":2,\"name\":\"Les environs\",\"item\":\"https:\/\/www.lavalledimenticata.it\/fr\/les-environs\/\"},{\"@type\":\"ListItem\",\"position\":3,\"name\":\"Festivals et \u00e9v\u00e9nements\"}]},{\"@type\":\"WebSite\",\"@id\":\"https:\/\/www.lavalledimenticata.it\/#website\",\"url\":\"https:\/\/www.lavalledimenticata.it\/\",\"name\":\"Agriturismo La Valle Dimenticata\",\"description\":\"\",\"potentialAction\":[{\"@type\":\"SearchAction\",\"target\":{\"@type\":\"EntryPoint\",\"urlTemplate\":\"https:\/\/www.lavalledimenticata.it\/?s={search_term_string}\"},\"query-input\":{\"@type\":\"PropertyValueSpecification\",\"valueRequired\":true,\"valueName\":\"search_term_string\"}}],\"inLanguage\":\"fr-FR\"}]}<\/script>\n<!-- \/ Yoast SEO plugin. -->","yoast_head_json":{"title":"Festivals et \u00e9v\u00e9nements - Agriturismo nel Montefeltro, Marche","description":"Festivals et \u00e9v\u00e9nements - Agriturismo nel Montefeltro, provincia di Pesaro Urbino, nelle Marche","robots":{"index":"index","follow":"follow","max-snippet":"max-snippet:-1","max-image-preview":"max-image-preview:large","max-video-preview":"max-video-preview:-1"},"canonical":"https:\/\/www.lavalledimenticata.it\/fr\/les-environs\/festivals\/","og_locale":"fr_FR","og_type":"article","og_title":"Festivals et \u00e9v\u00e9nements - Agriturismo nel Montefeltro, Marche","og_description":"Festivals et \u00e9v\u00e9nements - Agriturismo nel Montefeltro, provincia di Pesaro Urbino, nelle Marche","og_url":"https:\/\/www.lavalledimenticata.it\/fr\/les-environs\/festivals\/","og_site_name":"Agriturismo La Valle Dimenticata","article_modified_time":"2020-07-30T14:03:50+00:00","og_image":[{"width":90,"height":81,"url":"https:\/\/www.lavalledimenticata.it\/wp-content\/uploads\/2013\/03\/StemmaUrbania.png","type":"image\/png"}],"schema":{"@context":"https:\/\/schema.org","@graph":[{"@type":"WebPage","@id":"https:\/\/www.lavalledimenticata.it\/fr\/les-environs\/festivals\/","url":"https:\/\/www.lavalledimenticata.it\/fr\/les-environs\/festivals\/","name":"Festivals et \u00e9v\u00e9nements - Agriturismo nel Montefeltro, Marche","isPartOf":{"@id":"https:\/\/www.lavalledimenticata.it\/#website"},"primaryImageOfPage":{"@id":"https:\/\/www.lavalledimenticata.it\/fr\/les-environs\/festivals\/#primaryimage"},"image":{"@id":"https:\/\/www.lavalledimenticata.it\/fr\/les-environs\/festivals\/#primaryimage"},"thumbnailUrl":"https:\/\/www.lavalledimenticata.it\/wp-content\/uploads\/2013\/03\/StemmaUrbania.png","datePublished":"2013-03-05T16:42:53+00:00","dateModified":"2020-07-30T14:03:50+00:00","description":"Festivals et \u00e9v\u00e9nements - Agriturismo nel Montefeltro, provincia di Pesaro Urbino, nelle Marche","breadcrumb":{"@id":"https:\/\/www.lavalledimenticata.it\/fr\/les-environs\/festivals\/#breadcrumb"},"inLanguage":"fr-FR","potentialAction":[{"@type":"ReadAction","target":["https:\/\/www.lavalledimenticata.it\/fr\/les-environs\/festivals\/"]}]},{"@type":"ImageObject","inLanguage":"fr-FR","@id":"https:\/\/www.lavalledimenticata.it\/fr\/les-environs\/festivals\/#primaryimage","url":"https:\/\/www.lavalledimenticata.it\/wp-content\/uploads\/2013\/03\/StemmaUrbania.png","contentUrl":"https:\/\/www.lavalledimenticata.it\/wp-content\/uploads\/2013\/03\/StemmaUrbania.png","width":90,"height":81},{"@type":"BreadcrumbList","@id":"https:\/\/www.lavalledimenticata.it\/fr\/les-environs\/festivals\/#breadcrumb","itemListElement":[{"@type":"ListItem","position":1,"name":"Home","item":"https:\/\/www.lavalledimenticata.it\/"},{"@type":"ListItem","position":2,"name":"Les environs","item":"https:\/\/www.lavalledimenticata.it\/fr\/les-environs\/"},{"@type":"ListItem","position":3,"name":"Festivals et \u00e9v\u00e9nements"}]},{"@type":"WebSite","@id":"https:\/\/www.lavalledimenticata.it\/#website","url":"https:\/\/www.lavalledimenticata.it\/","name":"Agriturismo La Valle Dimenticata","description":"","potentialAction":[{"@type":"SearchAction","target":{"@type":"EntryPoint","urlTemplate":"https:\/\/www.lavalledimenticata.it\/?s={search_term_string}"},"query-input":{"@type":"PropertyValueSpecification","valueRequired":true,"valueName":"search_term_string"}}],"inLanguage":"fr-FR"}]}},"_links":{"self":[{"href":"https:\/\/www.lavalledimenticata.it\/fr\/wp-json\/wp\/v2\/pages\/1014"}],"collection":[{"href":"https:\/\/www.lavalledimenticata.it\/fr\/wp-json\/wp\/v2\/pages"}],"about":[{"href":"https:\/\/www.lavalledimenticata.it\/fr\/wp-json\/wp\/v2\/types\/page"}],"author":[{"embeddable":true,"href":"https:\/\/www.lavalledimenticata.it\/fr\/wp-json\/wp\/v2\/users\/4"}],"replies":[{"embeddable":true,"href":"https:\/\/www.lavalledimenticata.it\/fr\/wp-json\/wp\/v2\/comments?post=1014"}],"version-history":[{"count":3,"href":"https:\/\/www.lavalledimenticata.it\/fr\/wp-json\/wp\/v2\/pages\/1014\/revisions"}],"predecessor-version":[{"id":3394,"href":"https:\/\/www.lavalledimenticata.it\/fr\/wp-json\/wp\/v2\/pages\/1014\/revisions\/3394"}],"up":[{"embeddable":true,"href":"https:\/\/www.lavalledimenticata.it\/fr\/wp-json\/wp\/v2\/pages\/1005"}],"wp:featuredmedia":[{"embeddable":true,"href":"https:\/\/www.lavalledimenticata.it\/fr\/wp-json\/wp\/v2\/media\/4123"}],"wp:attachment":[{"href":"https:\/\/www.lavalledimenticata.it\/fr\/wp-json\/wp\/v2\/media?parent=1014"}],"curies":[{"name":"wp","href":"https:\/\/api.w.org\/{rel}","templated":true}]}}