{"id":1023,"date":"2013-03-05T17:43:45","date_gmt":"2013-03-05T16:43:45","guid":{"rendered":"http:\/\/www.lavalledimenticata.it\/contatti-2\/"},"modified":"2025-11-03T21:52:28","modified_gmt":"2025-11-03T20:52:28","slug":"contactez-nous","status":"publish","type":"page","link":"https:\/\/www.lavalledimenticata.it\/fr\/contactez-nous\/","title":{"rendered":"Contacts"},"content":{"rendered":"<p><div class='two_third'>\n\t\t\t\t\tT\u00c9L\u00c9PHONE:<\/p>\n<p>&#8211;\u00a0347 0745690 VALERIA &#8211; 347 7011951 CLAUDIO &#8211; 0722\u00a0547321 depuis l\u2019Italie<\/p>\n<p>E-MAIL: <a href=\"mailto:info@lavalledimenticata.it\">info@lavalledimenticata.it<\/a><\/p>\n<p>ADRESSE: Via Santa Maria in Spinateci, 26 &#8211; Localit\u00e0 C\u00e0 Battaglino &#8211; URBANIA (Pesaro e Urbino) Italy<\/p>\n<p><span class=\"hps\">Coordonn\u00e9es GPS<\/span> : 43\u00b067\u201991.18\u2033 N , 12\u00b055\u201948.11\u2033 E<\/p>\n<p><span class=\"hps\">En arrivant<\/span> <span class=\"hps\">via le syst\u00e8me<\/span> <span class=\"hps\">de navigation<\/span>, <span class=\"hps\">s&rsquo;il vous pla\u00eet entrer<\/span> <span class=\"hps\">Via<\/span> <span class=\"hps\">Porta<\/span> <span class=\"hps\">Nuova<\/span> <span class=\"hps\">47<\/span> <span class=\"hps\">Urbania<\/span>. <span class=\"hps\">La propri\u00e9t\u00e9 est situ\u00e9e<\/span> <span class=\"hps\">\u00e0 environ 2 km<\/span> <span class=\"hps\">de ce point<\/span>.<\/p>\n<p><strong>Comment y arriver<\/strong><\/p>\n<p>Pour arriver \u00e0 Urbania on peut parcourir l&rsquo;autoroute adriatique A14 (Bologna-Canosa) et prendre la sortie de Fano. Ensuite, suivre la direction d&rsquo;Urbino, mais avant d&rsquo;y arriver tourner en direction de Fermignano tout en suivant les indications routi\u00e8res pour Urbania. Une fois depass\u00e9 les feux et avant l&rsquo;entr\u00e9e de la ville tourner \u00e0 droite deux fois et montez sur la colline environ\u00a03 km en suivant les panneaux indicatifs.<\/p>\n<p>Toujours en parcourant l&rsquo;autoroute adriatique A14 (Bologna-Canosa) en prenant la sortie de Pesaro, suivre direction Urbino, arriv\u00e9 \u00e0 la rotonde, premi\u00e8re sortie \u00e0, droite direction Urbania. Parcourir la S.S. 73bis durant 16km et avant \u00ab la stazione dei carabinieri \u00bb tourner \u00e0 gauche en suivant, les indications.<\/p>\n<p>Si vous arrivez de Rome ou du versant tyrrh\u00e9nien rn\u00e9ridional, le parcours plus rapide est de suivre l&rsquo;autoroute du soleil Al prendre la sortie Orte en restant sur la S.S. 204 jusqu&rsquo;\u00e0 s&rsquo;introduire sur la 3bis pour Perugia que vous devez suivre jusqu&rsquo;\u00e0 la localit\u00e9 Bosco. Depuis ici prendre la S.S. 298 direction Gubbio ensuite la statale n.3 Flaminia avec direction Cantiano, Cagli et Acqualagna: depuis cette localit\u00e9 se trouvent les indications directes pour arriver \u00e0 Urbania.<\/p>\n<p>Pour ceux qui arrivent en avion, les a\u00e9roports plus proches de Urbania sont Rimini et Ancona, Tandis que les gares de r\u00e9f\u00e9rence sont celles de Pesaro et Fano et depuis l\u00e0 il est possible utiliser les autobus ou le service de taxi.\n\t\t\t\t<\/div><br \/>\n<div class='one_third last'>\n\t\t\t\t\t<iframe loading=\"lazy\" style=\"border: currentColor; width: 250px; height: 590px; overflow: hidden;\" src=\"\/\/www.facebook.com\/plugins\/likebox.php?href=http%3A%2F%2Fwww.facebook.com%2Flavalledimenticata.agriturismo&amp;width=250&amp;height=590&amp;show_faces=true&amp;colorscheme=light&amp;stream=true&amp;show_border=true&amp;header=true&amp;appId=505045572841969\" width=\"100%\" height=\"400\" frameborder=\"0\" scrolling=\"no\"><\/iframe>\n\t\t\t\t<\/div><div class='clear'><\/div><\/p>\n<p><strong>Carte<\/strong><\/p>\n<p><iframe loading=\"lazy\" style=\"border: 0;\" src=\"https:\/\/www.google.com\/maps\/embed?pb=!1m18!1m12!1m3!1d48914.11424003014!2d12.523308207853907!3d43.678353367698136!2m3!1f0!2f0!3f0!3m2!1i1024!2i768!4f13.1!3m3!1m2!1s0x132cf9eaaaaaaaab%3A0x2b0e5c96d3863c27!2sAgriturismo%20La%20Valle%20Dimenticata!5e0!3m2!1sit!2sit!4v1635487574649!5m2!1sit!2sit\" width=\"100%\" height=\"450\" allowfullscreen=\"allowfullscreen\"><\/iframe><\/p>\n<p><strong>Formulaire de demande d&rsquo;information<\/strong><\/p>\n","protected":false},"excerpt":{"rendered":"<p>Carte Formulaire de demande d&rsquo;information<\/p>\n","protected":false},"author":4,"featured_media":4129,"parent":0,"menu_order":66,"comment_status":"open","ping_status":"closed","template":"page-contact.php","meta":{"footnotes":""},"class_list":["post-1023","page","type-page","status-publish","has-post-thumbnail","hentry"],"yoast_head":"<!-- This site is optimized with the Yoast SEO plugin v23.7 - https:\/\/yoast.com\/wordpress\/plugins\/seo\/ -->\n<title>Contacts - Agriturismo nel Montefeltro, Marche<\/title>\n<meta name=\"description\" content=\"Contacts - Agriturismo nel Montefeltro, provincia di Pesaro Urbino, nelle Marche\" \/>\n<meta name=\"robots\" content=\"index, follow, max-snippet:-1, max-image-preview:large, max-video-preview:-1\" \/>\n<link rel=\"canonical\" href=\"https:\/\/www.lavalledimenticata.it\/fr\/contactez-nous\/\" \/>\n<meta property=\"og:locale\" content=\"fr_FR\" \/>\n<meta property=\"og:type\" content=\"article\" \/>\n<meta property=\"og:title\" content=\"Contacts - Agriturismo nel Montefeltro, Marche\" \/>\n<meta property=\"og:description\" content=\"Contacts - Agriturismo nel Montefeltro, provincia di Pesaro Urbino, nelle Marche\" \/>\n<meta property=\"og:url\" content=\"https:\/\/www.lavalledimenticata.it\/fr\/contactez-nous\/\" \/>\n<meta property=\"og:site_name\" content=\"Agriturismo La Valle Dimenticata\" \/>\n<meta property=\"article:modified_time\" content=\"2025-11-03T20:52:28+00:00\" \/>\n<meta property=\"og:image\" content=\"http:\/\/www.lavalledimenticata.it\/wp-content\/uploads\/2013\/03\/icon1.gif\" \/>\n\t<meta property=\"og:image:width\" content=\"62\" \/>\n\t<meta property=\"og:image:height\" content=\"62\" \/>\n\t<meta property=\"og:image:type\" content=\"image\/gif\" \/>\n<meta name=\"twitter:label1\" content=\"Dur\u00e9e de lecture estim\u00e9e\" \/>\n\t<meta name=\"twitter:data1\" content=\"2 minutes\" \/>\n<script type=\"application\/ld+json\" class=\"yoast-schema-graph\">{\"@context\":\"https:\/\/schema.org\",\"@graph\":[{\"@type\":\"WebPage\",\"@id\":\"https:\/\/www.lavalledimenticata.it\/fr\/contactez-nous\/\",\"url\":\"https:\/\/www.lavalledimenticata.it\/fr\/contactez-nous\/\",\"name\":\"Contacts - Agriturismo nel Montefeltro, Marche\",\"isPartOf\":{\"@id\":\"https:\/\/www.lavalledimenticata.it\/#website\"},\"primaryImageOfPage\":{\"@id\":\"https:\/\/www.lavalledimenticata.it\/fr\/contactez-nous\/#primaryimage\"},\"image\":{\"@id\":\"https:\/\/www.lavalledimenticata.it\/fr\/contactez-nous\/#primaryimage\"},\"thumbnailUrl\":\"https:\/\/www.lavalledimenticata.it\/wp-content\/uploads\/2013\/03\/icon1.gif\",\"datePublished\":\"2013-03-05T16:43:45+00:00\",\"dateModified\":\"2025-11-03T20:52:28+00:00\",\"description\":\"Contacts - Agriturismo nel Montefeltro, provincia di Pesaro Urbino, nelle Marche\",\"breadcrumb\":{\"@id\":\"https:\/\/www.lavalledimenticata.it\/fr\/contactez-nous\/#breadcrumb\"},\"inLanguage\":\"fr-FR\",\"potentialAction\":[{\"@type\":\"ReadAction\",\"target\":[\"https:\/\/www.lavalledimenticata.it\/fr\/contactez-nous\/\"]}]},{\"@type\":\"ImageObject\",\"inLanguage\":\"fr-FR\",\"@id\":\"https:\/\/www.lavalledimenticata.it\/fr\/contactez-nous\/#primaryimage\",\"url\":\"https:\/\/www.lavalledimenticata.it\/wp-content\/uploads\/2013\/03\/icon1.gif\",\"contentUrl\":\"https:\/\/www.lavalledimenticata.it\/wp-content\/uploads\/2013\/03\/icon1.gif\",\"width\":62,\"height\":62},{\"@type\":\"BreadcrumbList\",\"@id\":\"https:\/\/www.lavalledimenticata.it\/fr\/contactez-nous\/#breadcrumb\",\"itemListElement\":[{\"@type\":\"ListItem\",\"position\":1,\"name\":\"Home\",\"item\":\"https:\/\/www.lavalledimenticata.it\/\"},{\"@type\":\"ListItem\",\"position\":2,\"name\":\"Contacts\"}]},{\"@type\":\"WebSite\",\"@id\":\"https:\/\/www.lavalledimenticata.it\/#website\",\"url\":\"https:\/\/www.lavalledimenticata.it\/\",\"name\":\"Agriturismo La Valle Dimenticata\",\"description\":\"\",\"potentialAction\":[{\"@type\":\"SearchAction\",\"target\":{\"@type\":\"EntryPoint\",\"urlTemplate\":\"https:\/\/www.lavalledimenticata.it\/?s={search_term_string}\"},\"query-input\":{\"@type\":\"PropertyValueSpecification\",\"valueRequired\":true,\"valueName\":\"search_term_string\"}}],\"inLanguage\":\"fr-FR\"}]}<\/script>\n<!-- \/ Yoast SEO plugin. -->","yoast_head_json":{"title":"Contacts - Agriturismo nel Montefeltro, Marche","description":"Contacts - Agriturismo nel Montefeltro, provincia di Pesaro Urbino, nelle Marche","robots":{"index":"index","follow":"follow","max-snippet":"max-snippet:-1","max-image-preview":"max-image-preview:large","max-video-preview":"max-video-preview:-1"},"canonical":"https:\/\/www.lavalledimenticata.it\/fr\/contactez-nous\/","og_locale":"fr_FR","og_type":"article","og_title":"Contacts - Agriturismo nel Montefeltro, Marche","og_description":"Contacts - Agriturismo nel Montefeltro, provincia di Pesaro Urbino, nelle Marche","og_url":"https:\/\/www.lavalledimenticata.it\/fr\/contactez-nous\/","og_site_name":"Agriturismo La Valle Dimenticata","article_modified_time":"2025-11-03T20:52:28+00:00","og_image":[{"width":62,"height":62,"url":"http:\/\/www.lavalledimenticata.it\/wp-content\/uploads\/2013\/03\/icon1.gif","type":"image\/gif"}],"twitter_misc":{"Dur\u00e9e de lecture estim\u00e9e":"2 minutes"},"schema":{"@context":"https:\/\/schema.org","@graph":[{"@type":"WebPage","@id":"https:\/\/www.lavalledimenticata.it\/fr\/contactez-nous\/","url":"https:\/\/www.lavalledimenticata.it\/fr\/contactez-nous\/","name":"Contacts - Agriturismo nel Montefeltro, Marche","isPartOf":{"@id":"https:\/\/www.lavalledimenticata.it\/#website"},"primaryImageOfPage":{"@id":"https:\/\/www.lavalledimenticata.it\/fr\/contactez-nous\/#primaryimage"},"image":{"@id":"https:\/\/www.lavalledimenticata.it\/fr\/contactez-nous\/#primaryimage"},"thumbnailUrl":"https:\/\/www.lavalledimenticata.it\/wp-content\/uploads\/2013\/03\/icon1.gif","datePublished":"2013-03-05T16:43:45+00:00","dateModified":"2025-11-03T20:52:28+00:00","description":"Contacts - Agriturismo nel Montefeltro, provincia di Pesaro Urbino, nelle Marche","breadcrumb":{"@id":"https:\/\/www.lavalledimenticata.it\/fr\/contactez-nous\/#breadcrumb"},"inLanguage":"fr-FR","potentialAction":[{"@type":"ReadAction","target":["https:\/\/www.lavalledimenticata.it\/fr\/contactez-nous\/"]}]},{"@type":"ImageObject","inLanguage":"fr-FR","@id":"https:\/\/www.lavalledimenticata.it\/fr\/contactez-nous\/#primaryimage","url":"https:\/\/www.lavalledimenticata.it\/wp-content\/uploads\/2013\/03\/icon1.gif","contentUrl":"https:\/\/www.lavalledimenticata.it\/wp-content\/uploads\/2013\/03\/icon1.gif","width":62,"height":62},{"@type":"BreadcrumbList","@id":"https:\/\/www.lavalledimenticata.it\/fr\/contactez-nous\/#breadcrumb","itemListElement":[{"@type":"ListItem","position":1,"name":"Home","item":"https:\/\/www.lavalledimenticata.it\/"},{"@type":"ListItem","position":2,"name":"Contacts"}]},{"@type":"WebSite","@id":"https:\/\/www.lavalledimenticata.it\/#website","url":"https:\/\/www.lavalledimenticata.it\/","name":"Agriturismo La Valle Dimenticata","description":"","potentialAction":[{"@type":"SearchAction","target":{"@type":"EntryPoint","urlTemplate":"https:\/\/www.lavalledimenticata.it\/?s={search_term_string}"},"query-input":{"@type":"PropertyValueSpecification","valueRequired":true,"valueName":"search_term_string"}}],"inLanguage":"fr-FR"}]}},"_links":{"self":[{"href":"https:\/\/www.lavalledimenticata.it\/fr\/wp-json\/wp\/v2\/pages\/1023"}],"collection":[{"href":"https:\/\/www.lavalledimenticata.it\/fr\/wp-json\/wp\/v2\/pages"}],"about":[{"href":"https:\/\/www.lavalledimenticata.it\/fr\/wp-json\/wp\/v2\/types\/page"}],"author":[{"embeddable":true,"href":"https:\/\/www.lavalledimenticata.it\/fr\/wp-json\/wp\/v2\/users\/4"}],"replies":[{"embeddable":true,"href":"https:\/\/www.lavalledimenticata.it\/fr\/wp-json\/wp\/v2\/comments?post=1023"}],"version-history":[{"count":9,"href":"https:\/\/www.lavalledimenticata.it\/fr\/wp-json\/wp\/v2\/pages\/1023\/revisions"}],"predecessor-version":[{"id":4499,"href":"https:\/\/www.lavalledimenticata.it\/fr\/wp-json\/wp\/v2\/pages\/1023\/revisions\/4499"}],"wp:featuredmedia":[{"embeddable":true,"href":"https:\/\/www.lavalledimenticata.it\/fr\/wp-json\/wp\/v2\/media\/4129"}],"wp:attachment":[{"href":"https:\/\/www.lavalledimenticata.it\/fr\/wp-json\/wp\/v2\/media?parent=1023"}],"curies":[{"name":"wp","href":"https:\/\/api.w.org\/{rel}","templated":true}]}}