{"id":672,"date":"2013-09-13T10:58:52","date_gmt":"2013-09-13T08:58:52","guid":{"rendered":"http:\/\/www.lavalledimenticata.it\/?page_id=672"},"modified":"2020-09-27T13:11:40","modified_gmt":"2020-09-27T11:11:40","slug":"la-ferme","status":"publish","type":"page","link":"https:\/\/www.lavalledimenticata.it\/fr\/la-ferme\/","title":{"rendered":"La ferme"},"content":{"rendered":"<p>Perdue dans la campagne d&rsquo;<em>Urbania<\/em>, La Valle Dimenticata est une charmante\u00a0ferme\u00a0o\u00f9 on peut se r\u00e9fugier et se laisser emporter par le calme qui y r\u00e8gne.\u00a0La porte que le pass\u00e9 avait ferm\u00e9e a \u00e9t\u00e9 rouverte.<\/p>\n<p>Nous nous trouvons dans <strong>le c\u0153ur du Montefeltro<\/strong>, dans les Marches, en position collinaire et dans un paysage sobre\u00a0\u00e0 5 minutes de la ville.\u00a0Nous sommes \u00e0 peu de kilom\u00e8tres de la splendide Urbino, <strong>le long de la \u00ab <em>Strada del Duca<\/em>\u00bb<\/strong>,\u00a0au bord\u00a0entre Marches, Ombrie, Toscane et Romagne. C&rsquo;est un endroit tr\u00e8s suggestif\u00a0et relaxant.<\/p>\n<p>Avec mon mari nous avons\u00a0pris une d\u00e9cision pour\u00a0la vie et nous sommes venus\u00a0nous installer ici avec nos deux filles. Nous sommes tomb\u00e9s amoureux du silence et de ces pierres qui luttaient avec toute leur force pour survivre et qui \u00e9taient\u00a0sur le point d\u2019\u00eatre \u00e9cras\u00e9s par la nature environnante.<\/p>\n<p><img loading=\"lazy\" decoding=\"async\" class=\"aligncenter wp-image-3402 size-full\" src=\"http:\/\/www.lavalledimenticata.it\/wp-content\/uploads\/2013\/03\/IMG-20200622-WA0002-002.jpg\" alt=\"\" width=\"768\" height=\"1024\" srcset=\"https:\/\/www.lavalledimenticata.it\/wp-content\/uploads\/2013\/03\/IMG-20200622-WA0002-002.jpg 768w, https:\/\/www.lavalledimenticata.it\/wp-content\/uploads\/2013\/03\/IMG-20200622-WA0002-002-225x300.jpg 225w\" sizes=\"(max-width: 768px) 100vw, 768px\" \/><\/p>\n<p>&nbsp;<\/p>\n<p>Nous avons mis toute notre passion et notre courage pour transformer cette ruine\u00a0en \u00e9tat catastrophique \u00e0 un lieu d&rsquo;agritourisme prosp\u00e8re. Nous en avons obtenu un petit coin de paradis.\u00a0Maintenant la maison est form\u00e9e de notre habitation et de deux appartements mis \u00e0 la disposition de nos chers clients.<\/p>\n<p><strong>Aucun encombrement<\/strong>: les deux appartements\u00a0permettent d\u2019avoir au maximum 8 h\u00f4tes \u00e0 fin de\u00a0profiter de l&rsquo;intimit\u00e9 et du calme.<br \/>\nQui vient s\u00e9journer ici\u00a0peut\u00a0d\u00e9couvre la calme absolu et\u00a0gagner le bien-\u00eatre du corps et de l&rsquo;esprit. \u00c0 chaque saison on peut reconna\u00eetre les oiseaux par leur chant, \u00e9couter les sons de la nature et profiter d&rsquo;une grande paix.<\/p>\n","protected":false},"excerpt":{"rendered":"<p>Perdue dans la campagne d&rsquo;Urbania, La Valle Dimenticata est une charmante ferme o\u00f9 on peut se r\u00e9fugier et se laisser emporter par le calme qui y r\u00e8gne. La porte que le pass\u00e9 avait ferm\u00e9e a \u00e9t\u00e9 rouverte.<\/p>\n<p>Nous nous trouvons dans le c\u0153ur du Montefeltro, dans les Marches, en position collinaire et dans un paysage sobre \u00e0 5 minutes de la ville. Nous sommes \u00e0 peu de kilom\u00e8tres de la splendide Urbino, le long de la \u00ab Strada del Duca\u00bb, au bord entre Marches, Ombrie, Toscane et Romagne. C&rsquo;est un endroit tr\u00e8s suggestif et relaxant.<\/p>\n","protected":false},"author":3,"featured_media":3046,"parent":0,"menu_order":4,"comment_status":"open","ping_status":"open","template":"page-full.php","meta":{"footnotes":""},"class_list":["post-672","page","type-page","status-publish","has-post-thumbnail","hentry"],"yoast_head":"<!-- This site is optimized with the Yoast SEO plugin v23.7 - https:\/\/yoast.com\/wordpress\/plugins\/seo\/ -->\n<title>La ferme - Agriturismo nel Montefeltro, Marche<\/title>\n<meta name=\"description\" content=\"La ferme - Agriturismo nel Montefeltro, provincia di Pesaro Urbino, nelle Marche\" \/>\n<meta name=\"robots\" content=\"index, follow, max-snippet:-1, max-image-preview:large, max-video-preview:-1\" \/>\n<link rel=\"canonical\" href=\"https:\/\/www.lavalledimenticata.it\/fr\/la-ferme\/\" \/>\n<meta property=\"og:locale\" content=\"fr_FR\" \/>\n<meta property=\"og:type\" content=\"article\" \/>\n<meta property=\"og:title\" content=\"La ferme - Agriturismo nel Montefeltro, Marche\" \/>\n<meta property=\"og:description\" content=\"La ferme - Agriturismo nel Montefeltro, provincia di Pesaro Urbino, nelle Marche\" \/>\n<meta property=\"og:url\" content=\"https:\/\/www.lavalledimenticata.it\/fr\/la-ferme\/\" \/>\n<meta property=\"og:site_name\" content=\"Agriturismo La Valle Dimenticata\" \/>\n<meta property=\"article:modified_time\" content=\"2020-09-27T11:11:40+00:00\" \/>\n<meta property=\"og:image\" content=\"https:\/\/www.lavalledimenticata.it\/wp-content\/uploads\/2018\/07\/DSC_0225.jpg\" \/>\n\t<meta property=\"og:image:width\" content=\"1200\" \/>\n\t<meta property=\"og:image:height\" content=\"797\" \/>\n\t<meta property=\"og:image:type\" content=\"image\/jpeg\" \/>\n<meta name=\"twitter:label1\" content=\"Dur\u00e9e de lecture estim\u00e9e\" \/>\n\t<meta name=\"twitter:data1\" content=\"1 minute\" \/>\n<script type=\"application\/ld+json\" class=\"yoast-schema-graph\">{\"@context\":\"https:\/\/schema.org\",\"@graph\":[{\"@type\":\"WebPage\",\"@id\":\"https:\/\/www.lavalledimenticata.it\/fr\/la-ferme\/\",\"url\":\"https:\/\/www.lavalledimenticata.it\/fr\/la-ferme\/\",\"name\":\"La ferme - Agriturismo nel Montefeltro, Marche\",\"isPartOf\":{\"@id\":\"https:\/\/www.lavalledimenticata.it\/#website\"},\"primaryImageOfPage\":{\"@id\":\"https:\/\/www.lavalledimenticata.it\/fr\/la-ferme\/#primaryimage\"},\"image\":{\"@id\":\"https:\/\/www.lavalledimenticata.it\/fr\/la-ferme\/#primaryimage\"},\"thumbnailUrl\":\"https:\/\/www.lavalledimenticata.it\/wp-content\/uploads\/2018\/07\/DSC_0225.jpg\",\"datePublished\":\"2013-09-13T08:58:52+00:00\",\"dateModified\":\"2020-09-27T11:11:40+00:00\",\"description\":\"La ferme - Agriturismo nel Montefeltro, provincia di Pesaro Urbino, nelle Marche\",\"breadcrumb\":{\"@id\":\"https:\/\/www.lavalledimenticata.it\/fr\/la-ferme\/#breadcrumb\"},\"inLanguage\":\"fr-FR\",\"potentialAction\":[{\"@type\":\"ReadAction\",\"target\":[\"https:\/\/www.lavalledimenticata.it\/fr\/la-ferme\/\"]}]},{\"@type\":\"ImageObject\",\"inLanguage\":\"fr-FR\",\"@id\":\"https:\/\/www.lavalledimenticata.it\/fr\/la-ferme\/#primaryimage\",\"url\":\"https:\/\/www.lavalledimenticata.it\/wp-content\/uploads\/2018\/07\/DSC_0225.jpg\",\"contentUrl\":\"https:\/\/www.lavalledimenticata.it\/wp-content\/uploads\/2018\/07\/DSC_0225.jpg\",\"width\":1200,\"height\":797},{\"@type\":\"BreadcrumbList\",\"@id\":\"https:\/\/www.lavalledimenticata.it\/fr\/la-ferme\/#breadcrumb\",\"itemListElement\":[{\"@type\":\"ListItem\",\"position\":1,\"name\":\"Home\",\"item\":\"https:\/\/www.lavalledimenticata.it\/\"},{\"@type\":\"ListItem\",\"position\":2,\"name\":\"La ferme\"}]},{\"@type\":\"WebSite\",\"@id\":\"https:\/\/www.lavalledimenticata.it\/#website\",\"url\":\"https:\/\/www.lavalledimenticata.it\/\",\"name\":\"Agriturismo La Valle Dimenticata\",\"description\":\"\",\"potentialAction\":[{\"@type\":\"SearchAction\",\"target\":{\"@type\":\"EntryPoint\",\"urlTemplate\":\"https:\/\/www.lavalledimenticata.it\/?s={search_term_string}\"},\"query-input\":{\"@type\":\"PropertyValueSpecification\",\"valueRequired\":true,\"valueName\":\"search_term_string\"}}],\"inLanguage\":\"fr-FR\"}]}<\/script>\n<!-- \/ Yoast SEO plugin. -->","yoast_head_json":{"title":"La ferme - Agriturismo nel Montefeltro, Marche","description":"La ferme - Agriturismo nel Montefeltro, provincia di Pesaro Urbino, nelle Marche","robots":{"index":"index","follow":"follow","max-snippet":"max-snippet:-1","max-image-preview":"max-image-preview:large","max-video-preview":"max-video-preview:-1"},"canonical":"https:\/\/www.lavalledimenticata.it\/fr\/la-ferme\/","og_locale":"fr_FR","og_type":"article","og_title":"La ferme - Agriturismo nel Montefeltro, Marche","og_description":"La ferme - Agriturismo nel Montefeltro, provincia di Pesaro Urbino, nelle Marche","og_url":"https:\/\/www.lavalledimenticata.it\/fr\/la-ferme\/","og_site_name":"Agriturismo La Valle Dimenticata","article_modified_time":"2020-09-27T11:11:40+00:00","og_image":[{"width":1200,"height":797,"url":"https:\/\/www.lavalledimenticata.it\/wp-content\/uploads\/2018\/07\/DSC_0225.jpg","type":"image\/jpeg"}],"twitter_misc":{"Dur\u00e9e de lecture estim\u00e9e":"1 minute"},"schema":{"@context":"https:\/\/schema.org","@graph":[{"@type":"WebPage","@id":"https:\/\/www.lavalledimenticata.it\/fr\/la-ferme\/","url":"https:\/\/www.lavalledimenticata.it\/fr\/la-ferme\/","name":"La ferme - Agriturismo nel Montefeltro, Marche","isPartOf":{"@id":"https:\/\/www.lavalledimenticata.it\/#website"},"primaryImageOfPage":{"@id":"https:\/\/www.lavalledimenticata.it\/fr\/la-ferme\/#primaryimage"},"image":{"@id":"https:\/\/www.lavalledimenticata.it\/fr\/la-ferme\/#primaryimage"},"thumbnailUrl":"https:\/\/www.lavalledimenticata.it\/wp-content\/uploads\/2018\/07\/DSC_0225.jpg","datePublished":"2013-09-13T08:58:52+00:00","dateModified":"2020-09-27T11:11:40+00:00","description":"La ferme - Agriturismo nel Montefeltro, provincia di Pesaro Urbino, nelle Marche","breadcrumb":{"@id":"https:\/\/www.lavalledimenticata.it\/fr\/la-ferme\/#breadcrumb"},"inLanguage":"fr-FR","potentialAction":[{"@type":"ReadAction","target":["https:\/\/www.lavalledimenticata.it\/fr\/la-ferme\/"]}]},{"@type":"ImageObject","inLanguage":"fr-FR","@id":"https:\/\/www.lavalledimenticata.it\/fr\/la-ferme\/#primaryimage","url":"https:\/\/www.lavalledimenticata.it\/wp-content\/uploads\/2018\/07\/DSC_0225.jpg","contentUrl":"https:\/\/www.lavalledimenticata.it\/wp-content\/uploads\/2018\/07\/DSC_0225.jpg","width":1200,"height":797},{"@type":"BreadcrumbList","@id":"https:\/\/www.lavalledimenticata.it\/fr\/la-ferme\/#breadcrumb","itemListElement":[{"@type":"ListItem","position":1,"name":"Home","item":"https:\/\/www.lavalledimenticata.it\/"},{"@type":"ListItem","position":2,"name":"La ferme"}]},{"@type":"WebSite","@id":"https:\/\/www.lavalledimenticata.it\/#website","url":"https:\/\/www.lavalledimenticata.it\/","name":"Agriturismo La Valle Dimenticata","description":"","potentialAction":[{"@type":"SearchAction","target":{"@type":"EntryPoint","urlTemplate":"https:\/\/www.lavalledimenticata.it\/?s={search_term_string}"},"query-input":{"@type":"PropertyValueSpecification","valueRequired":true,"valueName":"search_term_string"}}],"inLanguage":"fr-FR"}]}},"_links":{"self":[{"href":"https:\/\/www.lavalledimenticata.it\/fr\/wp-json\/wp\/v2\/pages\/672"}],"collection":[{"href":"https:\/\/www.lavalledimenticata.it\/fr\/wp-json\/wp\/v2\/pages"}],"about":[{"href":"https:\/\/www.lavalledimenticata.it\/fr\/wp-json\/wp\/v2\/types\/page"}],"author":[{"embeddable":true,"href":"https:\/\/www.lavalledimenticata.it\/fr\/wp-json\/wp\/v2\/users\/3"}],"replies":[{"embeddable":true,"href":"https:\/\/www.lavalledimenticata.it\/fr\/wp-json\/wp\/v2\/comments?post=672"}],"version-history":[{"count":9,"href":"https:\/\/www.lavalledimenticata.it\/fr\/wp-json\/wp\/v2\/pages\/672\/revisions"}],"predecessor-version":[{"id":3417,"href":"https:\/\/www.lavalledimenticata.it\/fr\/wp-json\/wp\/v2\/pages\/672\/revisions\/3417"}],"wp:featuredmedia":[{"embeddable":true,"href":"https:\/\/www.lavalledimenticata.it\/fr\/wp-json\/wp\/v2\/media\/3046"}],"wp:attachment":[{"href":"https:\/\/www.lavalledimenticata.it\/fr\/wp-json\/wp\/v2\/media?parent=672"}],"curies":[{"name":"wp","href":"https:\/\/api.w.org\/{rel}","templated":true}]}}