{"id":679,"date":"2013-09-13T11:30:34","date_gmt":"2013-09-13T09:30:34","guid":{"rendered":"http:\/\/www.lavalledimenticata.it\/?page_id=679"},"modified":"2014-04-19T22:48:12","modified_gmt":"2014-04-19T20:48:12","slug":"la-maison","status":"publish","type":"page","link":"https:\/\/www.lavalledimenticata.it\/fr\/la-ferme\/la-maison\/","title":{"rendered":"Le logement"},"content":{"rendered":"<p><a href=\"http:\/\/www.lavalledimenticata.it\/wp-content\/uploads\/2013\/03\/DSC_0670.jpg\"><img loading=\"lazy\" decoding=\"async\" class=\"size-medium wp-image-493 alignleft\" alt=\"casale\" src=\"http:\/\/www.lavalledimenticata.it\/wp-content\/uploads\/2013\/03\/DSC_0670-300x199.jpg\" width=\"300\" height=\"199\" \/><\/a>La ferme comprend une maison construite selon la typique architecture rurale des Marches:\u00a0les parois\u00a0ext\u00e9rieures sont faites de parements de gr\u00e8s, les chemin\u00e9es en pierre, tandis qu&rsquo;\u00e0 l&rsquo;int\u00e9rieur les sols des chambres sont en terre cuite, plafonds avec poutres en\u00a0ch\u00eane et fen\u00eatres en ch\u00e2taignier.<br \/>\nA l&rsquo;arri\u00e8re plan, une nature simple et sauvage \u00e0 la fois vous offre une telle riche de surprises et de produits agricoles.<\/p>\n<p>Notre r\u00eave est de partager la paix, la beaut\u00e9 et la magie de ce lieu avec nos clients tout en leur\u00a0permettant de ressentir, en s\u00e9journant ici, les m\u00eames \u00e9motions que nous \u00e9prouvons.<\/p>\n<p>Changer de vie&#8230; qui ne peut pas prendre une telle d\u00e9cision definitive peut au moins se faire offrir une saine relaxation: plongez-vous entre les diff\u00e9rentes fleurs et couleurs, r\u00eavez avec nous et vous vivrez dans notre ferme\u00a0comme si&#8230; !<\/p>\n<p>&nbsp;<\/p>\n<p><strong>LA FERME TELLE QU&rsquo;ELLE EST AUJOURD&rsquo;HUI<\/strong><br \/>\n<div class='one_third'>\n\t\t\t\t\t<a href=\"http:\/\/www.lavalledimenticata.it\/wp-content\/uploads\/2013\/03\/casale2g.jpg\"><img loading=\"lazy\" decoding=\"async\" class=\"aligncenter size-medium wp-image-522\" alt=\"casale2g\" src=\"http:\/\/www.lavalledimenticata.it\/wp-content\/uploads\/2013\/03\/casale2g-300x199.jpg\" width=\"300\" height=\"199\" srcset=\"https:\/\/www.lavalledimenticata.it\/wp-content\/uploads\/2013\/03\/casale2g-300x199.jpg 300w, https:\/\/www.lavalledimenticata.it\/wp-content\/uploads\/2013\/03\/casale2g-1024x680.jpg 1024w, https:\/\/www.lavalledimenticata.it\/wp-content\/uploads\/2013\/03\/casale2g-207x136.jpg 207w, https:\/\/www.lavalledimenticata.it\/wp-content\/uploads\/2013\/03\/casale2g-140x94.jpg 140w, https:\/\/www.lavalledimenticata.it\/wp-content\/uploads\/2013\/03\/casale2g.jpg 1200w\" sizes=\"(max-width: 300px) 100vw, 300px\" \/><\/a>\n\t\t\t\t<\/div><div class='one_third'>\n\t\t\t\t\t<a href=\"http:\/\/www.lavalledimenticata.it\/wp-content\/uploads\/2013\/03\/casale2b.jpg\"><img loading=\"lazy\" decoding=\"async\" class=\"aligncenter size-medium wp-image-233\" alt=\"COMME ELLE EST\" src=\"http:\/\/www.lavalledimenticata.it\/wp-content\/uploads\/2013\/03\/casale2b-300x199.jpg\" width=\"300\" height=\"199\" srcset=\"https:\/\/www.lavalledimenticata.it\/wp-content\/uploads\/2013\/03\/casale2b-300x199.jpg 300w, https:\/\/www.lavalledimenticata.it\/wp-content\/uploads\/2013\/03\/casale2b-1024x680.jpg 1024w, https:\/\/www.lavalledimenticata.it\/wp-content\/uploads\/2013\/03\/casale2b-207x136.jpg 207w, https:\/\/www.lavalledimenticata.it\/wp-content\/uploads\/2013\/03\/casale2b-140x94.jpg 140w, https:\/\/www.lavalledimenticata.it\/wp-content\/uploads\/2013\/03\/casale2b.jpg 1200w\" sizes=\"(max-width: 300px) 100vw, 300px\" \/><\/a>\n\t\t\t\t<\/div><div class='one_third last'>\n\t\t\t\t\t<a href=\"http:\/\/www.lavalledimenticata.it\/wp-content\/uploads\/2013\/03\/casale2h.jpg\"><img loading=\"lazy\" decoding=\"async\" class=\"aligncenter size-medium wp-image-523\" alt=\"casale2h\" src=\"http:\/\/www.lavalledimenticata.it\/wp-content\/uploads\/2013\/03\/casale2h-300x199.jpg\" width=\"300\" height=\"199\" srcset=\"https:\/\/www.lavalledimenticata.it\/wp-content\/uploads\/2013\/03\/casale2h-300x199.jpg 300w, https:\/\/www.lavalledimenticata.it\/wp-content\/uploads\/2013\/03\/casale2h-1024x680.jpg 1024w, https:\/\/www.lavalledimenticata.it\/wp-content\/uploads\/2013\/03\/casale2h-207x136.jpg 207w, https:\/\/www.lavalledimenticata.it\/wp-content\/uploads\/2013\/03\/casale2h-140x94.jpg 140w, https:\/\/www.lavalledimenticata.it\/wp-content\/uploads\/2013\/03\/casale2h.jpg 1200w\" sizes=\"(max-width: 300px) 100vw, 300px\" \/><\/a>\n\t\t\t\t<\/div><div class='clear'><\/div><\/p>\n<p>&nbsp;<\/p>\n<p><strong>LA FERME TELLE QU&rsquo;ELLE\u00a0\u00c9TAIT EST AVANT<\/strong><br \/>\n<div class='one_third'>\n\t\t\t\t\t<a href=\"http:\/\/www.lavalledimenticata.it\/wp-content\/uploads\/2013\/03\/casale11.jpg\"><img loading=\"lazy\" decoding=\"async\" class=\"size-medium wp-image-215 aligncenter\" alt=\"com'era il casale\" src=\"http:\/\/www.lavalledimenticata.it\/wp-content\/uploads\/2013\/03\/casale11-300x199.jpg\" width=\"300\" height=\"199\" srcset=\"https:\/\/www.lavalledimenticata.it\/wp-content\/uploads\/2013\/03\/casale11-300x199.jpg 300w, https:\/\/www.lavalledimenticata.it\/wp-content\/uploads\/2013\/03\/casale11-1024x680.jpg 1024w, https:\/\/www.lavalledimenticata.it\/wp-content\/uploads\/2013\/03\/casale11-207x136.jpg 207w, https:\/\/www.lavalledimenticata.it\/wp-content\/uploads\/2013\/03\/casale11-140x94.jpg 140w, https:\/\/www.lavalledimenticata.it\/wp-content\/uploads\/2013\/03\/casale11.jpg 1200w\" sizes=\"(max-width: 300px) 100vw, 300px\" \/><\/a>\n\t\t\t\t<\/div><div class='one_third'>\n\t\t\t\t\t<a href=\"http:\/\/www.lavalledimenticata.it\/wp-content\/uploads\/2013\/03\/casale1b.jpg\"><img loading=\"lazy\" decoding=\"async\" class=\"aligncenter size-medium wp-image-226\" alt=\"COMME ELLE \u00c9TAIT\" src=\"http:\/\/www.lavalledimenticata.it\/wp-content\/uploads\/2013\/03\/casale1b-300x199.jpg\" width=\"300\" height=\"199\" srcset=\"https:\/\/www.lavalledimenticata.it\/wp-content\/uploads\/2013\/03\/casale1b-300x199.jpg 300w, https:\/\/www.lavalledimenticata.it\/wp-content\/uploads\/2013\/03\/casale1b-1024x680.jpg 1024w, https:\/\/www.lavalledimenticata.it\/wp-content\/uploads\/2013\/03\/casale1b-207x136.jpg 207w, https:\/\/www.lavalledimenticata.it\/wp-content\/uploads\/2013\/03\/casale1b-140x94.jpg 140w, https:\/\/www.lavalledimenticata.it\/wp-content\/uploads\/2013\/03\/casale1b.jpg 1200w\" sizes=\"(max-width: 300px) 100vw, 300px\" \/><\/a>\n\t\t\t\t<\/div><div class='one_third last'>\n\t\t\t\t\t<a href=\"http:\/\/www.lavalledimenticata.it\/wp-content\/uploads\/2013\/03\/casale1c.jpg\"><img loading=\"lazy\" decoding=\"async\" class=\"aligncenter size-medium wp-image-227\" alt=\"com'era il casale\" src=\"http:\/\/www.lavalledimenticata.it\/wp-content\/uploads\/2013\/03\/casale1c-300x199.jpg\" width=\"300\" height=\"199\" srcset=\"https:\/\/www.lavalledimenticata.it\/wp-content\/uploads\/2013\/03\/casale1c-300x199.jpg 300w, https:\/\/www.lavalledimenticata.it\/wp-content\/uploads\/2013\/03\/casale1c-1024x680.jpg 1024w, https:\/\/www.lavalledimenticata.it\/wp-content\/uploads\/2013\/03\/casale1c-207x136.jpg 207w, https:\/\/www.lavalledimenticata.it\/wp-content\/uploads\/2013\/03\/casale1c-140x94.jpg 140w, https:\/\/www.lavalledimenticata.it\/wp-content\/uploads\/2013\/03\/casale1c.jpg 1200w\" sizes=\"(max-width: 300px) 100vw, 300px\" \/><\/a>\n\t\t\t\t<\/div><div class='clear'><\/div><\/p>\n","protected":false},"excerpt":{"rendered":"<p>La ferme comprend une maison construite selon la typique architecture rurale des Marches: les parois ext\u00e9rieures sont faites de parements de gr\u00e8s, les chemin\u00e9es en pierre, tandis qu&rsquo;\u00e0 l&rsquo;int\u00e9rieur les sols des chambres sont en terre cuite, plafonds avec poutres en ch\u00eane et fen\u00eatres en ch\u00e2taignier.<br \/>\n A l&rsquo;arri\u00e8re plan, une nature simple et sauvage \u00e0 la fois vous offre une telle riche de surprises et de produits agricoles.<\/p>\n","protected":false},"author":3,"featured_media":0,"parent":672,"menu_order":15,"comment_status":"open","ping_status":"open","template":"page-full.php","meta":{"footnotes":""},"class_list":["post-679","page","type-page","status-publish","hentry"],"yoast_head":"<!-- This site is optimized with the Yoast SEO plugin v23.7 - https:\/\/yoast.com\/wordpress\/plugins\/seo\/ -->\n<title>Le logement - Agriturismo nel Montefeltro, Marche<\/title>\n<meta name=\"description\" content=\"Le logement - Agriturismo nel Montefeltro, provincia di Pesaro Urbino, nelle Marche\" \/>\n<meta name=\"robots\" content=\"index, follow, max-snippet:-1, max-image-preview:large, max-video-preview:-1\" \/>\n<link rel=\"canonical\" href=\"https:\/\/www.lavalledimenticata.it\/fr\/la-ferme\/la-maison\/\" \/>\n<meta property=\"og:locale\" content=\"fr_FR\" \/>\n<meta property=\"og:type\" content=\"article\" \/>\n<meta property=\"og:title\" content=\"Le logement - Agriturismo nel Montefeltro, Marche\" \/>\n<meta property=\"og:description\" content=\"Le logement - Agriturismo nel Montefeltro, provincia di Pesaro Urbino, nelle Marche\" \/>\n<meta property=\"og:url\" content=\"https:\/\/www.lavalledimenticata.it\/fr\/la-ferme\/la-maison\/\" \/>\n<meta property=\"og:site_name\" content=\"Agriturismo La Valle Dimenticata\" \/>\n<meta property=\"article:modified_time\" content=\"2014-04-19T20:48:12+00:00\" \/>\n<meta property=\"og:image\" content=\"http:\/\/www.lavalledimenticata.it\/wp-content\/uploads\/2013\/03\/DSC_0670-300x199.jpg\" \/>\n<meta name=\"twitter:label1\" content=\"Dur\u00e9e de lecture estim\u00e9e\" \/>\n\t<meta name=\"twitter:data1\" content=\"1 minute\" \/>\n<script type=\"application\/ld+json\" class=\"yoast-schema-graph\">{\"@context\":\"https:\/\/schema.org\",\"@graph\":[{\"@type\":\"WebPage\",\"@id\":\"https:\/\/www.lavalledimenticata.it\/fr\/la-ferme\/la-maison\/\",\"url\":\"https:\/\/www.lavalledimenticata.it\/fr\/la-ferme\/la-maison\/\",\"name\":\"Le logement - Agriturismo nel Montefeltro, Marche\",\"isPartOf\":{\"@id\":\"https:\/\/www.lavalledimenticata.it\/#website\"},\"primaryImageOfPage\":{\"@id\":\"https:\/\/www.lavalledimenticata.it\/fr\/la-ferme\/la-maison\/#primaryimage\"},\"image\":{\"@id\":\"https:\/\/www.lavalledimenticata.it\/fr\/la-ferme\/la-maison\/#primaryimage\"},\"thumbnailUrl\":\"http:\/\/www.lavalledimenticata.it\/wp-content\/uploads\/2013\/03\/DSC_0670-300x199.jpg\",\"datePublished\":\"2013-09-13T09:30:34+00:00\",\"dateModified\":\"2014-04-19T20:48:12+00:00\",\"description\":\"Le logement - Agriturismo nel Montefeltro, provincia di Pesaro Urbino, nelle Marche\",\"breadcrumb\":{\"@id\":\"https:\/\/www.lavalledimenticata.it\/fr\/la-ferme\/la-maison\/#breadcrumb\"},\"inLanguage\":\"fr-FR\",\"potentialAction\":[{\"@type\":\"ReadAction\",\"target\":[\"https:\/\/www.lavalledimenticata.it\/fr\/la-ferme\/la-maison\/\"]}]},{\"@type\":\"ImageObject\",\"inLanguage\":\"fr-FR\",\"@id\":\"https:\/\/www.lavalledimenticata.it\/fr\/la-ferme\/la-maison\/#primaryimage\",\"url\":\"http:\/\/www.lavalledimenticata.it\/wp-content\/uploads\/2013\/03\/DSC_0670-300x199.jpg\",\"contentUrl\":\"http:\/\/www.lavalledimenticata.it\/wp-content\/uploads\/2013\/03\/DSC_0670-300x199.jpg\"},{\"@type\":\"BreadcrumbList\",\"@id\":\"https:\/\/www.lavalledimenticata.it\/fr\/la-ferme\/la-maison\/#breadcrumb\",\"itemListElement\":[{\"@type\":\"ListItem\",\"position\":1,\"name\":\"Home\",\"item\":\"https:\/\/www.lavalledimenticata.it\/\"},{\"@type\":\"ListItem\",\"position\":2,\"name\":\"La ferme\",\"item\":\"https:\/\/www.lavalledimenticata.it\/fr\/la-ferme\/\"},{\"@type\":\"ListItem\",\"position\":3,\"name\":\"Le logement\"}]},{\"@type\":\"WebSite\",\"@id\":\"https:\/\/www.lavalledimenticata.it\/#website\",\"url\":\"https:\/\/www.lavalledimenticata.it\/\",\"name\":\"Agriturismo La Valle Dimenticata\",\"description\":\"\",\"potentialAction\":[{\"@type\":\"SearchAction\",\"target\":{\"@type\":\"EntryPoint\",\"urlTemplate\":\"https:\/\/www.lavalledimenticata.it\/?s={search_term_string}\"},\"query-input\":{\"@type\":\"PropertyValueSpecification\",\"valueRequired\":true,\"valueName\":\"search_term_string\"}}],\"inLanguage\":\"fr-FR\"}]}<\/script>\n<!-- \/ Yoast SEO plugin. -->","yoast_head_json":{"title":"Le logement - Agriturismo nel Montefeltro, Marche","description":"Le logement - Agriturismo nel Montefeltro, provincia di Pesaro Urbino, nelle Marche","robots":{"index":"index","follow":"follow","max-snippet":"max-snippet:-1","max-image-preview":"max-image-preview:large","max-video-preview":"max-video-preview:-1"},"canonical":"https:\/\/www.lavalledimenticata.it\/fr\/la-ferme\/la-maison\/","og_locale":"fr_FR","og_type":"article","og_title":"Le logement - Agriturismo nel Montefeltro, Marche","og_description":"Le logement - Agriturismo nel Montefeltro, provincia di Pesaro Urbino, nelle Marche","og_url":"https:\/\/www.lavalledimenticata.it\/fr\/la-ferme\/la-maison\/","og_site_name":"Agriturismo La Valle Dimenticata","article_modified_time":"2014-04-19T20:48:12+00:00","og_image":[{"url":"http:\/\/www.lavalledimenticata.it\/wp-content\/uploads\/2013\/03\/DSC_0670-300x199.jpg"}],"twitter_misc":{"Dur\u00e9e de lecture estim\u00e9e":"1 minute"},"schema":{"@context":"https:\/\/schema.org","@graph":[{"@type":"WebPage","@id":"https:\/\/www.lavalledimenticata.it\/fr\/la-ferme\/la-maison\/","url":"https:\/\/www.lavalledimenticata.it\/fr\/la-ferme\/la-maison\/","name":"Le logement - Agriturismo nel Montefeltro, Marche","isPartOf":{"@id":"https:\/\/www.lavalledimenticata.it\/#website"},"primaryImageOfPage":{"@id":"https:\/\/www.lavalledimenticata.it\/fr\/la-ferme\/la-maison\/#primaryimage"},"image":{"@id":"https:\/\/www.lavalledimenticata.it\/fr\/la-ferme\/la-maison\/#primaryimage"},"thumbnailUrl":"http:\/\/www.lavalledimenticata.it\/wp-content\/uploads\/2013\/03\/DSC_0670-300x199.jpg","datePublished":"2013-09-13T09:30:34+00:00","dateModified":"2014-04-19T20:48:12+00:00","description":"Le logement - Agriturismo nel Montefeltro, provincia di Pesaro Urbino, nelle Marche","breadcrumb":{"@id":"https:\/\/www.lavalledimenticata.it\/fr\/la-ferme\/la-maison\/#breadcrumb"},"inLanguage":"fr-FR","potentialAction":[{"@type":"ReadAction","target":["https:\/\/www.lavalledimenticata.it\/fr\/la-ferme\/la-maison\/"]}]},{"@type":"ImageObject","inLanguage":"fr-FR","@id":"https:\/\/www.lavalledimenticata.it\/fr\/la-ferme\/la-maison\/#primaryimage","url":"http:\/\/www.lavalledimenticata.it\/wp-content\/uploads\/2013\/03\/DSC_0670-300x199.jpg","contentUrl":"http:\/\/www.lavalledimenticata.it\/wp-content\/uploads\/2013\/03\/DSC_0670-300x199.jpg"},{"@type":"BreadcrumbList","@id":"https:\/\/www.lavalledimenticata.it\/fr\/la-ferme\/la-maison\/#breadcrumb","itemListElement":[{"@type":"ListItem","position":1,"name":"Home","item":"https:\/\/www.lavalledimenticata.it\/"},{"@type":"ListItem","position":2,"name":"La ferme","item":"https:\/\/www.lavalledimenticata.it\/fr\/la-ferme\/"},{"@type":"ListItem","position":3,"name":"Le logement"}]},{"@type":"WebSite","@id":"https:\/\/www.lavalledimenticata.it\/#website","url":"https:\/\/www.lavalledimenticata.it\/","name":"Agriturismo La Valle Dimenticata","description":"","potentialAction":[{"@type":"SearchAction","target":{"@type":"EntryPoint","urlTemplate":"https:\/\/www.lavalledimenticata.it\/?s={search_term_string}"},"query-input":{"@type":"PropertyValueSpecification","valueRequired":true,"valueName":"search_term_string"}}],"inLanguage":"fr-FR"}]}},"_links":{"self":[{"href":"https:\/\/www.lavalledimenticata.it\/fr\/wp-json\/wp\/v2\/pages\/679"}],"collection":[{"href":"https:\/\/www.lavalledimenticata.it\/fr\/wp-json\/wp\/v2\/pages"}],"about":[{"href":"https:\/\/www.lavalledimenticata.it\/fr\/wp-json\/wp\/v2\/types\/page"}],"author":[{"embeddable":true,"href":"https:\/\/www.lavalledimenticata.it\/fr\/wp-json\/wp\/v2\/users\/3"}],"replies":[{"embeddable":true,"href":"https:\/\/www.lavalledimenticata.it\/fr\/wp-json\/wp\/v2\/comments?post=679"}],"version-history":[{"count":4,"href":"https:\/\/www.lavalledimenticata.it\/fr\/wp-json\/wp\/v2\/pages\/679\/revisions"}],"predecessor-version":[{"id":1864,"href":"https:\/\/www.lavalledimenticata.it\/fr\/wp-json\/wp\/v2\/pages\/679\/revisions\/1864"}],"up":[{"embeddable":true,"href":"https:\/\/www.lavalledimenticata.it\/fr\/wp-json\/wp\/v2\/pages\/672"}],"wp:attachment":[{"href":"https:\/\/www.lavalledimenticata.it\/fr\/wp-json\/wp\/v2\/media?parent=679"}],"curies":[{"name":"wp","href":"https:\/\/api.w.org\/{rel}","templated":true}]}}