{"id":907,"date":"2013-03-05T17:31:25","date_gmt":"2013-03-05T16:31:25","guid":{"rendered":"http:\/\/www.lavalledimenticata.it\/lagritourisme\/la-piscina\/"},"modified":"2018-07-17T00:52:13","modified_gmt":"2018-07-16T22:52:13","slug":"la-piscine","status":"publish","type":"page","link":"https:\/\/www.lavalledimenticata.it\/fr\/la-ferme\/la-piscine\/","title":{"rendered":"La piscine"},"content":{"rendered":"<p>Le c\u0153ur de la propri\u00e9t\u00e9 est entour\u00e9 par\u00a0un grand jardin illumin\u00e9 auquel, gr\u00e2\u0153 aux nombreuses portes-fen\u00eatres, on peut facilement acc\u00e9der au rez de chauss\u00e9e depuis les deux appartements.<\/p>\n<p>Au pr\u00e9s de\u00a0la maison avec vue sur la vall\u00e9e d&rsquo;en face se trouve la piscine dans laquelle les h\u00f4tes pourront se relaxer sur la grande terrasse\u00a0ou plonger dans l&rsquo;eau chauff\u00e9e m\u00eame en hors saison.<\/p>\n<p>De forme classique et rectangulaire et avec un escalier romain, la piscine\u00a0mesure 5 x 10 mt et a une profondeur de 140 cm.<\/p>\n<p>&nbsp;<\/p>\n<p>&nbsp;<\/p>\n","protected":false},"excerpt":{"rendered":"<p>Le c\u0153ur de la propri\u00e9t\u00e9 est entour\u00e9 par\u00a0un grand jardin illumin\u00e9 auquel, gr\u00e2\u0153 aux nombreuses portes-fen\u00eatres, on peut facilement acc\u00e9der au rez de chauss\u00e9e depuis les deux appartements. Au pr\u00e9s de\u00a0la maison avec vue sur la vall\u00e9e d&rsquo;en face se trouve la piscine dans laquelle les h\u00f4tes pourront se relaxer sur la grande terrasse\u00a0ou plonger [&hellip;]<\/p>\n","protected":false},"author":4,"featured_media":3148,"parent":672,"menu_order":25,"comment_status":"open","ping_status":"open","template":"page-gallery.php","meta":{"footnotes":""},"class_list":["post-907","page","type-page","status-publish","has-post-thumbnail","hentry"],"yoast_head":"<!-- This site is optimized with the Yoast SEO plugin v23.7 - https:\/\/yoast.com\/wordpress\/plugins\/seo\/ -->\n<title>La piscine - Agriturismo nel Montefeltro, Marche<\/title>\n<meta name=\"description\" content=\"La piscine - Agriturismo nel Montefeltro, provincia di Pesaro Urbino, nelle Marche\" \/>\n<meta name=\"robots\" content=\"index, follow, max-snippet:-1, max-image-preview:large, max-video-preview:-1\" \/>\n<link rel=\"canonical\" href=\"https:\/\/www.lavalledimenticata.it\/fr\/la-ferme\/la-piscine\/\" \/>\n<meta property=\"og:locale\" content=\"fr_FR\" \/>\n<meta property=\"og:type\" content=\"article\" \/>\n<meta property=\"og:title\" content=\"La piscine - Agriturismo nel Montefeltro, Marche\" \/>\n<meta property=\"og:description\" content=\"La piscine - Agriturismo nel Montefeltro, provincia di Pesaro Urbino, nelle Marche\" \/>\n<meta property=\"og:url\" content=\"https:\/\/www.lavalledimenticata.it\/fr\/la-ferme\/la-piscine\/\" \/>\n<meta property=\"og:site_name\" content=\"Agriturismo La Valle Dimenticata\" \/>\n<meta property=\"article:modified_time\" content=\"2018-07-16T22:52:13+00:00\" \/>\n<meta property=\"og:image\" content=\"https:\/\/www.lavalledimenticata.it\/wp-content\/uploads\/2018\/07\/DSC_0205.jpg\" \/>\n\t<meta property=\"og:image:width\" content=\"1200\" \/>\n\t<meta property=\"og:image:height\" content=\"797\" \/>\n\t<meta property=\"og:image:type\" content=\"image\/jpeg\" \/>\n<script type=\"application\/ld+json\" class=\"yoast-schema-graph\">{\"@context\":\"https:\/\/schema.org\",\"@graph\":[{\"@type\":\"WebPage\",\"@id\":\"https:\/\/www.lavalledimenticata.it\/fr\/la-ferme\/la-piscine\/\",\"url\":\"https:\/\/www.lavalledimenticata.it\/fr\/la-ferme\/la-piscine\/\",\"name\":\"La piscine - Agriturismo nel Montefeltro, Marche\",\"isPartOf\":{\"@id\":\"https:\/\/www.lavalledimenticata.it\/#website\"},\"primaryImageOfPage\":{\"@id\":\"https:\/\/www.lavalledimenticata.it\/fr\/la-ferme\/la-piscine\/#primaryimage\"},\"image\":{\"@id\":\"https:\/\/www.lavalledimenticata.it\/fr\/la-ferme\/la-piscine\/#primaryimage\"},\"thumbnailUrl\":\"https:\/\/www.lavalledimenticata.it\/wp-content\/uploads\/2018\/07\/DSC_0205.jpg\",\"datePublished\":\"2013-03-05T16:31:25+00:00\",\"dateModified\":\"2018-07-16T22:52:13+00:00\",\"description\":\"La piscine - Agriturismo nel Montefeltro, provincia di Pesaro Urbino, nelle Marche\",\"breadcrumb\":{\"@id\":\"https:\/\/www.lavalledimenticata.it\/fr\/la-ferme\/la-piscine\/#breadcrumb\"},\"inLanguage\":\"fr-FR\",\"potentialAction\":[{\"@type\":\"ReadAction\",\"target\":[\"https:\/\/www.lavalledimenticata.it\/fr\/la-ferme\/la-piscine\/\"]}]},{\"@type\":\"ImageObject\",\"inLanguage\":\"fr-FR\",\"@id\":\"https:\/\/www.lavalledimenticata.it\/fr\/la-ferme\/la-piscine\/#primaryimage\",\"url\":\"https:\/\/www.lavalledimenticata.it\/wp-content\/uploads\/2018\/07\/DSC_0205.jpg\",\"contentUrl\":\"https:\/\/www.lavalledimenticata.it\/wp-content\/uploads\/2018\/07\/DSC_0205.jpg\",\"width\":1200,\"height\":797},{\"@type\":\"BreadcrumbList\",\"@id\":\"https:\/\/www.lavalledimenticata.it\/fr\/la-ferme\/la-piscine\/#breadcrumb\",\"itemListElement\":[{\"@type\":\"ListItem\",\"position\":1,\"name\":\"Home\",\"item\":\"https:\/\/www.lavalledimenticata.it\/\"},{\"@type\":\"ListItem\",\"position\":2,\"name\":\"La ferme\",\"item\":\"https:\/\/www.lavalledimenticata.it\/fr\/la-ferme\/\"},{\"@type\":\"ListItem\",\"position\":3,\"name\":\"La piscine\"}]},{\"@type\":\"WebSite\",\"@id\":\"https:\/\/www.lavalledimenticata.it\/#website\",\"url\":\"https:\/\/www.lavalledimenticata.it\/\",\"name\":\"Agriturismo La Valle Dimenticata\",\"description\":\"\",\"potentialAction\":[{\"@type\":\"SearchAction\",\"target\":{\"@type\":\"EntryPoint\",\"urlTemplate\":\"https:\/\/www.lavalledimenticata.it\/?s={search_term_string}\"},\"query-input\":{\"@type\":\"PropertyValueSpecification\",\"valueRequired\":true,\"valueName\":\"search_term_string\"}}],\"inLanguage\":\"fr-FR\"}]}<\/script>\n<!-- \/ Yoast SEO plugin. -->","yoast_head_json":{"title":"La piscine - Agriturismo nel Montefeltro, Marche","description":"La piscine - Agriturismo nel Montefeltro, provincia di Pesaro Urbino, nelle Marche","robots":{"index":"index","follow":"follow","max-snippet":"max-snippet:-1","max-image-preview":"max-image-preview:large","max-video-preview":"max-video-preview:-1"},"canonical":"https:\/\/www.lavalledimenticata.it\/fr\/la-ferme\/la-piscine\/","og_locale":"fr_FR","og_type":"article","og_title":"La piscine - Agriturismo nel Montefeltro, Marche","og_description":"La piscine - Agriturismo nel Montefeltro, provincia di Pesaro Urbino, nelle Marche","og_url":"https:\/\/www.lavalledimenticata.it\/fr\/la-ferme\/la-piscine\/","og_site_name":"Agriturismo La Valle Dimenticata","article_modified_time":"2018-07-16T22:52:13+00:00","og_image":[{"width":1200,"height":797,"url":"https:\/\/www.lavalledimenticata.it\/wp-content\/uploads\/2018\/07\/DSC_0205.jpg","type":"image\/jpeg"}],"schema":{"@context":"https:\/\/schema.org","@graph":[{"@type":"WebPage","@id":"https:\/\/www.lavalledimenticata.it\/fr\/la-ferme\/la-piscine\/","url":"https:\/\/www.lavalledimenticata.it\/fr\/la-ferme\/la-piscine\/","name":"La piscine - Agriturismo nel Montefeltro, Marche","isPartOf":{"@id":"https:\/\/www.lavalledimenticata.it\/#website"},"primaryImageOfPage":{"@id":"https:\/\/www.lavalledimenticata.it\/fr\/la-ferme\/la-piscine\/#primaryimage"},"image":{"@id":"https:\/\/www.lavalledimenticata.it\/fr\/la-ferme\/la-piscine\/#primaryimage"},"thumbnailUrl":"https:\/\/www.lavalledimenticata.it\/wp-content\/uploads\/2018\/07\/DSC_0205.jpg","datePublished":"2013-03-05T16:31:25+00:00","dateModified":"2018-07-16T22:52:13+00:00","description":"La piscine - Agriturismo nel Montefeltro, provincia di Pesaro Urbino, nelle Marche","breadcrumb":{"@id":"https:\/\/www.lavalledimenticata.it\/fr\/la-ferme\/la-piscine\/#breadcrumb"},"inLanguage":"fr-FR","potentialAction":[{"@type":"ReadAction","target":["https:\/\/www.lavalledimenticata.it\/fr\/la-ferme\/la-piscine\/"]}]},{"@type":"ImageObject","inLanguage":"fr-FR","@id":"https:\/\/www.lavalledimenticata.it\/fr\/la-ferme\/la-piscine\/#primaryimage","url":"https:\/\/www.lavalledimenticata.it\/wp-content\/uploads\/2018\/07\/DSC_0205.jpg","contentUrl":"https:\/\/www.lavalledimenticata.it\/wp-content\/uploads\/2018\/07\/DSC_0205.jpg","width":1200,"height":797},{"@type":"BreadcrumbList","@id":"https:\/\/www.lavalledimenticata.it\/fr\/la-ferme\/la-piscine\/#breadcrumb","itemListElement":[{"@type":"ListItem","position":1,"name":"Home","item":"https:\/\/www.lavalledimenticata.it\/"},{"@type":"ListItem","position":2,"name":"La ferme","item":"https:\/\/www.lavalledimenticata.it\/fr\/la-ferme\/"},{"@type":"ListItem","position":3,"name":"La piscine"}]},{"@type":"WebSite","@id":"https:\/\/www.lavalledimenticata.it\/#website","url":"https:\/\/www.lavalledimenticata.it\/","name":"Agriturismo La Valle Dimenticata","description":"","potentialAction":[{"@type":"SearchAction","target":{"@type":"EntryPoint","urlTemplate":"https:\/\/www.lavalledimenticata.it\/?s={search_term_string}"},"query-input":{"@type":"PropertyValueSpecification","valueRequired":true,"valueName":"search_term_string"}}],"inLanguage":"fr-FR"}]}},"_links":{"self":[{"href":"https:\/\/www.lavalledimenticata.it\/fr\/wp-json\/wp\/v2\/pages\/907"}],"collection":[{"href":"https:\/\/www.lavalledimenticata.it\/fr\/wp-json\/wp\/v2\/pages"}],"about":[{"href":"https:\/\/www.lavalledimenticata.it\/fr\/wp-json\/wp\/v2\/types\/page"}],"author":[{"embeddable":true,"href":"https:\/\/www.lavalledimenticata.it\/fr\/wp-json\/wp\/v2\/users\/4"}],"replies":[{"embeddable":true,"href":"https:\/\/www.lavalledimenticata.it\/fr\/wp-json\/wp\/v2\/comments?post=907"}],"version-history":[{"count":4,"href":"https:\/\/www.lavalledimenticata.it\/fr\/wp-json\/wp\/v2\/pages\/907\/revisions"}],"predecessor-version":[{"id":1869,"href":"https:\/\/www.lavalledimenticata.it\/fr\/wp-json\/wp\/v2\/pages\/907\/revisions\/1869"}],"up":[{"embeddable":true,"href":"https:\/\/www.lavalledimenticata.it\/fr\/wp-json\/wp\/v2\/pages\/672"}],"wp:featuredmedia":[{"embeddable":true,"href":"https:\/\/www.lavalledimenticata.it\/fr\/wp-json\/wp\/v2\/media\/3148"}],"wp:attachment":[{"href":"https:\/\/www.lavalledimenticata.it\/fr\/wp-json\/wp\/v2\/media?parent=907"}],"curies":[{"name":"wp","href":"https:\/\/api.w.org\/{rel}","templated":true}]}}