{"id":929,"date":"2013-03-05T17:32:45","date_gmt":"2013-03-05T16:32:45","guid":{"rendered":"http:\/\/www.lavalledimenticata.it\/lagritourisme\/percorso-naturalistico\/"},"modified":"2015-12-10T23:56:46","modified_gmt":"2015-12-10T22:56:46","slug":"promenades-au-sein-de-la-nature","status":"publish","type":"page","link":"https:\/\/www.lavalledimenticata.it\/fr\/la-ferme\/promenades-au-sein-de-la-nature\/","title":{"rendered":"Promenades au sein de la nature"},"content":{"rendered":"<p>Le parcours se trouve autour\u00a0de la propri\u00e9t\u00e9 pour\u00a01 km de distance et\u00a0propose une le\u00e7on de botanique avec environ 700 esp\u00e8ces de fruitiers,\u00a0des plantes ornementales et d&rsquo;arbustes typiques des Marches.<\/p>\n<p>Parfum\u00e9e de lavande,\u00a0agr\u00e9able et calme, la nature environnante procure une pure d\u00e9tente. En cons\u00e9quence, on se sent plus relax\u00e8 et on a envie de roder dans le parc, arm\u00e9 de panier en osier pour cueillir des fleurs et des baies et en\u00a0faire de belles\u00a0compositions ou pour emporter \u00e0 la maison comme un beau\u00a0souvenir de vos joyeuses\u00a0vacances parmi nous.<\/p>\n<p><img loading=\"lazy\" decoding=\"async\" class=\"alignleft size-full wp-image-2097\" src=\"http:\/\/www.lavalledimenticata.it\/wp-content\/uploads\/2015\/11\/DSC_0182.jpg\" alt=\"DSC_0182\" width=\"4288\" height=\"2848\" srcset=\"https:\/\/www.lavalledimenticata.it\/wp-content\/uploads\/2015\/11\/DSC_0182.jpg 4288w, https:\/\/www.lavalledimenticata.it\/wp-content\/uploads\/2015\/11\/DSC_0182-300x199.jpg 300w, https:\/\/www.lavalledimenticata.it\/wp-content\/uploads\/2015\/11\/DSC_0182-1024x680.jpg 1024w, https:\/\/www.lavalledimenticata.it\/wp-content\/uploads\/2015\/11\/DSC_0182-207x136.jpg 207w, https:\/\/www.lavalledimenticata.it\/wp-content\/uploads\/2015\/11\/DSC_0182-140x94.jpg 140w\" sizes=\"(max-width: 4288px) 100vw, 4288px\" \/><\/p>\n<p>&nbsp;<\/p>\n","protected":false},"excerpt":{"rendered":"<p>Le parcours se trouve autour du param\u00e8tre de la propri\u00e9t\u00e9 pour presque 1 km et propose une le\u00e7on de botanique avec environ 700 esp\u00e8ces entre arbres \u00e0 fruits, plantes ornementales et arbustes typiques des Marches. <\/p>\n<p>C&rsquo;est peut-\u00eatre la nature environnante, agr\u00e9able et calme, peut-\u00eatre le parfum de lavande&#8230; dans tout les cas \u00e0 un certain moment on se sent plus relax\u00e9, on a envie de roder dans le parc, arm\u00e9 de panier en osier pour cueillir des fleurs et des baies pour en faire des compositions ou pour porter \u00e0 la maison un petit souvenir de cette joyeuse vacance. <\/p>\n","protected":false},"author":4,"featured_media":0,"parent":672,"menu_order":33,"comment_status":"open","ping_status":"open","template":"page-full.php","meta":{"footnotes":""},"class_list":["post-929","page","type-page","status-publish","hentry"],"yoast_head":"<!-- This site is optimized with the Yoast SEO plugin v23.7 - https:\/\/yoast.com\/wordpress\/plugins\/seo\/ -->\n<title>Promenades au sein de la nature - Agriturismo nel Montefeltro, Marche<\/title>\n<meta name=\"description\" content=\"Promenades au sein de la nature - Agriturismo nel Montefeltro, provincia di Pesaro Urbino, nelle Marche\" \/>\n<meta name=\"robots\" content=\"index, follow, max-snippet:-1, max-image-preview:large, max-video-preview:-1\" \/>\n<link rel=\"canonical\" href=\"https:\/\/www.lavalledimenticata.it\/fr\/la-ferme\/promenades-au-sein-de-la-nature\/\" \/>\n<meta property=\"og:locale\" content=\"fr_FR\" \/>\n<meta property=\"og:type\" content=\"article\" \/>\n<meta property=\"og:title\" content=\"Promenades au sein de la nature - Agriturismo nel Montefeltro, Marche\" \/>\n<meta property=\"og:description\" content=\"Promenades au sein de la nature - Agriturismo nel Montefeltro, provincia di Pesaro Urbino, nelle Marche\" \/>\n<meta property=\"og:url\" content=\"https:\/\/www.lavalledimenticata.it\/fr\/la-ferme\/promenades-au-sein-de-la-nature\/\" \/>\n<meta property=\"og:site_name\" content=\"Agriturismo La Valle Dimenticata\" \/>\n<meta property=\"article:modified_time\" content=\"2015-12-10T22:56:46+00:00\" \/>\n<meta property=\"og:image\" content=\"https:\/\/www.lavalledimenticata.it\/wp-content\/uploads\/2015\/11\/DSC_0182-1024x680.jpg\" \/>\n\t<meta property=\"og:image:width\" content=\"1024\" \/>\n\t<meta property=\"og:image:height\" content=\"680\" \/>\n\t<meta property=\"og:image:type\" content=\"image\/jpeg\" \/>\n<meta name=\"twitter:label1\" content=\"Dur\u00e9e de lecture estim\u00e9e\" \/>\n\t<meta name=\"twitter:data1\" content=\"1 minute\" \/>\n<script type=\"application\/ld+json\" class=\"yoast-schema-graph\">{\"@context\":\"https:\/\/schema.org\",\"@graph\":[{\"@type\":\"WebPage\",\"@id\":\"https:\/\/www.lavalledimenticata.it\/fr\/la-ferme\/promenades-au-sein-de-la-nature\/\",\"url\":\"https:\/\/www.lavalledimenticata.it\/fr\/la-ferme\/promenades-au-sein-de-la-nature\/\",\"name\":\"Promenades au sein de la nature - Agriturismo nel Montefeltro, Marche\",\"isPartOf\":{\"@id\":\"https:\/\/www.lavalledimenticata.it\/#website\"},\"primaryImageOfPage\":{\"@id\":\"https:\/\/www.lavalledimenticata.it\/fr\/la-ferme\/promenades-au-sein-de-la-nature\/#primaryimage\"},\"image\":{\"@id\":\"https:\/\/www.lavalledimenticata.it\/fr\/la-ferme\/promenades-au-sein-de-la-nature\/#primaryimage\"},\"thumbnailUrl\":\"http:\/\/www.lavalledimenticata.it\/wp-content\/uploads\/2015\/11\/DSC_0182.jpg\",\"datePublished\":\"2013-03-05T16:32:45+00:00\",\"dateModified\":\"2015-12-10T22:56:46+00:00\",\"description\":\"Promenades au sein de la nature - Agriturismo nel Montefeltro, provincia di Pesaro Urbino, nelle Marche\",\"breadcrumb\":{\"@id\":\"https:\/\/www.lavalledimenticata.it\/fr\/la-ferme\/promenades-au-sein-de-la-nature\/#breadcrumb\"},\"inLanguage\":\"fr-FR\",\"potentialAction\":[{\"@type\":\"ReadAction\",\"target\":[\"https:\/\/www.lavalledimenticata.it\/fr\/la-ferme\/promenades-au-sein-de-la-nature\/\"]}]},{\"@type\":\"ImageObject\",\"inLanguage\":\"fr-FR\",\"@id\":\"https:\/\/www.lavalledimenticata.it\/fr\/la-ferme\/promenades-au-sein-de-la-nature\/#primaryimage\",\"url\":\"http:\/\/www.lavalledimenticata.it\/wp-content\/uploads\/2015\/11\/DSC_0182.jpg\",\"contentUrl\":\"http:\/\/www.lavalledimenticata.it\/wp-content\/uploads\/2015\/11\/DSC_0182.jpg\"},{\"@type\":\"BreadcrumbList\",\"@id\":\"https:\/\/www.lavalledimenticata.it\/fr\/la-ferme\/promenades-au-sein-de-la-nature\/#breadcrumb\",\"itemListElement\":[{\"@type\":\"ListItem\",\"position\":1,\"name\":\"Home\",\"item\":\"https:\/\/www.lavalledimenticata.it\/\"},{\"@type\":\"ListItem\",\"position\":2,\"name\":\"La ferme\",\"item\":\"https:\/\/www.lavalledimenticata.it\/fr\/la-ferme\/\"},{\"@type\":\"ListItem\",\"position\":3,\"name\":\"Promenades au sein de la nature\"}]},{\"@type\":\"WebSite\",\"@id\":\"https:\/\/www.lavalledimenticata.it\/#website\",\"url\":\"https:\/\/www.lavalledimenticata.it\/\",\"name\":\"Agriturismo La Valle Dimenticata\",\"description\":\"\",\"potentialAction\":[{\"@type\":\"SearchAction\",\"target\":{\"@type\":\"EntryPoint\",\"urlTemplate\":\"https:\/\/www.lavalledimenticata.it\/?s={search_term_string}\"},\"query-input\":{\"@type\":\"PropertyValueSpecification\",\"valueRequired\":true,\"valueName\":\"search_term_string\"}}],\"inLanguage\":\"fr-FR\"}]}<\/script>\n<!-- \/ Yoast SEO plugin. -->","yoast_head_json":{"title":"Promenades au sein de la nature - Agriturismo nel Montefeltro, Marche","description":"Promenades au sein de la nature - Agriturismo nel Montefeltro, provincia di Pesaro Urbino, nelle Marche","robots":{"index":"index","follow":"follow","max-snippet":"max-snippet:-1","max-image-preview":"max-image-preview:large","max-video-preview":"max-video-preview:-1"},"canonical":"https:\/\/www.lavalledimenticata.it\/fr\/la-ferme\/promenades-au-sein-de-la-nature\/","og_locale":"fr_FR","og_type":"article","og_title":"Promenades au sein de la nature - Agriturismo nel Montefeltro, Marche","og_description":"Promenades au sein de la nature - Agriturismo nel Montefeltro, provincia di Pesaro Urbino, nelle Marche","og_url":"https:\/\/www.lavalledimenticata.it\/fr\/la-ferme\/promenades-au-sein-de-la-nature\/","og_site_name":"Agriturismo La Valle Dimenticata","article_modified_time":"2015-12-10T22:56:46+00:00","og_image":[{"width":1024,"height":680,"url":"https:\/\/www.lavalledimenticata.it\/wp-content\/uploads\/2015\/11\/DSC_0182-1024x680.jpg","type":"image\/jpeg"}],"twitter_misc":{"Dur\u00e9e de lecture estim\u00e9e":"1 minute"},"schema":{"@context":"https:\/\/schema.org","@graph":[{"@type":"WebPage","@id":"https:\/\/www.lavalledimenticata.it\/fr\/la-ferme\/promenades-au-sein-de-la-nature\/","url":"https:\/\/www.lavalledimenticata.it\/fr\/la-ferme\/promenades-au-sein-de-la-nature\/","name":"Promenades au sein de la nature - Agriturismo nel Montefeltro, Marche","isPartOf":{"@id":"https:\/\/www.lavalledimenticata.it\/#website"},"primaryImageOfPage":{"@id":"https:\/\/www.lavalledimenticata.it\/fr\/la-ferme\/promenades-au-sein-de-la-nature\/#primaryimage"},"image":{"@id":"https:\/\/www.lavalledimenticata.it\/fr\/la-ferme\/promenades-au-sein-de-la-nature\/#primaryimage"},"thumbnailUrl":"http:\/\/www.lavalledimenticata.it\/wp-content\/uploads\/2015\/11\/DSC_0182.jpg","datePublished":"2013-03-05T16:32:45+00:00","dateModified":"2015-12-10T22:56:46+00:00","description":"Promenades au sein de la nature - Agriturismo nel Montefeltro, provincia di Pesaro Urbino, nelle Marche","breadcrumb":{"@id":"https:\/\/www.lavalledimenticata.it\/fr\/la-ferme\/promenades-au-sein-de-la-nature\/#breadcrumb"},"inLanguage":"fr-FR","potentialAction":[{"@type":"ReadAction","target":["https:\/\/www.lavalledimenticata.it\/fr\/la-ferme\/promenades-au-sein-de-la-nature\/"]}]},{"@type":"ImageObject","inLanguage":"fr-FR","@id":"https:\/\/www.lavalledimenticata.it\/fr\/la-ferme\/promenades-au-sein-de-la-nature\/#primaryimage","url":"http:\/\/www.lavalledimenticata.it\/wp-content\/uploads\/2015\/11\/DSC_0182.jpg","contentUrl":"http:\/\/www.lavalledimenticata.it\/wp-content\/uploads\/2015\/11\/DSC_0182.jpg"},{"@type":"BreadcrumbList","@id":"https:\/\/www.lavalledimenticata.it\/fr\/la-ferme\/promenades-au-sein-de-la-nature\/#breadcrumb","itemListElement":[{"@type":"ListItem","position":1,"name":"Home","item":"https:\/\/www.lavalledimenticata.it\/"},{"@type":"ListItem","position":2,"name":"La ferme","item":"https:\/\/www.lavalledimenticata.it\/fr\/la-ferme\/"},{"@type":"ListItem","position":3,"name":"Promenades au sein de la nature"}]},{"@type":"WebSite","@id":"https:\/\/www.lavalledimenticata.it\/#website","url":"https:\/\/www.lavalledimenticata.it\/","name":"Agriturismo La Valle Dimenticata","description":"","potentialAction":[{"@type":"SearchAction","target":{"@type":"EntryPoint","urlTemplate":"https:\/\/www.lavalledimenticata.it\/?s={search_term_string}"},"query-input":{"@type":"PropertyValueSpecification","valueRequired":true,"valueName":"search_term_string"}}],"inLanguage":"fr-FR"}]}},"_links":{"self":[{"href":"https:\/\/www.lavalledimenticata.it\/fr\/wp-json\/wp\/v2\/pages\/929"}],"collection":[{"href":"https:\/\/www.lavalledimenticata.it\/fr\/wp-json\/wp\/v2\/pages"}],"about":[{"href":"https:\/\/www.lavalledimenticata.it\/fr\/wp-json\/wp\/v2\/types\/page"}],"author":[{"embeddable":true,"href":"https:\/\/www.lavalledimenticata.it\/fr\/wp-json\/wp\/v2\/users\/4"}],"replies":[{"embeddable":true,"href":"https:\/\/www.lavalledimenticata.it\/fr\/wp-json\/wp\/v2\/comments?post=929"}],"version-history":[{"count":5,"href":"https:\/\/www.lavalledimenticata.it\/fr\/wp-json\/wp\/v2\/pages\/929\/revisions"}],"predecessor-version":[{"id":2674,"href":"https:\/\/www.lavalledimenticata.it\/fr\/wp-json\/wp\/v2\/pages\/929\/revisions\/2674"}],"up":[{"embeddable":true,"href":"https:\/\/www.lavalledimenticata.it\/fr\/wp-json\/wp\/v2\/pages\/672"}],"wp:attachment":[{"href":"https:\/\/www.lavalledimenticata.it\/fr\/wp-json\/wp\/v2\/media?parent=929"}],"curies":[{"name":"wp","href":"https:\/\/api.w.org\/{rel}","templated":true}]}}