{"id":936,"date":"2013-03-05T17:40:31","date_gmt":"2013-03-05T16:40:31","guid":{"rendered":"http:\/\/www.lavalledimenticata.it\/lagritourisme\/lazienda-agricola\/"},"modified":"2014-04-19T23:02:40","modified_gmt":"2014-04-19T21:02:40","slug":"lexploitation-agricole","status":"publish","type":"page","link":"https:\/\/www.lavalledimenticata.it\/fr\/la-ferme\/lexploitation-agricole\/","title":{"rendered":"L&rsquo;exploitation agricole \u201cLA NONNA SUL MELO\u201d"},"content":{"rendered":"<p><img loading=\"lazy\" decoding=\"async\" class=\"alignright size-full wp-image-277\" alt=\"L'entreprise agricole\" src=\"http:\/\/www.lavalledimenticata.it\/wp-content\/uploads\/2013\/03\/logo-AZIENDA-AGRICOLA.jpg\" width=\"280\" height=\"327\" srcset=\"https:\/\/www.lavalledimenticata.it\/wp-content\/uploads\/2013\/03\/logo-AZIENDA-AGRICOLA.jpg 280w, https:\/\/www.lavalledimenticata.it\/wp-content\/uploads\/2013\/03\/logo-AZIENDA-AGRICOLA-256x300.jpg 256w\" sizes=\"(max-width: 280px) 100vw, 280px\" \/>Nous avons toujours aim\u00e9 la campagne, la nature, les fleurs et les plantes\u2026 et ce projet\u00a0n&rsquo;est pas notre travail, mais notre vie.<\/p>\n<p>En 2009 nous avons particip\u00e9 \u00e0 un <strong>projet avec la R\u00e9gion des Marches<\/strong> pour pr\u00e9server et faire pousser de nombreuses vari\u00e9t\u00e9s d\u2019<strong>anciens arbres\u00a0fruitiers locaux<\/strong>, une fois typiques de la zone mais d\u00e9sormais pratiquement disparus: ceci est s\u00fbrement notre plus grand d\u00e9fis \u00e9tant donn\u00e9 que nous sommes les seuls dans la r\u00e9gion\u00a0\u00e0 exercer cette activit\u00e9.<br \/>\nUn nouveau verger est situ\u00e9 derri\u00e8re l&rsquo;habitation entre\u00a0des oliviers, des pommiers, des poiriers, des noyers et des cerisiers : au milieu, de longs \u00e9pis de lavande ondulent au soleil d\u00e9gageant\u00a0un agr\u00e9able parfum.<\/p>\n","protected":false},"excerpt":{"rendered":"<p>Nous avons toujours aim\u00e9 la campagne, la nature, les fleurs et les plantes\u2026 et ce projet n&rsquo;est pas notre travail, mais notre vie.<\/p>\n<p>En 2009 nous avons particip\u00e9 \u00e0 un projet avec la R\u00e9gion des Marches pour pr\u00e9server et faire pousser de nombreuses vari\u00e9t\u00e9s d\u2019anciens arbres fruitiers locaux, une fois typiques de la zone mais d\u00e9sormais pratiquement disparus: ceci est s\u00fbrement notre plus grand d\u00e9fis \u00e9tant donn\u00e9 que nous sommes les seuls dans la r\u00e9gion \u00e0 exercer cette activit\u00e9.<br \/>\n Un nouveau verger est situ\u00e9 derri\u00e8re l&rsquo;habitation entre des oliviers, des pommiers, des poiriers, des noyers et des cerisiers : au milieu, de longs \u00e9pis de lavande ondulent au soleil d\u00e9gageant un agr\u00e9able parfum.<\/p>\n","protected":false},"author":4,"featured_media":532,"parent":672,"menu_order":43,"comment_status":"open","ping_status":"closed","template":"page-gallery.php","meta":{"footnotes":""},"class_list":["post-936","page","type-page","status-publish","has-post-thumbnail","hentry"],"yoast_head":"<!-- This site is optimized with the Yoast SEO plugin v23.7 - https:\/\/yoast.com\/wordpress\/plugins\/seo\/ -->\n<title>L&#039;exploitation agricole \u201cLA NONNA SUL MELO\u201d - Agriturismo nel Montefeltro, Marche<\/title>\n<meta name=\"description\" content=\"L&#039;exploitation agricole \u201cLA NONNA SUL MELO\u201d - Agriturismo nel Montefeltro, provincia di Pesaro Urbino, nelle Marche\" \/>\n<meta name=\"robots\" content=\"index, follow, max-snippet:-1, max-image-preview:large, max-video-preview:-1\" \/>\n<link rel=\"canonical\" href=\"https:\/\/www.lavalledimenticata.it\/fr\/la-ferme\/lexploitation-agricole\/\" \/>\n<meta property=\"og:locale\" content=\"fr_FR\" \/>\n<meta property=\"og:type\" content=\"article\" \/>\n<meta property=\"og:title\" content=\"L&#039;exploitation agricole \u201cLA NONNA SUL MELO\u201d - Agriturismo nel Montefeltro, Marche\" \/>\n<meta property=\"og:description\" content=\"L&#039;exploitation agricole \u201cLA NONNA SUL MELO\u201d - Agriturismo nel Montefeltro, provincia di Pesaro Urbino, nelle Marche\" \/>\n<meta property=\"og:url\" content=\"https:\/\/www.lavalledimenticata.it\/fr\/la-ferme\/lexploitation-agricole\/\" \/>\n<meta property=\"og:site_name\" content=\"Agriturismo La Valle Dimenticata\" \/>\n<meta property=\"article:modified_time\" content=\"2014-04-19T21:02:40+00:00\" \/>\n<meta property=\"og:image\" content=\"https:\/\/www.lavalledimenticata.it\/wp-content\/uploads\/2013\/03\/azagricolahome.jpg\" \/>\n\t<meta property=\"og:image:width\" content=\"954\" \/>\n\t<meta property=\"og:image:height\" content=\"375\" \/>\n\t<meta property=\"og:image:type\" content=\"image\/jpeg\" \/>\n<meta name=\"twitter:label1\" content=\"Dur\u00e9e de lecture estim\u00e9e\" \/>\n\t<meta name=\"twitter:data1\" content=\"1 minute\" \/>\n<script type=\"application\/ld+json\" class=\"yoast-schema-graph\">{\"@context\":\"https:\/\/schema.org\",\"@graph\":[{\"@type\":\"WebPage\",\"@id\":\"https:\/\/www.lavalledimenticata.it\/fr\/la-ferme\/lexploitation-agricole\/\",\"url\":\"https:\/\/www.lavalledimenticata.it\/fr\/la-ferme\/lexploitation-agricole\/\",\"name\":\"L'exploitation agricole \u201cLA NONNA SUL MELO\u201d - Agriturismo nel Montefeltro, Marche\",\"isPartOf\":{\"@id\":\"https:\/\/www.lavalledimenticata.it\/#website\"},\"primaryImageOfPage\":{\"@id\":\"https:\/\/www.lavalledimenticata.it\/fr\/la-ferme\/lexploitation-agricole\/#primaryimage\"},\"image\":{\"@id\":\"https:\/\/www.lavalledimenticata.it\/fr\/la-ferme\/lexploitation-agricole\/#primaryimage\"},\"thumbnailUrl\":\"https:\/\/www.lavalledimenticata.it\/wp-content\/uploads\/2013\/03\/azagricolahome.jpg\",\"datePublished\":\"2013-03-05T16:40:31+00:00\",\"dateModified\":\"2014-04-19T21:02:40+00:00\",\"description\":\"L'exploitation agricole \u201cLA NONNA SUL MELO\u201d - Agriturismo nel Montefeltro, provincia di Pesaro Urbino, nelle Marche\",\"breadcrumb\":{\"@id\":\"https:\/\/www.lavalledimenticata.it\/fr\/la-ferme\/lexploitation-agricole\/#breadcrumb\"},\"inLanguage\":\"fr-FR\",\"potentialAction\":[{\"@type\":\"ReadAction\",\"target\":[\"https:\/\/www.lavalledimenticata.it\/fr\/la-ferme\/lexploitation-agricole\/\"]}]},{\"@type\":\"ImageObject\",\"inLanguage\":\"fr-FR\",\"@id\":\"https:\/\/www.lavalledimenticata.it\/fr\/la-ferme\/lexploitation-agricole\/#primaryimage\",\"url\":\"https:\/\/www.lavalledimenticata.it\/wp-content\/uploads\/2013\/03\/azagricolahome.jpg\",\"contentUrl\":\"https:\/\/www.lavalledimenticata.it\/wp-content\/uploads\/2013\/03\/azagricolahome.jpg\",\"width\":954,\"height\":375},{\"@type\":\"BreadcrumbList\",\"@id\":\"https:\/\/www.lavalledimenticata.it\/fr\/la-ferme\/lexploitation-agricole\/#breadcrumb\",\"itemListElement\":[{\"@type\":\"ListItem\",\"position\":1,\"name\":\"Home\",\"item\":\"https:\/\/www.lavalledimenticata.it\/\"},{\"@type\":\"ListItem\",\"position\":2,\"name\":\"La ferme\",\"item\":\"https:\/\/www.lavalledimenticata.it\/fr\/la-ferme\/\"},{\"@type\":\"ListItem\",\"position\":3,\"name\":\"L&#8217;exploitation agricole \u201cLA NONNA SUL MELO\u201d\"}]},{\"@type\":\"WebSite\",\"@id\":\"https:\/\/www.lavalledimenticata.it\/#website\",\"url\":\"https:\/\/www.lavalledimenticata.it\/\",\"name\":\"Agriturismo La Valle Dimenticata\",\"description\":\"\",\"potentialAction\":[{\"@type\":\"SearchAction\",\"target\":{\"@type\":\"EntryPoint\",\"urlTemplate\":\"https:\/\/www.lavalledimenticata.it\/?s={search_term_string}\"},\"query-input\":{\"@type\":\"PropertyValueSpecification\",\"valueRequired\":true,\"valueName\":\"search_term_string\"}}],\"inLanguage\":\"fr-FR\"}]}<\/script>\n<!-- \/ Yoast SEO plugin. -->","yoast_head_json":{"title":"L'exploitation agricole \u201cLA NONNA SUL MELO\u201d - Agriturismo nel Montefeltro, Marche","description":"L'exploitation agricole \u201cLA NONNA SUL MELO\u201d - Agriturismo nel Montefeltro, provincia di Pesaro Urbino, nelle Marche","robots":{"index":"index","follow":"follow","max-snippet":"max-snippet:-1","max-image-preview":"max-image-preview:large","max-video-preview":"max-video-preview:-1"},"canonical":"https:\/\/www.lavalledimenticata.it\/fr\/la-ferme\/lexploitation-agricole\/","og_locale":"fr_FR","og_type":"article","og_title":"L'exploitation agricole \u201cLA NONNA SUL MELO\u201d - Agriturismo nel Montefeltro, Marche","og_description":"L'exploitation agricole \u201cLA NONNA SUL MELO\u201d - Agriturismo nel Montefeltro, provincia di Pesaro Urbino, nelle Marche","og_url":"https:\/\/www.lavalledimenticata.it\/fr\/la-ferme\/lexploitation-agricole\/","og_site_name":"Agriturismo La Valle Dimenticata","article_modified_time":"2014-04-19T21:02:40+00:00","og_image":[{"width":954,"height":375,"url":"https:\/\/www.lavalledimenticata.it\/wp-content\/uploads\/2013\/03\/azagricolahome.jpg","type":"image\/jpeg"}],"twitter_misc":{"Dur\u00e9e de lecture estim\u00e9e":"1 minute"},"schema":{"@context":"https:\/\/schema.org","@graph":[{"@type":"WebPage","@id":"https:\/\/www.lavalledimenticata.it\/fr\/la-ferme\/lexploitation-agricole\/","url":"https:\/\/www.lavalledimenticata.it\/fr\/la-ferme\/lexploitation-agricole\/","name":"L'exploitation agricole \u201cLA NONNA SUL MELO\u201d - Agriturismo nel Montefeltro, Marche","isPartOf":{"@id":"https:\/\/www.lavalledimenticata.it\/#website"},"primaryImageOfPage":{"@id":"https:\/\/www.lavalledimenticata.it\/fr\/la-ferme\/lexploitation-agricole\/#primaryimage"},"image":{"@id":"https:\/\/www.lavalledimenticata.it\/fr\/la-ferme\/lexploitation-agricole\/#primaryimage"},"thumbnailUrl":"https:\/\/www.lavalledimenticata.it\/wp-content\/uploads\/2013\/03\/azagricolahome.jpg","datePublished":"2013-03-05T16:40:31+00:00","dateModified":"2014-04-19T21:02:40+00:00","description":"L'exploitation agricole \u201cLA NONNA SUL MELO\u201d - Agriturismo nel Montefeltro, provincia di Pesaro Urbino, nelle Marche","breadcrumb":{"@id":"https:\/\/www.lavalledimenticata.it\/fr\/la-ferme\/lexploitation-agricole\/#breadcrumb"},"inLanguage":"fr-FR","potentialAction":[{"@type":"ReadAction","target":["https:\/\/www.lavalledimenticata.it\/fr\/la-ferme\/lexploitation-agricole\/"]}]},{"@type":"ImageObject","inLanguage":"fr-FR","@id":"https:\/\/www.lavalledimenticata.it\/fr\/la-ferme\/lexploitation-agricole\/#primaryimage","url":"https:\/\/www.lavalledimenticata.it\/wp-content\/uploads\/2013\/03\/azagricolahome.jpg","contentUrl":"https:\/\/www.lavalledimenticata.it\/wp-content\/uploads\/2013\/03\/azagricolahome.jpg","width":954,"height":375},{"@type":"BreadcrumbList","@id":"https:\/\/www.lavalledimenticata.it\/fr\/la-ferme\/lexploitation-agricole\/#breadcrumb","itemListElement":[{"@type":"ListItem","position":1,"name":"Home","item":"https:\/\/www.lavalledimenticata.it\/"},{"@type":"ListItem","position":2,"name":"La ferme","item":"https:\/\/www.lavalledimenticata.it\/fr\/la-ferme\/"},{"@type":"ListItem","position":3,"name":"L&#8217;exploitation agricole \u201cLA NONNA SUL MELO\u201d"}]},{"@type":"WebSite","@id":"https:\/\/www.lavalledimenticata.it\/#website","url":"https:\/\/www.lavalledimenticata.it\/","name":"Agriturismo La Valle Dimenticata","description":"","potentialAction":[{"@type":"SearchAction","target":{"@type":"EntryPoint","urlTemplate":"https:\/\/www.lavalledimenticata.it\/?s={search_term_string}"},"query-input":{"@type":"PropertyValueSpecification","valueRequired":true,"valueName":"search_term_string"}}],"inLanguage":"fr-FR"}]}},"_links":{"self":[{"href":"https:\/\/www.lavalledimenticata.it\/fr\/wp-json\/wp\/v2\/pages\/936"}],"collection":[{"href":"https:\/\/www.lavalledimenticata.it\/fr\/wp-json\/wp\/v2\/pages"}],"about":[{"href":"https:\/\/www.lavalledimenticata.it\/fr\/wp-json\/wp\/v2\/types\/page"}],"author":[{"embeddable":true,"href":"https:\/\/www.lavalledimenticata.it\/fr\/wp-json\/wp\/v2\/users\/4"}],"replies":[{"embeddable":true,"href":"https:\/\/www.lavalledimenticata.it\/fr\/wp-json\/wp\/v2\/comments?post=936"}],"version-history":[{"count":5,"href":"https:\/\/www.lavalledimenticata.it\/fr\/wp-json\/wp\/v2\/pages\/936\/revisions"}],"predecessor-version":[{"id":1867,"href":"https:\/\/www.lavalledimenticata.it\/fr\/wp-json\/wp\/v2\/pages\/936\/revisions\/1867"}],"up":[{"embeddable":true,"href":"https:\/\/www.lavalledimenticata.it\/fr\/wp-json\/wp\/v2\/pages\/672"}],"wp:featuredmedia":[{"embeddable":true,"href":"https:\/\/www.lavalledimenticata.it\/fr\/wp-json\/wp\/v2\/media\/532"}],"wp:attachment":[{"href":"https:\/\/www.lavalledimenticata.it\/fr\/wp-json\/wp\/v2\/media?parent=936"}],"curies":[{"name":"wp","href":"https:\/\/api.w.org\/{rel}","templated":true}]}}