{"id":973,"date":"2013-05-21T14:48:48","date_gmt":"2013-05-21T12:48:48","guid":{"rendered":"http:\/\/www.lavalledimenticata.it\/les-appartements\/appartamento-corbezzolo\/"},"modified":"2015-12-11T00:17:38","modified_gmt":"2015-12-10T23:17:38","slug":"appartement-corbezzolo","status":"publish","type":"page","link":"https:\/\/www.lavalledimenticata.it\/fr\/les-appartements\/appartement-corbezzolo\/","title":{"rendered":"Appartement Corbezzolo"},"content":{"rendered":"<p>Appartement <b>CORBEZZOLO<\/b><\/p>\n<p>pour\u00a04 + 1\u00a0personnes (60 m2)<\/p>\n<p>1 Cuisine \u00e9quip\u00e9e \/ 1 salle \u00e0 manger<\/p>\n<p>1 chambre \u00e0 coucher matrimoniale<\/p>\n<p>1 chambre \u00e0 coucher double<\/p>\n<p>1 c<span class=\"hps\">anap\u00e9-lit<\/span><\/p>\n<p>1 salle d&rsquo;eau<\/p>\n<p>1 grand jardin ind\u00e9pendant<\/p>\n<p>Vue sur la piscine<\/p>\n<p>&nbsp;<\/p>\n<p>&lt;&lt; Retour aux<a title=\"Appartement\" href=\"http:\/\/www.lavalledimenticata.it\/fr\/les-appartements\/\"> appartements<\/a><\/p>\n","protected":false},"excerpt":{"rendered":"<p>Appartement CORBEZZOLO pour\u00a04 + 1\u00a0personnes (60 m2) 1 Cuisine \u00e9quip\u00e9e \/ 1 salle \u00e0 manger 1 chambre \u00e0 coucher matrimoniale 1 chambre \u00e0 coucher double 1 canap\u00e9-lit 1 salle d&rsquo;eau 1 grand jardin ind\u00e9pendant Vue sur la piscine &nbsp; &lt;&lt; Retour aux appartements<\/p>\n","protected":false},"author":4,"featured_media":2066,"parent":949,"menu_order":18,"comment_status":"open","ping_status":"open","template":"page-gallery.php","meta":{"footnotes":""},"class_list":["post-973","page","type-page","status-publish","has-post-thumbnail","hentry"],"yoast_head":"<!-- This site is optimized with the Yoast SEO plugin v23.7 - https:\/\/yoast.com\/wordpress\/plugins\/seo\/ -->\n<title>Appartement Corbezzolo - Agriturismo nel Montefeltro, Marche<\/title>\n<meta name=\"description\" content=\"Appartement Corbezzolo - Agriturismo nel Montefeltro, provincia di Pesaro Urbino, nelle Marche\" \/>\n<meta name=\"robots\" content=\"index, follow, max-snippet:-1, max-image-preview:large, max-video-preview:-1\" \/>\n<link rel=\"canonical\" href=\"https:\/\/www.lavalledimenticata.it\/fr\/les-appartements\/appartement-corbezzolo\/\" \/>\n<meta property=\"og:locale\" content=\"fr_FR\" \/>\n<meta property=\"og:type\" content=\"article\" \/>\n<meta property=\"og:title\" content=\"Appartement Corbezzolo - Agriturismo nel Montefeltro, Marche\" \/>\n<meta property=\"og:description\" content=\"Appartement Corbezzolo - Agriturismo nel Montefeltro, provincia di Pesaro Urbino, nelle Marche\" \/>\n<meta property=\"og:url\" content=\"https:\/\/www.lavalledimenticata.it\/fr\/les-appartements\/appartement-corbezzolo\/\" \/>\n<meta property=\"og:site_name\" content=\"Agriturismo La Valle Dimenticata\" \/>\n<meta property=\"article:modified_time\" content=\"2015-12-10T23:17:38+00:00\" \/>\n<meta property=\"og:image\" content=\"https:\/\/www.lavalledimenticata.it\/wp-content\/uploads\/2015\/08\/DSC_0028-2050x1362-1024x680.jpg\" \/>\n\t<meta property=\"og:image:width\" content=\"1024\" \/>\n\t<meta property=\"og:image:height\" content=\"680\" \/>\n\t<meta property=\"og:image:type\" content=\"image\/jpeg\" \/>\n<script type=\"application\/ld+json\" class=\"yoast-schema-graph\">{\"@context\":\"https:\/\/schema.org\",\"@graph\":[{\"@type\":\"WebPage\",\"@id\":\"https:\/\/www.lavalledimenticata.it\/fr\/les-appartements\/appartement-corbezzolo\/\",\"url\":\"https:\/\/www.lavalledimenticata.it\/fr\/les-appartements\/appartement-corbezzolo\/\",\"name\":\"Appartement Corbezzolo - Agriturismo nel Montefeltro, Marche\",\"isPartOf\":{\"@id\":\"https:\/\/www.lavalledimenticata.it\/#website\"},\"primaryImageOfPage\":{\"@id\":\"https:\/\/www.lavalledimenticata.it\/fr\/les-appartements\/appartement-corbezzolo\/#primaryimage\"},\"image\":{\"@id\":\"https:\/\/www.lavalledimenticata.it\/fr\/les-appartements\/appartement-corbezzolo\/#primaryimage\"},\"thumbnailUrl\":\"https:\/\/www.lavalledimenticata.it\/wp-content\/uploads\/2015\/08\/DSC_0028-2050x1362.jpg\",\"datePublished\":\"2013-05-21T12:48:48+00:00\",\"dateModified\":\"2015-12-10T23:17:38+00:00\",\"description\":\"Appartement Corbezzolo - Agriturismo nel Montefeltro, provincia di Pesaro Urbino, nelle Marche\",\"breadcrumb\":{\"@id\":\"https:\/\/www.lavalledimenticata.it\/fr\/les-appartements\/appartement-corbezzolo\/#breadcrumb\"},\"inLanguage\":\"fr-FR\",\"potentialAction\":[{\"@type\":\"ReadAction\",\"target\":[\"https:\/\/www.lavalledimenticata.it\/fr\/les-appartements\/appartement-corbezzolo\/\"]}]},{\"@type\":\"ImageObject\",\"inLanguage\":\"fr-FR\",\"@id\":\"https:\/\/www.lavalledimenticata.it\/fr\/les-appartements\/appartement-corbezzolo\/#primaryimage\",\"url\":\"https:\/\/www.lavalledimenticata.it\/wp-content\/uploads\/2015\/08\/DSC_0028-2050x1362.jpg\",\"contentUrl\":\"https:\/\/www.lavalledimenticata.it\/wp-content\/uploads\/2015\/08\/DSC_0028-2050x1362.jpg\",\"width\":2050,\"height\":1362},{\"@type\":\"BreadcrumbList\",\"@id\":\"https:\/\/www.lavalledimenticata.it\/fr\/les-appartements\/appartement-corbezzolo\/#breadcrumb\",\"itemListElement\":[{\"@type\":\"ListItem\",\"position\":1,\"name\":\"Home\",\"item\":\"https:\/\/www.lavalledimenticata.it\/\"},{\"@type\":\"ListItem\",\"position\":2,\"name\":\"Les appartements\",\"item\":\"https:\/\/www.lavalledimenticata.it\/fr\/les-appartements\/\"},{\"@type\":\"ListItem\",\"position\":3,\"name\":\"Appartement Corbezzolo\"}]},{\"@type\":\"WebSite\",\"@id\":\"https:\/\/www.lavalledimenticata.it\/#website\",\"url\":\"https:\/\/www.lavalledimenticata.it\/\",\"name\":\"Agriturismo La Valle Dimenticata\",\"description\":\"\",\"potentialAction\":[{\"@type\":\"SearchAction\",\"target\":{\"@type\":\"EntryPoint\",\"urlTemplate\":\"https:\/\/www.lavalledimenticata.it\/?s={search_term_string}\"},\"query-input\":{\"@type\":\"PropertyValueSpecification\",\"valueRequired\":true,\"valueName\":\"search_term_string\"}}],\"inLanguage\":\"fr-FR\"}]}<\/script>\n<!-- \/ Yoast SEO plugin. -->","yoast_head_json":{"title":"Appartement Corbezzolo - Agriturismo nel Montefeltro, Marche","description":"Appartement Corbezzolo - Agriturismo nel Montefeltro, provincia di Pesaro Urbino, nelle Marche","robots":{"index":"index","follow":"follow","max-snippet":"max-snippet:-1","max-image-preview":"max-image-preview:large","max-video-preview":"max-video-preview:-1"},"canonical":"https:\/\/www.lavalledimenticata.it\/fr\/les-appartements\/appartement-corbezzolo\/","og_locale":"fr_FR","og_type":"article","og_title":"Appartement Corbezzolo - Agriturismo nel Montefeltro, Marche","og_description":"Appartement Corbezzolo - Agriturismo nel Montefeltro, provincia di Pesaro Urbino, nelle Marche","og_url":"https:\/\/www.lavalledimenticata.it\/fr\/les-appartements\/appartement-corbezzolo\/","og_site_name":"Agriturismo La Valle Dimenticata","article_modified_time":"2015-12-10T23:17:38+00:00","og_image":[{"width":1024,"height":680,"url":"https:\/\/www.lavalledimenticata.it\/wp-content\/uploads\/2015\/08\/DSC_0028-2050x1362-1024x680.jpg","type":"image\/jpeg"}],"schema":{"@context":"https:\/\/schema.org","@graph":[{"@type":"WebPage","@id":"https:\/\/www.lavalledimenticata.it\/fr\/les-appartements\/appartement-corbezzolo\/","url":"https:\/\/www.lavalledimenticata.it\/fr\/les-appartements\/appartement-corbezzolo\/","name":"Appartement Corbezzolo - Agriturismo nel Montefeltro, Marche","isPartOf":{"@id":"https:\/\/www.lavalledimenticata.it\/#website"},"primaryImageOfPage":{"@id":"https:\/\/www.lavalledimenticata.it\/fr\/les-appartements\/appartement-corbezzolo\/#primaryimage"},"image":{"@id":"https:\/\/www.lavalledimenticata.it\/fr\/les-appartements\/appartement-corbezzolo\/#primaryimage"},"thumbnailUrl":"https:\/\/www.lavalledimenticata.it\/wp-content\/uploads\/2015\/08\/DSC_0028-2050x1362.jpg","datePublished":"2013-05-21T12:48:48+00:00","dateModified":"2015-12-10T23:17:38+00:00","description":"Appartement Corbezzolo - Agriturismo nel Montefeltro, provincia di Pesaro Urbino, nelle Marche","breadcrumb":{"@id":"https:\/\/www.lavalledimenticata.it\/fr\/les-appartements\/appartement-corbezzolo\/#breadcrumb"},"inLanguage":"fr-FR","potentialAction":[{"@type":"ReadAction","target":["https:\/\/www.lavalledimenticata.it\/fr\/les-appartements\/appartement-corbezzolo\/"]}]},{"@type":"ImageObject","inLanguage":"fr-FR","@id":"https:\/\/www.lavalledimenticata.it\/fr\/les-appartements\/appartement-corbezzolo\/#primaryimage","url":"https:\/\/www.lavalledimenticata.it\/wp-content\/uploads\/2015\/08\/DSC_0028-2050x1362.jpg","contentUrl":"https:\/\/www.lavalledimenticata.it\/wp-content\/uploads\/2015\/08\/DSC_0028-2050x1362.jpg","width":2050,"height":1362},{"@type":"BreadcrumbList","@id":"https:\/\/www.lavalledimenticata.it\/fr\/les-appartements\/appartement-corbezzolo\/#breadcrumb","itemListElement":[{"@type":"ListItem","position":1,"name":"Home","item":"https:\/\/www.lavalledimenticata.it\/"},{"@type":"ListItem","position":2,"name":"Les appartements","item":"https:\/\/www.lavalledimenticata.it\/fr\/les-appartements\/"},{"@type":"ListItem","position":3,"name":"Appartement Corbezzolo"}]},{"@type":"WebSite","@id":"https:\/\/www.lavalledimenticata.it\/#website","url":"https:\/\/www.lavalledimenticata.it\/","name":"Agriturismo La Valle Dimenticata","description":"","potentialAction":[{"@type":"SearchAction","target":{"@type":"EntryPoint","urlTemplate":"https:\/\/www.lavalledimenticata.it\/?s={search_term_string}"},"query-input":{"@type":"PropertyValueSpecification","valueRequired":true,"valueName":"search_term_string"}}],"inLanguage":"fr-FR"}]}},"_links":{"self":[{"href":"https:\/\/www.lavalledimenticata.it\/fr\/wp-json\/wp\/v2\/pages\/973"}],"collection":[{"href":"https:\/\/www.lavalledimenticata.it\/fr\/wp-json\/wp\/v2\/pages"}],"about":[{"href":"https:\/\/www.lavalledimenticata.it\/fr\/wp-json\/wp\/v2\/types\/page"}],"author":[{"embeddable":true,"href":"https:\/\/www.lavalledimenticata.it\/fr\/wp-json\/wp\/v2\/users\/4"}],"replies":[{"embeddable":true,"href":"https:\/\/www.lavalledimenticata.it\/fr\/wp-json\/wp\/v2\/comments?post=973"}],"version-history":[{"count":6,"href":"https:\/\/www.lavalledimenticata.it\/fr\/wp-json\/wp\/v2\/pages\/973\/revisions"}],"predecessor-version":[{"id":2002,"href":"https:\/\/www.lavalledimenticata.it\/fr\/wp-json\/wp\/v2\/pages\/973\/revisions\/2002"}],"up":[{"embeddable":true,"href":"https:\/\/www.lavalledimenticata.it\/fr\/wp-json\/wp\/v2\/pages\/949"}],"wp:featuredmedia":[{"embeddable":true,"href":"https:\/\/www.lavalledimenticata.it\/fr\/wp-json\/wp\/v2\/media\/2066"}],"wp:attachment":[{"href":"https:\/\/www.lavalledimenticata.it\/fr\/wp-json\/wp\/v2\/media?parent=973"}],"curies":[{"name":"wp","href":"https:\/\/api.w.org\/{rel}","templated":true}]}}