{"id":991,"date":"2013-03-05T17:36:44","date_gmt":"2013-03-05T16:36:44","guid":{"rendered":"http:\/\/www.lavalledimenticata.it\/prezzi-e-prenotazioni-2\/"},"modified":"2024-01-06T17:29:54","modified_gmt":"2024-01-06T16:29:54","slug":"prix-et-reservations","status":"publish","type":"page","link":"https:\/\/www.lavalledimenticata.it\/fr\/prix-et-reservations\/","title":{"rendered":"Prix et r\u00e9servations"},"content":{"rendered":"<div id=\"attachment_1981\" style=\"width: 334px\" class=\"wp-caption aligncenter\"><img loading=\"lazy\" decoding=\"async\" aria-describedby=\"caption-attachment-1981\" class=\"wp-image-4132 size-full\" src=\"http:\/\/www.lavalledimenticata.it\/wp-content\/uploads\/2013\/03\/5-picchi...png\" alt=\"5 picchi\" width=\"324\" height=\"82\" srcset=\"https:\/\/www.lavalledimenticata.it\/wp-content\/uploads\/2013\/03\/5-picchi...png 324w, https:\/\/www.lavalledimenticata.it\/wp-content\/uploads\/2013\/03\/5-picchi..-300x75.png 300w\" sizes=\"(max-width: 324px) 100vw, 324px\" \/><p id=\"caption-attachment-1981\" class=\"wp-caption-text\">Classement cinq pics \u00ab\u00a0Ferme de qualit\u00e9 Marches\u00a0\u00bb<\/p><\/div>\n<p><b>Prix des appartements 2024<\/b><\/p>\n<table border=\"1\" width=\"100%\" cellspacing=\"0\" cellpadding=\"5\">\n<tbody>\n<tr>\n<td valign=\"top\" width=\"190\"><\/td>\n<td valign=\"top\" width=\"142\">\n<p style=\"text-align: center;\" align=\"center\">Basse saison min4 nuits<br \/>\ndu 01\/01 au 31\/03<br \/>\ndu 01\/11 au 31\/12<\/p>\n<\/td>\n<td valign=\"top\" width=\"161\">\n<p align=\"center\">Demi saison min. 4 nuits<br \/>\ndu 01\/04 au 31\/05<br \/>\ndu 17\/09 au 31\/10<\/p>\n<\/td>\n<td valign=\"top\" width=\"170\">\n<p align=\"center\">Haute saison <strong>min. 7 nuits<\/strong><br \/>\ndu 01\/06 au 16\/09<br \/>\nponts et f\u00eates<\/p>\n<\/td>\n<\/tr>\n<tr>\n<td valign=\"top\" nowrap=\"nowrap\" width=\"190\">Appartement<strong> MIELE<\/strong> 4 personnes<br \/>\nAppartement <strong>CORBEZZOLO<\/strong> 4+1 personnes*<\/p>\n<p>Prix sp\u00e9cial pour 2 personnes<\/td>\n<td valign=\"top\" width=\"142\">\n<p align=\"center\">\u20ac 130\/jour<\/p>\n<hr \/>\n<hr \/>\n<hr \/>\n<p align=\"center\">\u20ac 110\/jour<\/p>\n<p align=\"center\">\n<\/td>\n<td valign=\"top\" width=\"161\">\n<p align=\"center\">\u20ac 150\/jour<\/p>\n<hr \/>\n<hr \/>\n<hr \/>\n<p align=\"center\">\u20ac 125\/jour<\/p>\n<\/td>\n<td valign=\"top\" width=\"170\">\n<p align=\"center\">\u20ac 160\/jour<\/p>\n<hr \/>\n<hr \/>\n<hr \/>\n<p align=\"center\">\n<p align=\"center\">\n<\/td>\n<\/tr>\n<tr>\n<td valign=\"top\" width=\"190\">Appartement 4 pi\u00e8ces pour 4 &#8211; 4+1 personnes<\/td>\n<td valign=\"top\" width=\"142\">\n<p align=\"center\">\u20ac 805-910\/semaine<\/p>\n<\/td>\n<td valign=\"top\" width=\"161\">\n<p align=\"center\">\u20ac 875-1.050\/semaine<\/p>\n<\/td>\n<td valign=\"top\" width=\"170\">\n<p align=\"center\">\u20ac 1.120\/semaine<\/p>\n<p align=\"center\">\u20ac 2.200\/n.2 semaines<\/p>\n<\/td>\n<\/tr>\n<\/tbody>\n<\/table>\n<p>&#8211;\u00a0Au jour de l&rsquo;arriv\u00e9e les appartements sont disponibles \u00e0 partir de <strong>15.00<\/strong>.\u00a0Au jour du d\u00e9part les appartements doivent \u00eatre lib\u00e9r\u00e9s\u00a0\u00e0 <strong>10.00<\/strong> (du <strong>samedi au samedi<\/strong>).<\/p>\n<p>&#8211; Electricit\u00e9, eau et chauffage central\u00a0sont\u00a0des charges comprises. Chaque appartement est \u00e8quip\u00e9 par\u00a0un thermostat g\u00e9r\u00e9 de fa\u00e7on ind\u00e9pendante par les h\u00f4tes.<\/p>\n<p>&#8211; Le bois pour les po\u00eales-chemin\u00e9es et pour le barbecue est gratuit.<\/p>\n<p>&#8211; Le nettoyage final est compris dans le prix.<\/p>\n<p><a id=\"set-post-thumbnail\" title=\"Imposta l'immagine in evidenza\" href=\"http:\/\/www.lavalledimenticata.it\/wp-admin\/media-upload.php?post_id=25&amp;type=image&amp;TB_iframe=1\"><img loading=\"lazy\" decoding=\"async\" src=\"http:\/\/www.lavalledimenticata.it\/wp-content\/uploads\/2014\/04\/FreeWiFiBiancoBlu.jpg\" alt=\"FreeWiFiBiancoBlu\" width=\"72\" height=\"50\" \/><\/a><\/p>\n<p>&#8211; Les prix peuvent subir d&rsquo;\u00e9ventuelles r\u00e9ductions pendant\u00a0la r\u00e9servation des deux appartements.<\/p>\n<p>SUPPLEMENTS:<\/p>\n<p>&#8211; Nettoyage suppl\u00e9mentaire durant le s\u00e9jour 50\u20ac.<\/p>\n<p>&#8211; Changement\u00a0de\u00a0linge suppl\u00e9mentaire durant le s\u00e9jour 5\u20ac\u00a0par personne.<\/p>\n<p>&#8211; Animaux domestiques d&rsquo;une taille petite ou\u00a0moyenne 25\u20ac\u00a0par semaine.<\/p>\n<p>&#8211; Canap\u00e9-lit simple suppl\u00e9mentaire: 10\u20ac par jour.*<\/p>\n<p>&#8211; Lit suppl\u00e9mentaire pour enfants: 5\u20ac par jour.<\/p>\n<p>RESERVATION ET ACOMPTE: la r\u00e9servation est confirm\u00e9e \u00e0 la r\u00e9ception de l&rsquo;acompte \u00e9quivalent \u00e0 30%\u00a0du montant du s\u00e9jour par virement bancaire ou paypal.<\/p>\n<p>ANNULATION ET RESILIATION: en cas d&rsquo;annulation de la r\u00e9servation, l&rsquo;acompte ne sera pas rembours\u00e9. En cas de s\u00e9jour non b\u00e9n\u00e9fici\u00e9 pour un retard d&rsquo;arriv\u00e9e, une non-arriv\u00e9e ou une suspension de s\u00e9jour non communiqu\u00e9e au moins 30 jours l&rsquo;avant l&rsquo;arriv\u00e9e, l&rsquo;acompte ne sera pas rembours\u00e9 et le paiement du montant total du s\u00e9jour r\u00e9serv\u00e9 sera r\u00e9clam\u00e9.<\/p>\n<p>&#8211; Nous vous conseillons de nous contacter soit par le t\u00e9l\u00e9phone ou par l&rsquo;e-mail aux adresses indiqu\u00e9es &#8211;<\/p>\n<blockquote><p><a title=\"r\u00e9server on-line\" href=\"http:\/\/www.lavalledimenticata.it\/fr\/reserver-on-line\/\"><strong>CLIQUEZ ICI POUR R\u00c9SERVER EN LIGNE!<\/strong><\/a><a id=\"set-post-thumbnail\" title=\"Imposta l'immagine in evidenza\" href=\"http:\/\/www.lavalledimenticata.it\/wp-admin\/media-upload.php?post_id=991&amp;type=image&amp;TB_iframe=1\"><img loading=\"lazy\" decoding=\"async\" class=\"alignright\" src=\"http:\/\/www.lavalledimenticata.it\/wp-content\/uploads\/2014\/04\/img_guestbook-300x186.png\" alt=\"img_guestbook\" width=\"160\" height=\"98\" \/><\/a><\/p><\/blockquote>\n","protected":false},"excerpt":{"rendered":"<p>Prix des appartements 2024 Basse saison min4 nuits du 01\/01 au 31\/03 du 01\/11 au 31\/12 Demi saison min. 4 nuits du 01\/04 au 31\/05 du 17\/09 au 31\/10 Haute saison min. 7 nuits du 01\/06 au 16\/09 ponts et f\u00eates Appartement MIELE 4 personnes Appartement CORBEZZOLO 4+1 personnes* Prix sp\u00e9cial pour 2 personnes \u20ac [&hellip;]<\/p>\n","protected":false},"author":4,"featured_media":1736,"parent":0,"menu_order":51,"comment_status":"open","ping_status":"open","template":"page-full.php","meta":{"footnotes":""},"class_list":["post-991","page","type-page","status-publish","has-post-thumbnail","hentry"],"yoast_head":"<!-- This site is optimized with the Yoast SEO plugin v23.7 - https:\/\/yoast.com\/wordpress\/plugins\/seo\/ -->\n<title>Prix et r\u00e9servations - Agriturismo nel Montefeltro, Marche<\/title>\n<meta name=\"description\" content=\"Prix et r\u00e9servations - Agriturismo nel Montefeltro, provincia di Pesaro Urbino, nelle Marche\" \/>\n<meta name=\"robots\" content=\"index, follow, max-snippet:-1, max-image-preview:large, max-video-preview:-1\" \/>\n<link rel=\"canonical\" href=\"https:\/\/www.lavalledimenticata.it\/fr\/prix-et-reservations\/\" \/>\n<meta property=\"og:locale\" content=\"fr_FR\" \/>\n<meta property=\"og:type\" content=\"article\" \/>\n<meta property=\"og:title\" content=\"Prix et r\u00e9servations - Agriturismo nel Montefeltro, Marche\" \/>\n<meta property=\"og:description\" content=\"Prix et r\u00e9servations - Agriturismo nel Montefeltro, provincia di Pesaro Urbino, nelle Marche\" \/>\n<meta property=\"og:url\" content=\"https:\/\/www.lavalledimenticata.it\/fr\/prix-et-reservations\/\" \/>\n<meta property=\"og:site_name\" content=\"Agriturismo La Valle Dimenticata\" \/>\n<meta property=\"article:modified_time\" content=\"2024-01-06T16:29:54+00:00\" \/>\n<meta property=\"og:image\" content=\"https:\/\/www.lavalledimenticata.it\/wp-content\/uploads\/2014\/04\/img_guestbook.png\" \/>\n\t<meta property=\"og:image:width\" content=\"435\" \/>\n\t<meta property=\"og:image:height\" content=\"271\" \/>\n\t<meta property=\"og:image:type\" content=\"image\/png\" \/>\n<meta name=\"twitter:label1\" content=\"Dur\u00e9e de lecture estim\u00e9e\" \/>\n\t<meta name=\"twitter:data1\" content=\"2 minutes\" \/>\n<script type=\"application\/ld+json\" class=\"yoast-schema-graph\">{\"@context\":\"https:\/\/schema.org\",\"@graph\":[{\"@type\":\"WebPage\",\"@id\":\"https:\/\/www.lavalledimenticata.it\/fr\/prix-et-reservations\/\",\"url\":\"https:\/\/www.lavalledimenticata.it\/fr\/prix-et-reservations\/\",\"name\":\"Prix et r\u00e9servations - Agriturismo nel Montefeltro, Marche\",\"isPartOf\":{\"@id\":\"https:\/\/www.lavalledimenticata.it\/#website\"},\"primaryImageOfPage\":{\"@id\":\"https:\/\/www.lavalledimenticata.it\/fr\/prix-et-reservations\/#primaryimage\"},\"image\":{\"@id\":\"https:\/\/www.lavalledimenticata.it\/fr\/prix-et-reservations\/#primaryimage\"},\"thumbnailUrl\":\"https:\/\/www.lavalledimenticata.it\/wp-content\/uploads\/2014\/04\/img_guestbook.png\",\"datePublished\":\"2013-03-05T16:36:44+00:00\",\"dateModified\":\"2024-01-06T16:29:54+00:00\",\"description\":\"Prix et r\u00e9servations - Agriturismo nel Montefeltro, provincia di Pesaro Urbino, nelle Marche\",\"breadcrumb\":{\"@id\":\"https:\/\/www.lavalledimenticata.it\/fr\/prix-et-reservations\/#breadcrumb\"},\"inLanguage\":\"fr-FR\",\"potentialAction\":[{\"@type\":\"ReadAction\",\"target\":[\"https:\/\/www.lavalledimenticata.it\/fr\/prix-et-reservations\/\"]}]},{\"@type\":\"ImageObject\",\"inLanguage\":\"fr-FR\",\"@id\":\"https:\/\/www.lavalledimenticata.it\/fr\/prix-et-reservations\/#primaryimage\",\"url\":\"https:\/\/www.lavalledimenticata.it\/wp-content\/uploads\/2014\/04\/img_guestbook.png\",\"contentUrl\":\"https:\/\/www.lavalledimenticata.it\/wp-content\/uploads\/2014\/04\/img_guestbook.png\",\"width\":435,\"height\":271},{\"@type\":\"BreadcrumbList\",\"@id\":\"https:\/\/www.lavalledimenticata.it\/fr\/prix-et-reservations\/#breadcrumb\",\"itemListElement\":[{\"@type\":\"ListItem\",\"position\":1,\"name\":\"Home\",\"item\":\"https:\/\/www.lavalledimenticata.it\/\"},{\"@type\":\"ListItem\",\"position\":2,\"name\":\"Prix et r\u00e9servations\"}]},{\"@type\":\"WebSite\",\"@id\":\"https:\/\/www.lavalledimenticata.it\/#website\",\"url\":\"https:\/\/www.lavalledimenticata.it\/\",\"name\":\"Agriturismo La Valle Dimenticata\",\"description\":\"\",\"potentialAction\":[{\"@type\":\"SearchAction\",\"target\":{\"@type\":\"EntryPoint\",\"urlTemplate\":\"https:\/\/www.lavalledimenticata.it\/?s={search_term_string}\"},\"query-input\":{\"@type\":\"PropertyValueSpecification\",\"valueRequired\":true,\"valueName\":\"search_term_string\"}}],\"inLanguage\":\"fr-FR\"}]}<\/script>\n<!-- \/ Yoast SEO plugin. -->","yoast_head_json":{"title":"Prix et r\u00e9servations - Agriturismo nel Montefeltro, Marche","description":"Prix et r\u00e9servations - Agriturismo nel Montefeltro, provincia di Pesaro Urbino, nelle Marche","robots":{"index":"index","follow":"follow","max-snippet":"max-snippet:-1","max-image-preview":"max-image-preview:large","max-video-preview":"max-video-preview:-1"},"canonical":"https:\/\/www.lavalledimenticata.it\/fr\/prix-et-reservations\/","og_locale":"fr_FR","og_type":"article","og_title":"Prix et r\u00e9servations - Agriturismo nel Montefeltro, Marche","og_description":"Prix et r\u00e9servations - Agriturismo nel Montefeltro, provincia di Pesaro Urbino, nelle Marche","og_url":"https:\/\/www.lavalledimenticata.it\/fr\/prix-et-reservations\/","og_site_name":"Agriturismo La Valle Dimenticata","article_modified_time":"2024-01-06T16:29:54+00:00","og_image":[{"width":435,"height":271,"url":"https:\/\/www.lavalledimenticata.it\/wp-content\/uploads\/2014\/04\/img_guestbook.png","type":"image\/png"}],"twitter_misc":{"Dur\u00e9e de lecture estim\u00e9e":"2 minutes"},"schema":{"@context":"https:\/\/schema.org","@graph":[{"@type":"WebPage","@id":"https:\/\/www.lavalledimenticata.it\/fr\/prix-et-reservations\/","url":"https:\/\/www.lavalledimenticata.it\/fr\/prix-et-reservations\/","name":"Prix et r\u00e9servations - Agriturismo nel Montefeltro, Marche","isPartOf":{"@id":"https:\/\/www.lavalledimenticata.it\/#website"},"primaryImageOfPage":{"@id":"https:\/\/www.lavalledimenticata.it\/fr\/prix-et-reservations\/#primaryimage"},"image":{"@id":"https:\/\/www.lavalledimenticata.it\/fr\/prix-et-reservations\/#primaryimage"},"thumbnailUrl":"https:\/\/www.lavalledimenticata.it\/wp-content\/uploads\/2014\/04\/img_guestbook.png","datePublished":"2013-03-05T16:36:44+00:00","dateModified":"2024-01-06T16:29:54+00:00","description":"Prix et r\u00e9servations - Agriturismo nel Montefeltro, provincia di Pesaro Urbino, nelle Marche","breadcrumb":{"@id":"https:\/\/www.lavalledimenticata.it\/fr\/prix-et-reservations\/#breadcrumb"},"inLanguage":"fr-FR","potentialAction":[{"@type":"ReadAction","target":["https:\/\/www.lavalledimenticata.it\/fr\/prix-et-reservations\/"]}]},{"@type":"ImageObject","inLanguage":"fr-FR","@id":"https:\/\/www.lavalledimenticata.it\/fr\/prix-et-reservations\/#primaryimage","url":"https:\/\/www.lavalledimenticata.it\/wp-content\/uploads\/2014\/04\/img_guestbook.png","contentUrl":"https:\/\/www.lavalledimenticata.it\/wp-content\/uploads\/2014\/04\/img_guestbook.png","width":435,"height":271},{"@type":"BreadcrumbList","@id":"https:\/\/www.lavalledimenticata.it\/fr\/prix-et-reservations\/#breadcrumb","itemListElement":[{"@type":"ListItem","position":1,"name":"Home","item":"https:\/\/www.lavalledimenticata.it\/"},{"@type":"ListItem","position":2,"name":"Prix et r\u00e9servations"}]},{"@type":"WebSite","@id":"https:\/\/www.lavalledimenticata.it\/#website","url":"https:\/\/www.lavalledimenticata.it\/","name":"Agriturismo La Valle Dimenticata","description":"","potentialAction":[{"@type":"SearchAction","target":{"@type":"EntryPoint","urlTemplate":"https:\/\/www.lavalledimenticata.it\/?s={search_term_string}"},"query-input":{"@type":"PropertyValueSpecification","valueRequired":true,"valueName":"search_term_string"}}],"inLanguage":"fr-FR"}]}},"_links":{"self":[{"href":"https:\/\/www.lavalledimenticata.it\/fr\/wp-json\/wp\/v2\/pages\/991"}],"collection":[{"href":"https:\/\/www.lavalledimenticata.it\/fr\/wp-json\/wp\/v2\/pages"}],"about":[{"href":"https:\/\/www.lavalledimenticata.it\/fr\/wp-json\/wp\/v2\/types\/page"}],"author":[{"embeddable":true,"href":"https:\/\/www.lavalledimenticata.it\/fr\/wp-json\/wp\/v2\/users\/4"}],"replies":[{"embeddable":true,"href":"https:\/\/www.lavalledimenticata.it\/fr\/wp-json\/wp\/v2\/comments?post=991"}],"version-history":[{"count":49,"href":"https:\/\/www.lavalledimenticata.it\/fr\/wp-json\/wp\/v2\/pages\/991\/revisions"}],"predecessor-version":[{"id":4488,"href":"https:\/\/www.lavalledimenticata.it\/fr\/wp-json\/wp\/v2\/pages\/991\/revisions\/4488"}],"wp:featuredmedia":[{"embeddable":true,"href":"https:\/\/www.lavalledimenticata.it\/fr\/wp-json\/wp\/v2\/media\/1736"}],"wp:attachment":[{"href":"https:\/\/www.lavalledimenticata.it\/fr\/wp-json\/wp\/v2\/media?parent=991"}],"curies":[{"name":"wp","href":"https:\/\/api.w.org\/{rel}","templated":true}]}}